{"id":79015,"date":"2023-08-05T11:28:57","date_gmt":"2023-08-05T10:28:57","guid":{"rendered":"https:\/\/whisky.ad\/product\/ron-cristobal-nina-12yo-0-7l-40\/"},"modified":"2024-01-06T18:15:30","modified_gmt":"2024-01-06T17:15:30","slug":"ron-cristobal-nina-12yo-0-7l-40","status":"publish","type":"product","link":"https:\/\/whisky.ad\/es\/producto\/ron-cristobal-nina-12yo-0-7l-40\/","title":{"rendered":"Ron Cristobal Ni\u00f1a 12Yo Dominican Rum 0.7l 40%"},"content":{"rendered":"","protected":false},"excerpt":{"rendered":"<div class=\"flex flex-grow flex-col gap-3\">\n<div class=\"min-h-[20px] flex flex-col items-start gap-3 overflow-x-auto whitespace-pre-wrap break-words\">\n<div class=\"markdown prose w-full break-words dark:prose-invert light\">\n<p>Ron Crist\u00f3bal Ni\u00f1a es un excepcional ron premium originario de la Rep\u00fablica Dominicana, donde se elabora meticulosamente con el m\u00e1ximo cuidado y dedicaci\u00f3n. Bautizado con el nombre de &#8220;La Ni\u00f1a&#8221;, el buque insignia de Crist\u00f3bal Col\u00f3n, este ron rinde homenaje al esp\u00edritu de exploraci\u00f3n y descubrimiento. Nota de cata: El Ron Crist\u00f3bal Ni\u00f1a saluda a los sentidos con un aroma rico y acogedor de frutas tropicales, incluyendo pl\u00e1tanos maduros y pi\u00f1as jugosas, infundido con toques de vainilla y roble tostado. El primer sorbo revela una textura suave y aterciopelada que envuelve el paladar, ofreciendo una fusi\u00f3n equilibrada de sabores. Se percibe una deliciosa interacci\u00f3n de caramelo, toffee y az\u00facar moreno, complementada por la calidez de especias ex\u00f3ticas como la canela y la nuez moscada. A medida que el viaje contin\u00faa, la complejidad del ron se despliega con un toque de miel y una sutil nota de tabaco. El final es largo y satisfactorio, dejando un regusto persistente y elegante, dulce y especiado a la vez. Ron Crist\u00f3bal Ni\u00f1a es un producto artesanal, elaborado con la mejor ca\u00f1a de az\u00facar y envejecido en barricas de roble para desarrollar todo su potencial. Su equilibrio perfecto entre dulzor y profundidad lo hace ideal para tomarlo solo o con unos cubitos de hielo, lo que permite apreciar plenamente las complejidades de su perfil de sabor. Con su sabor cautivador y su nombre evocador, Ron Crist\u00f3bal Ni\u00f1a captura el esp\u00edritu de exploraci\u00f3n y celebraci\u00f3n, invit\u00e1ndole a embarcarse en su propio viaje de descubrimiento con cada sorbo. Tanto si es un avezado entusiasta del ron como un aspirante a conocedor, este ron dominicano de primera calidad le dejar\u00e1 una impresi\u00f3n duradera de indulgencia y aprecio por el arte de hacer ron. <\/p>\n<\/div>\n<\/div>\n<\/div>\n","protected":false},"featured_media":77042,"comment_status":"open","ping_status":"closed","template":"","meta":{"_acf_changed":false},"product_brand":[],"product_cat":[366,401],"product_tag":[],"class_list":{"0":"post-79015","1":"product","2":"type-product","3":"status-publish","4":"has-post-thumbnail","6":"product_cat-ron","7":"product_cat-republica-dominicana","9":"first","10":"instock","11":"taxable","12":"shipping-taxable","13":"purchasable","14":"product-type-simple"},"acf":[],"aioseo_notices":[],"jetpack_sharing_enabled":true,"_links":{"self":[{"href":"https:\/\/whisky.ad\/es\/wp-json\/wp\/v2\/product\/79015","targetHints":{"allow":["GET"]}}],"collection":[{"href":"https:\/\/whisky.ad\/es\/wp-json\/wp\/v2\/product"}],"about":[{"href":"https:\/\/whisky.ad\/es\/wp-json\/wp\/v2\/types\/product"}],"replies":[{"embeddable":true,"href":"https:\/\/whisky.ad\/es\/wp-json\/wp\/v2\/comments?post=79015"}],"wp:featuredmedia":[{"embeddable":true,"href":"https:\/\/whisky.ad\/es\/wp-json\/wp\/v2\/media\/77042"}],"wp:attachment":[{"href":"https:\/\/whisky.ad\/es\/wp-json\/wp\/v2\/media?parent=79015"}],"wp:term":[{"taxonomy":"product_brand","embeddable":true,"href":"https:\/\/whisky.ad\/es\/wp-json\/wp\/v2\/product_brand?post=79015"},{"taxonomy":"product_cat","embeddable":true,"href":"https:\/\/whisky.ad\/es\/wp-json\/wp\/v2\/product_cat?post=79015"},{"taxonomy":"product_tag","embeddable":true,"href":"https:\/\/whisky.ad\/es\/wp-json\/wp\/v2\/product_tag?post=79015"}],"curies":[{"name":"wp","href":"https:\/\/api.w.org\/{rel}","templated":true}]}}