{"id":79012,"date":"2023-08-23T18:14:25","date_gmt":"2023-08-23T17:14:25","guid":{"rendered":"https:\/\/whisky.ad\/product\/rammstein-rum-ltd-edition-46-0-7l\/"},"modified":"2023-08-23T18:14:25","modified_gmt":"2023-08-23T17:14:25","slug":"rammstein-rum-ltd-edition-46-0-7l","status":"publish","type":"product","link":"https:\/\/whisky.ad\/es\/producto\/rammstein-rum-ltd-edition-46-0-7l\/","title":{"rendered":"Rammstein Rum Ltd Edition 46% 0.7L"},"content":{"rendered":"","protected":false},"excerpt":{"rendered":"<p>RAMMSTEIN RUM LIMITED EDITION PORT CASK FINISH El Rammstein Rum Limited Edition Port Cask Finish es una exclusiva mezcla de rones a\u00f1ejados en climas tropicales durante m\u00e1s de doce a\u00f1os. Esta excepcional edici\u00f3n limitada ha sido sometida a once meses adicionales de maduraci\u00f3n en barricas que anta\u00f1o albergaron vino de Oporto. El resultado es un ron exquisitamente equilibrado que exhibe sutiles toques de opulentas frutas rojas, chocolate intenso y una pizca de tabaco, todo ello infundido por la rica esencia de las barricas de vino de Oporto. Esta edici\u00f3n est\u00e1 estrictamente limitada a 9.378 botellas. UN RON DE PROPORCIONES LEGENDARIAS. Surgidos del coraz\u00f3n de Berl\u00edn Este en 1994, Rammstein se ha convertido en una banda de fama internacional, que acumula un asombroso r\u00e9cord de ventas de siete d\u00edgitos en \u00e1lbumes y DVD. A lo largo de dos d\u00e9cadas, este grupo de m\u00fasicos ha conseguido dos nominaciones a los Grammy, ha sido cabeza de cartel en los festivales de m\u00fasica m\u00e1s prestigiosos y ha llenado estadios de todo el mundo. Con su formaci\u00f3n original intacta, la inigualable presencia esc\u00e9nica de Rammstein se deriva de una actuaci\u00f3n en directo sin parang\u00f3n: una intensa \u00f3pera rock que es a la vez dram\u00e1tica, espectacular y grandiosa en su magnitud. Una saga inquietantemente bella, llena de controversia y del penetrante aroma de la gasolina. Presentamos el ron Rammstein, una armoniosa fusi\u00f3n de rones alambique jamaicanos y guyaneses, junto con ron alambique de columna de Trinidad. Reconocidos entre los maestros mezcladores y los entendidos, los perfiles pesados y arom\u00e1ticos de los rones jamaicano y guyan\u00e9s se complementan ingeniosamente con el car\u00e1cter sofisticado de su hom\u00f3logo trinitense. Esta expresi\u00f3n de edici\u00f3n limitada ha madurado en barricas de ex-Bourbon durante doce a\u00f1os, culminando con un acabado en barricas de ex-vino de Oporto. Perfil de cata Aspecto: Profundos matices de caoba que cautivan la vista. Nariz: Exquisitos aromas de deliciosas frutas rojas, como cerezas, ciruelas y moras, que se entremezclan con una sutil esencia de roble. Boca: Una melod\u00eda de frutosidad y suavidad se despliega, desvelando intrincadas capas de chocolate negro, tabaco a\u00f1ejo y el reconfortante abrazo del roble.<\/p>\n","protected":false},"featured_media":77129,"comment_status":"open","ping_status":"closed","template":"","meta":{"_acf_changed":false},"product_brand":[],"product_cat":[366,384,403,407],"product_tag":[],"class_list":{"0":"post-79012","1":"product","2":"type-product","3":"status-publish","4":"has-post-thumbnail","6":"product_cat-ron","7":"product_cat-jamaica-es","8":"product_cat-blend-es","9":"product_cat-guayana","11":"first","12":"outofstock","13":"taxable","14":"shipping-taxable","15":"product-type-simple"},"acf":[],"aioseo_notices":[],"jetpack_sharing_enabled":true,"_links":{"self":[{"href":"https:\/\/whisky.ad\/es\/wp-json\/wp\/v2\/product\/79012","targetHints":{"allow":["GET"]}}],"collection":[{"href":"https:\/\/whisky.ad\/es\/wp-json\/wp\/v2\/product"}],"about":[{"href":"https:\/\/whisky.ad\/es\/wp-json\/wp\/v2\/types\/product"}],"replies":[{"embeddable":true,"href":"https:\/\/whisky.ad\/es\/wp-json\/wp\/v2\/comments?post=79012"}],"wp:featuredmedia":[{"embeddable":true,"href":"https:\/\/whisky.ad\/es\/wp-json\/wp\/v2\/media\/77129"}],"wp:attachment":[{"href":"https:\/\/whisky.ad\/es\/wp-json\/wp\/v2\/media?parent=79012"}],"wp:term":[{"taxonomy":"product_brand","embeddable":true,"href":"https:\/\/whisky.ad\/es\/wp-json\/wp\/v2\/product_brand?post=79012"},{"taxonomy":"product_cat","embeddable":true,"href":"https:\/\/whisky.ad\/es\/wp-json\/wp\/v2\/product_cat?post=79012"},{"taxonomy":"product_tag","embeddable":true,"href":"https:\/\/whisky.ad\/es\/wp-json\/wp\/v2\/product_tag?post=79012"}],"curies":[{"name":"wp","href":"https:\/\/api.w.org\/{rel}","templated":true}]}}