{"id":79009,"date":"2023-11-17T16:59:19","date_gmt":"2023-11-17T15:59:19","guid":{"rendered":"https:\/\/whisky.ad\/product\/rammstein-10-yo-irish-whisky-07l-43\/"},"modified":"2023-11-17T16:59:19","modified_gmt":"2023-11-17T15:59:19","slug":"rammstein-10-yo-irish-whisky-07l-43","status":"publish","type":"product","link":"https:\/\/whisky.ad\/es\/producto\/rammstein-10-yo-irish-whisky-07l-43\/","title":{"rendered":"Rammstein 10 YO Irish Whisky 0,7l 43%"},"content":{"rendered":"","protected":false},"excerpt":{"rendered":"<p>Destilado y envejecido en Irlanda, el whisky Rammstein es una mezcla de grano de triple destilaci\u00f3n y malta de doble destilaci\u00f3n. Envejecido durante 10 a\u00f1os en antiguas barricas de Bourbon y acabado durante un m\u00ednimo de 6 meses en antiguas barricas de Jerez. Con una delicada nariz afrutada y un suave sabor a especias y vainilla.  <\/p>\n","protected":false},"featured_media":77678,"comment_status":"open","ping_status":"closed","template":"","meta":{"_acf_changed":false},"product_brand":[],"product_cat":[354,476,501],"product_tag":[],"class_list":{"0":"post-79009","1":"product","2":"type-product","3":"status-publish","4":"has-post-thumbnail","6":"product_cat-whisky-by-brand","7":"product_cat-rammstein-es","8":"product_cat-ireland-es","10":"first","11":"instock","12":"purchasable","13":"product-type-simple"},"acf":[],"aioseo_notices":[],"jetpack_sharing_enabled":true,"_links":{"self":[{"href":"https:\/\/whisky.ad\/es\/wp-json\/wp\/v2\/product\/79009","targetHints":{"allow":["GET"]}}],"collection":[{"href":"https:\/\/whisky.ad\/es\/wp-json\/wp\/v2\/product"}],"about":[{"href":"https:\/\/whisky.ad\/es\/wp-json\/wp\/v2\/types\/product"}],"replies":[{"embeddable":true,"href":"https:\/\/whisky.ad\/es\/wp-json\/wp\/v2\/comments?post=79009"}],"wp:featuredmedia":[{"embeddable":true,"href":"https:\/\/whisky.ad\/es\/wp-json\/wp\/v2\/media\/77678"}],"wp:attachment":[{"href":"https:\/\/whisky.ad\/es\/wp-json\/wp\/v2\/media?parent=79009"}],"wp:term":[{"taxonomy":"product_brand","embeddable":true,"href":"https:\/\/whisky.ad\/es\/wp-json\/wp\/v2\/product_brand?post=79009"},{"taxonomy":"product_cat","embeddable":true,"href":"https:\/\/whisky.ad\/es\/wp-json\/wp\/v2\/product_cat?post=79009"},{"taxonomy":"product_tag","embeddable":true,"href":"https:\/\/whisky.ad\/es\/wp-json\/wp\/v2\/product_tag?post=79009"}],"curies":[{"name":"wp","href":"https:\/\/api.w.org\/{rel}","templated":true}]}}