{"id":79006,"date":"2023-07-23T17:28:19","date_gmt":"2023-07-23T16:28:19","guid":{"rendered":"https:\/\/whisky.ad\/product\/port-ellen-33-yo\/"},"modified":"2023-07-23T17:28:19","modified_gmt":"2023-07-23T16:28:19","slug":"port-ellen-33-yo","status":"publish","type":"product","link":"https:\/\/whisky.ad\/es\/producto\/port-ellen-33-yo\/","title":{"rendered":"Port Ellen 33 YO"},"content":{"rendered":"","protected":false},"excerpt":{"rendered":"<p><strong>Islay Single Malt Scotch Whisky, Hunter Laing 70cl \/ 58,3%<\/strong><\/p>\n<p>Uno de los embotellados m\u00e1s raros de esta venerada destiler\u00eda, ahora cerrada, cuyos lanzamientos son ya relativamente escasos. De la \u00fanica barrica ex-sherry s\u00f3lo salieron 108 botellas. Este whisky en particular se destil\u00f3 en septiembre de 1982, envejeci\u00f3 durante 33 a\u00f1os y se embotell\u00f3 a la graduaci\u00f3n de barrica (sin diluir) en octubre de 2015.  <\/p>\n","protected":false},"featured_media":76391,"comment_status":"open","ping_status":"closed","template":"","meta":{"_acf_changed":false},"product_brand":[],"product_cat":[319,339,354,473],"product_tag":[],"class_list":{"0":"post-79006","1":"product","2":"type-product","3":"status-publish","4":"has-post-thumbnail","6":"product_cat-escocia-es","7":"product_cat-raro-y-coleccionable","8":"product_cat-whisky-by-brand","9":"product_cat-port-ellen-es","11":"first","12":"instock","13":"taxable","14":"shipping-taxable","15":"product-type-simple"},"acf":[],"aioseo_notices":[],"jetpack_sharing_enabled":true,"_links":{"self":[{"href":"https:\/\/whisky.ad\/es\/wp-json\/wp\/v2\/product\/79006","targetHints":{"allow":["GET"]}}],"collection":[{"href":"https:\/\/whisky.ad\/es\/wp-json\/wp\/v2\/product"}],"about":[{"href":"https:\/\/whisky.ad\/es\/wp-json\/wp\/v2\/types\/product"}],"replies":[{"embeddable":true,"href":"https:\/\/whisky.ad\/es\/wp-json\/wp\/v2\/comments?post=79006"}],"wp:featuredmedia":[{"embeddable":true,"href":"https:\/\/whisky.ad\/es\/wp-json\/wp\/v2\/media\/76391"}],"wp:attachment":[{"href":"https:\/\/whisky.ad\/es\/wp-json\/wp\/v2\/media?parent=79006"}],"wp:term":[{"taxonomy":"product_brand","embeddable":true,"href":"https:\/\/whisky.ad\/es\/wp-json\/wp\/v2\/product_brand?post=79006"},{"taxonomy":"product_cat","embeddable":true,"href":"https:\/\/whisky.ad\/es\/wp-json\/wp\/v2\/product_cat?post=79006"},{"taxonomy":"product_tag","embeddable":true,"href":"https:\/\/whisky.ad\/es\/wp-json\/wp\/v2\/product_tag?post=79006"}],"curies":[{"name":"wp","href":"https:\/\/api.w.org\/{rel}","templated":true}]}}