{"id":79001,"date":"2023-08-28T14:15:06","date_gmt":"2023-08-28T13:15:06","guid":{"rendered":"https:\/\/whisky.ad\/product\/peychauds-bitter-296ml-35\/"},"modified":"2023-08-28T14:15:06","modified_gmt":"2023-08-28T13:15:06","slug":"peychauds-bitter-296ml-35","status":"publish","type":"product","link":"https:\/\/whisky.ad\/es\/producto\/peychauds-bitter-296ml-35\/","title":{"rendered":"Peychaud\u00b4s Bitter 296ml. 35%"},"content":{"rendered":"","protected":false},"excerpt":{"rendered":"<p>Antoine Am\u00e9d\u00e9e Peychaud, que lleg\u00f3 a Nueva Orleans procedente de la antigua colonia francesa de San Domingo (actual Hait\u00ed), se estableci\u00f3 en 1832 como propietario de una botica situada en el coraz\u00f3n del Barrio Franc\u00e9s. All\u00ed elabor\u00f3 con maestr\u00eda sus famosos amargos. Estos amargos serv\u00edan de complemento vigorizante a los elixires que adornaban las estanter\u00edas de su farmacia. Con el tiempo, la popularidad de los amargos de Peychaud creci\u00f3 exponencialmente, convirti\u00e9ndose en un producto muy apreciado. Este legado perdura, ya que el m\u00e9todo de Peychaud, que consiste en infusionar bebidas espirituosas destiladas con una serie de ingredientes bot\u00e1nicos, sigue siendo relevante en la actualidad. El amargo de Peychaud desempe\u00f1a un papel fundamental como elemento b\u00e1sico del c\u00f3ctel oficial Sazerac y es una piedra angular indispensable en cualquier bar refinado.   <\/p>\n","protected":false},"featured_media":77297,"comment_status":"open","ping_status":"closed","template":"","meta":{"_acf_changed":false},"product_brand":[],"product_cat":[345,413],"product_tag":[],"class_list":{"0":"post-79001","1":"product","2":"type-product","3":"status-publish","4":"has-post-thumbnail","6":"product_cat-bebidas-acoholicas-es","7":"product_cat-bitter-es","9":"first","10":"outofstock","11":"taxable","12":"shipping-taxable","13":"product-type-simple"},"acf":[],"aioseo_notices":[],"jetpack_sharing_enabled":true,"_links":{"self":[{"href":"https:\/\/whisky.ad\/es\/wp-json\/wp\/v2\/product\/79001","targetHints":{"allow":["GET"]}}],"collection":[{"href":"https:\/\/whisky.ad\/es\/wp-json\/wp\/v2\/product"}],"about":[{"href":"https:\/\/whisky.ad\/es\/wp-json\/wp\/v2\/types\/product"}],"replies":[{"embeddable":true,"href":"https:\/\/whisky.ad\/es\/wp-json\/wp\/v2\/comments?post=79001"}],"wp:featuredmedia":[{"embeddable":true,"href":"https:\/\/whisky.ad\/es\/wp-json\/wp\/v2\/media\/77297"}],"wp:attachment":[{"href":"https:\/\/whisky.ad\/es\/wp-json\/wp\/v2\/media?parent=79001"}],"wp:term":[{"taxonomy":"product_brand","embeddable":true,"href":"https:\/\/whisky.ad\/es\/wp-json\/wp\/v2\/product_brand?post=79001"},{"taxonomy":"product_cat","embeddable":true,"href":"https:\/\/whisky.ad\/es\/wp-json\/wp\/v2\/product_cat?post=79001"},{"taxonomy":"product_tag","embeddable":true,"href":"https:\/\/whisky.ad\/es\/wp-json\/wp\/v2\/product_tag?post=79001"}],"curies":[{"name":"wp","href":"https:\/\/api.w.org\/{rel}","templated":true}]}}