{"id":78998,"date":"2023-08-28T15:13:33","date_gmt":"2023-08-28T14:13:33","guid":{"rendered":"https:\/\/whisky.ad\/product\/paul-john-pedro-ximenez-single-malt-48-0-7l\/"},"modified":"2024-01-06T13:47:56","modified_gmt":"2024-01-06T12:47:56","slug":"paul-john-pedro-ximenez-single-malt-48-0-7l","status":"publish","type":"product","link":"https:\/\/whisky.ad\/es\/producto\/paul-john-pedro-ximenez-single-malt-48-0-7l\/","title":{"rendered":"Paul John Pedro Ximenez Single Malt 48% 0.7l"},"content":{"rendered":"","protected":false},"excerpt":{"rendered":"<p>PAUL JOHN PEDRO XIM\u00c9NEZ INDIAN SINGLE MALT WHISKY #PaulJohnPX Alcohol por volumen: 48% Surgido de las soleadas costas de Goa, este extraordinario single malt indio, adornado con profundas tonalidades cobrizas, ostenta intrincadas fragancias de higo y albaricoque, adornadas con una sugerencia \u00fanica de pl\u00e1tano. El paladar presenta un abanico de sabores profundos que incluyen cebada dulce acompa\u00f1ada de aterciopelado caramelo de mantequilla, frutos secos y una opulenta esencia de pastel de Navidad. La culminaci\u00f3n es un final prolongado y exquisito, caracterizado por un indulgente dulce de chocolate, delicada ralladura de naranja y sutiles notas de frutos secos ex\u00f3ticos empapados en vino. La esencia del Paul John PX est\u00e1 profundamente moldeada por su homenaje al famoso jerez de postre espa\u00f1ol, intensamente dulce y oscuro, que ha sido sometido a un espl\u00e9ndido refinamiento en barricas de Pedro Xim\u00e9nez meticulosamente seleccionadas. Aroma: Higo y albaricoque con un toque de pl\u00e1tano. Sabor: Una sinfon\u00eda de cebada dulce entrelazada con aterciopelado caramelo de mantequilla, frutos secos y la riqueza del pastel de Navidad. Final: Prolongado y refinado, con la opulencia del dulce de chocolate, la esencia de la piel de naranja y la intriga de los frutos secos ex\u00f3ticos infusionados con vino. Armon\u00eda: Resonando con la dulzura propia de un robusto jerez de postre espa\u00f1ol, elegantemente refinado a trav\u00e9s de su exquisita maduraci\u00f3n en barricas de Pedro Xim\u00e9nez cuidadosamente seleccionadas. Color: Cobre profundo.<\/p>\n","protected":false},"featured_media":77339,"comment_status":"open","ping_status":"closed","template":"","meta":{"_acf_changed":false},"product_brand":[],"product_cat":[470,529],"product_tag":[],"class_list":{"0":"post-78998","1":"product","2":"type-product","3":"status-publish","4":"has-post-thumbnail","6":"product_cat-paul-john-es","7":"product_cat-india-es","9":"first","10":"instock","11":"taxable","12":"shipping-taxable","13":"purchasable","14":"product-type-simple"},"acf":[],"aioseo_notices":[],"jetpack_sharing_enabled":true,"_links":{"self":[{"href":"https:\/\/whisky.ad\/es\/wp-json\/wp\/v2\/product\/78998","targetHints":{"allow":["GET"]}}],"collection":[{"href":"https:\/\/whisky.ad\/es\/wp-json\/wp\/v2\/product"}],"about":[{"href":"https:\/\/whisky.ad\/es\/wp-json\/wp\/v2\/types\/product"}],"replies":[{"embeddable":true,"href":"https:\/\/whisky.ad\/es\/wp-json\/wp\/v2\/comments?post=78998"}],"wp:featuredmedia":[{"embeddable":true,"href":"https:\/\/whisky.ad\/es\/wp-json\/wp\/v2\/media\/77339"}],"wp:attachment":[{"href":"https:\/\/whisky.ad\/es\/wp-json\/wp\/v2\/media?parent=78998"}],"wp:term":[{"taxonomy":"product_brand","embeddable":true,"href":"https:\/\/whisky.ad\/es\/wp-json\/wp\/v2\/product_brand?post=78998"},{"taxonomy":"product_cat","embeddable":true,"href":"https:\/\/whisky.ad\/es\/wp-json\/wp\/v2\/product_cat?post=78998"},{"taxonomy":"product_tag","embeddable":true,"href":"https:\/\/whisky.ad\/es\/wp-json\/wp\/v2\/product_tag?post=78998"}],"curies":[{"name":"wp","href":"https:\/\/api.w.org\/{rel}","templated":true}]}}