{"id":78993,"date":"2023-08-28T15:15:17","date_gmt":"2023-08-28T14:15:17","guid":{"rendered":"https:\/\/whisky.ad\/product\/paul-john-oloroso-select-cask-48-0-7l\/"},"modified":"2024-01-06T13:42:25","modified_gmt":"2024-01-06T12:42:25","slug":"paul-john-oloroso-select-cask-48-0-7l","status":"publish","type":"product","link":"https:\/\/whisky.ad\/es\/producto\/paul-john-oloroso-select-cask-48-0-7l\/","title":{"rendered":"Paul John Oloroso Select Cask 48% 0.7l"},"content":{"rendered":"","protected":false},"excerpt":{"rendered":"<p>PAUL JOHN OLOROSO SELECT CASK INDIAN SINGLE MALT WHISKY #PaulJohnOlorosoSelectCask Alcohol por volumen: 48% El Oloroso Select Cask, un distintivo whisky indio de malta procedente de las soleadas costas de Goa, es un fascinante estallido de sabores extraordinarios. Esta excepcional variante, de profundos tonos caoba, despliega un mosaico arom\u00e1tico de esencias influenciadas por el jerez, mostrando matices de melocot\u00f3n y albaricoque acompa\u00f1ados de sutiles toques de melaza y naranja sanguina. Meticulosamente refinado en barricas de Oloroso, su paladar aterciopelado se adorna con una armoniosa mezcla de chocolate con nueces y la riqueza del pastel Melton Hunt. El prolongado final resuena con intensidad y dulzura, resultado de la profunda infusi\u00f3n de robustas especias de las barricas de Oloroso, intrincadamente entrelazadas con matices de caf\u00e9 moca y lujoso chocolate negro. Aroma: Emanan notas de melocot\u00f3n, albaricoque, junto con delicadas trazas de melaza y naranja sanguina. Sabor: Un perfil suave y dulce con matices de chocolate con nueces y la opulencia del pastel Melton Hunt. Final: Duradero, potente y dulce, enriquecido por la exquisita influencia de las robustas especias de la barrica de Oloroso, complementado con un toque de caf\u00e9 moca y suntuoso chocolate negro. Armon\u00eda: Un single malt intrincado e intenso, que despliega una explosiva gama de sensacionales sabores. Color: Caoba profundo.<\/p>\n","protected":false},"featured_media":77342,"comment_status":"open","ping_status":"closed","template":"","meta":{"_acf_changed":false},"product_brand":[],"product_cat":[529,470],"product_tag":[],"class_list":{"0":"post-78993","1":"product","2":"type-product","3":"status-publish","4":"has-post-thumbnail","6":"product_cat-india-es","7":"product_cat-paul-john-es","9":"first","10":"instock","11":"taxable","12":"shipping-taxable","13":"purchasable","14":"product-type-simple"},"acf":[],"aioseo_notices":[],"jetpack_sharing_enabled":true,"_links":{"self":[{"href":"https:\/\/whisky.ad\/es\/wp-json\/wp\/v2\/product\/78993","targetHints":{"allow":["GET"]}}],"collection":[{"href":"https:\/\/whisky.ad\/es\/wp-json\/wp\/v2\/product"}],"about":[{"href":"https:\/\/whisky.ad\/es\/wp-json\/wp\/v2\/types\/product"}],"replies":[{"embeddable":true,"href":"https:\/\/whisky.ad\/es\/wp-json\/wp\/v2\/comments?post=78993"}],"wp:featuredmedia":[{"embeddable":true,"href":"https:\/\/whisky.ad\/es\/wp-json\/wp\/v2\/media\/77342"}],"wp:attachment":[{"href":"https:\/\/whisky.ad\/es\/wp-json\/wp\/v2\/media?parent=78993"}],"wp:term":[{"taxonomy":"product_brand","embeddable":true,"href":"https:\/\/whisky.ad\/es\/wp-json\/wp\/v2\/product_brand?post=78993"},{"taxonomy":"product_cat","embeddable":true,"href":"https:\/\/whisky.ad\/es\/wp-json\/wp\/v2\/product_cat?post=78993"},{"taxonomy":"product_tag","embeddable":true,"href":"https:\/\/whisky.ad\/es\/wp-json\/wp\/v2\/product_tag?post=78993"}],"curies":[{"name":"wp","href":"https:\/\/api.w.org\/{rel}","templated":true}]}}