{"id":78990,"date":"2023-08-28T15:20:02","date_gmt":"2023-08-28T14:20:02","guid":{"rendered":"https:\/\/whisky.ad\/product\/paul-john-mithuna-58-0-7l\/"},"modified":"2024-01-06T13:38:12","modified_gmt":"2024-01-06T12:38:12","slug":"paul-john-mithuna-58-0-7l","status":"publish","type":"product","link":"https:\/\/whisky.ad\/es\/producto\/paul-john-mithuna-58-0-7l\/","title":{"rendered":"Paul John Mithuna 58% 0.7l"},"content":{"rendered":"","protected":false},"excerpt":{"rendered":"<p>MITHUNA INDIAN SINGLE MALT WHISKY #MithunabyPaulJohn Alcohol Por Volumen: 58% Mithuna, una distinguida oferta de la serie Zodiac de Paul John, toma su nombre del equivalente indio del 3er signo del Zodiaco, G\u00e9minis. Sin macerar y presentado sin filtraci\u00f3n en fr\u00edo, esta expresi\u00f3n se somete a una maduraci\u00f3n en barricas de roble virgen americano, que culmina con un toque final en barricas de ex-bourbon. Impregnados de los matices del roble envejecido, los aromas que se despliegan son los del regaliz sofisticado, acompa\u00f1ados del sutil encanto de la cera de abejas, para desembocar finalmente en una suntuosa revelaci\u00f3n de miel de ulmo sobre matices crujientemente tostados, entrelazados con delicados toques de vainilla. El paladar le envuelve con ricos sabores similares al caf\u00e9 moca, la ralladura de piel de naranja y un suave abrazo de especias, todo ello armoniosamente equilibrado sobre una base de taninos activos, mezclados con aceites tiernos y susurros de cacao negro. La conclusi\u00f3n resuena con una longitud indulgente y una complejidad intrincada, mientras una sinfon\u00eda de az\u00facares multifac\u00e9ticos baila junto a delicadas notas de miel. Celebrando la famosa dualidad de G\u00e9minis, este single malt indio refleja la interacci\u00f3n de fuerzas contrastadas. Entrelaza h\u00e1bilmente taninos austeros y secos con az\u00facares exquisitos y moca sobre delicados aceites, pintando un fascinante retrato de complejidad. Color: Roble envejecido. Aroma: Un tapiz de aromas de regaliz y la suave calidez de la cera de abeja, entrelazados con la atrayente esencia de la miel de ulmo sobre crujientes tostados, acentuados por suaves notas de vainilla. Boca: La exploraci\u00f3n del paladar revela la suntuosa riqueza del caf\u00e9 moca, la vibrante ralladura de la piel de naranja y el abrazo de delicadas especias, todo ello transportado en las alas de activos taninos y abrazado por suaves aceites, coronado con la sutileza de oscuros tonos de cacao. Final: Se despliega con gracia, el final persiste en complejidad, adornado con az\u00facares de m\u00faltiples capas y elegantes notas de miel que perduran delicadamente.<\/p>\n","protected":false},"featured_media":77348,"comment_status":"open","ping_status":"closed","template":"","meta":{"_acf_changed":false},"product_brand":[],"product_cat":[470,529],"product_tag":[],"class_list":{"0":"post-78990","1":"product","2":"type-product","3":"status-publish","4":"has-post-thumbnail","6":"product_cat-paul-john-es","7":"product_cat-india-es","9":"first","10":"outofstock","11":"taxable","12":"shipping-taxable","13":"product-type-simple"},"acf":[],"aioseo_notices":[],"jetpack_sharing_enabled":true,"_links":{"self":[{"href":"https:\/\/whisky.ad\/es\/wp-json\/wp\/v2\/product\/78990","targetHints":{"allow":["GET"]}}],"collection":[{"href":"https:\/\/whisky.ad\/es\/wp-json\/wp\/v2\/product"}],"about":[{"href":"https:\/\/whisky.ad\/es\/wp-json\/wp\/v2\/types\/product"}],"replies":[{"embeddable":true,"href":"https:\/\/whisky.ad\/es\/wp-json\/wp\/v2\/comments?post=78990"}],"wp:featuredmedia":[{"embeddable":true,"href":"https:\/\/whisky.ad\/es\/wp-json\/wp\/v2\/media\/77348"}],"wp:attachment":[{"href":"https:\/\/whisky.ad\/es\/wp-json\/wp\/v2\/media?parent=78990"}],"wp:term":[{"taxonomy":"product_brand","embeddable":true,"href":"https:\/\/whisky.ad\/es\/wp-json\/wp\/v2\/product_brand?post=78990"},{"taxonomy":"product_cat","embeddable":true,"href":"https:\/\/whisky.ad\/es\/wp-json\/wp\/v2\/product_cat?post=78990"},{"taxonomy":"product_tag","embeddable":true,"href":"https:\/\/whisky.ad\/es\/wp-json\/wp\/v2\/product_tag?post=78990"}],"curies":[{"name":"wp","href":"https:\/\/api.w.org\/{rel}","templated":true}]}}