{"id":78987,"date":"2023-08-28T15:16:58","date_gmt":"2023-08-28T14:16:58","guid":{"rendered":"https:\/\/whisky.ad\/product\/paul-john-kanya-50-0-7l\/"},"modified":"2023-08-28T15:16:58","modified_gmt":"2023-08-28T14:16:58","slug":"paul-john-kanya-50-0-7l","status":"publish","type":"product","link":"https:\/\/whisky.ad\/es\/producto\/paul-john-kanya-50-0-7l\/","title":{"rendered":"Paul John Kanya 50% 0.7l"},"content":{"rendered":"","protected":false},"excerpt":{"rendered":"<p>KANYA INDIAN SINGLE MALT WHISKY #KanyabyPaulJohn Alcohol Por Volumen: 50% Originaria de las soleadas costas de Goa, esta variante \u00fanica sin madurar encarna una delicada pureza realzada por matices de miel afrutada y un suave toque de especias. Guiado por Mercurio y simbolizado por la virgen, Kanya representa la digna contrapartida india del cautivador Virgo, el sexto signo del zodiaco en el conjunto celestial. Impregnada de una sensibilidad terrosa y femenina, esta versi\u00f3n de \u00e1mbar profundo encarna los atributos esenciales de Kanya. Envejecido durante 7 a\u00f1os en barricas de roble blanco americano, emana deliciosos aromas de especias picantes y frutas tropicales que invitan a disfrutar de su cremoso dulzor a caramelo. El gratificante final desvela notas de roble tostado armoniosamente entrelazadas con c\u00e1lidos susurros de especias, delicadamente subrayados por un toque de sal, grabando un recuerdo duradero. El Kanya, con su encanto cautivador, es uno de los whiskies indios de textura m\u00e1s delicada jam\u00e1s embotellados. Aroma: Notas tempranas de ligeros c\u00edtricos se entremezclan con la riqueza de la miel de manuka; una robusta presencia de malta se mezcla ingeniosamente con la esencia del melocot\u00f3n maduro, el albaricoque y la vainilla. Sabor: Impecable sensaci\u00f3n en boca caracterizada por una opulenta cremosidad. El roble le confiere un suave, dulce y delicioso sabor a caramelo. Final: Abrazando el paladar con una sinfon\u00eda de c\u00e1lidas especias entretejidas en roble tostado, un sutil trasfondo de salinidad asegura una conclusi\u00f3n c\u00e1lidamente acogedora. Armon\u00eda: Un whisky extraordinariamente intrincado, donde el pronunciado car\u00e1cter de malta y la sequedad meticulosamente equilibrada se combinan para establecer este whisky como una de las expresiones indias m\u00e1s aterciopeladas que jam\u00e1s haya adornado una botella.<\/p>\n","protected":false},"featured_media":77345,"comment_status":"open","ping_status":"closed","template":"","meta":{"_acf_changed":false},"product_brand":[],"product_cat":[470,529],"product_tag":[],"class_list":{"0":"post-78987","1":"product","2":"type-product","3":"status-publish","4":"has-post-thumbnail","6":"product_cat-paul-john-es","7":"product_cat-india-es","9":"first","10":"instock","11":"taxable","12":"shipping-taxable","13":"purchasable","14":"product-type-simple"},"acf":[],"aioseo_notices":[],"jetpack_sharing_enabled":true,"_links":{"self":[{"href":"https:\/\/whisky.ad\/es\/wp-json\/wp\/v2\/product\/78987","targetHints":{"allow":["GET"]}}],"collection":[{"href":"https:\/\/whisky.ad\/es\/wp-json\/wp\/v2\/product"}],"about":[{"href":"https:\/\/whisky.ad\/es\/wp-json\/wp\/v2\/types\/product"}],"replies":[{"embeddable":true,"href":"https:\/\/whisky.ad\/es\/wp-json\/wp\/v2\/comments?post=78987"}],"wp:featuredmedia":[{"embeddable":true,"href":"https:\/\/whisky.ad\/es\/wp-json\/wp\/v2\/media\/77345"}],"wp:attachment":[{"href":"https:\/\/whisky.ad\/es\/wp-json\/wp\/v2\/media?parent=78987"}],"wp:term":[{"taxonomy":"product_brand","embeddable":true,"href":"https:\/\/whisky.ad\/es\/wp-json\/wp\/v2\/product_brand?post=78987"},{"taxonomy":"product_cat","embeddable":true,"href":"https:\/\/whisky.ad\/es\/wp-json\/wp\/v2\/product_cat?post=78987"},{"taxonomy":"product_tag","embeddable":true,"href":"https:\/\/whisky.ad\/es\/wp-json\/wp\/v2\/product_tag?post=78987"}],"curies":[{"name":"wp","href":"https:\/\/api.w.org\/{rel}","templated":true}]}}