{"id":78983,"date":"2023-08-28T15:06:11","date_gmt":"2023-08-28T14:06:11","guid":{"rendered":"https:\/\/whisky.ad\/product\/paul-john-edited-single-malt-46-0-7l\/"},"modified":"2023-08-28T15:06:11","modified_gmt":"2023-08-28T14:06:11","slug":"paul-john-edited-single-malt-46-0-7l","status":"publish","type":"product","link":"https:\/\/whisky.ad\/es\/producto\/paul-john-edited-single-malt-46-0-7l\/","title":{"rendered":"Paul John Edited Single Malt 46% 0.7l"},"content":{"rendered":"","protected":false},"excerpt":{"rendered":"<p>Presentamos Edited Indian Single Malt Whisky #PaulJohnEdited Alcohol por volumen (ABV): 46% Elaborado para lo excepcional, Edited es testimonio de nuestra incomparable experiencia en el arte del Single Malt. Meticulosamente compuesto, emerge un sutil toque de turba, meticulosamente derivado de perfiles de barrica cuidadosamente seleccionados. Una sinfon\u00eda para el exigente aficionado al whisky, donde la maestr\u00eda no conoce l\u00edmites. Escuche c\u00f3mo se despliegan las historias de la costa de Goa, sin filtrar y sin domar. Aroma: Entretejido con hilos de miel y cacao se extiende un delicado velo de ahumado, acompa\u00f1ado del encanto de un trago de caf\u00e9 expreso. Al profundizar, se revelan los secretos de las esencias afrutadas. Sabor: El abrazo herb\u00e1ceo de la cebada toma la delantera, dando paso amablemente a susurros matizados de turba. Estos suaves tonos ahumados dan paso a un estallido de menta y moca, en una danza armoniosa. Final: Nos espera una despedida prolongada y sin prisas. Un susurro de especias y menta con chocolate persisten, despidi\u00e9ndose finalmente con un suave recuerdo de la presencia de la turba. Color: Dorado \u00e1mbar radiante, reflejo de su esencia. Maridaje: Los matices discretos de la turba y los matices de chocolate y menta de este Single Malt encuentran sus compa\u00f1eros perfectos en un estofado de cordero suavemente especiado o en el abrazo del chocolate negro.<\/p>\n","protected":false},"featured_media":77315,"comment_status":"open","ping_status":"closed","template":"","meta":{"_acf_changed":false},"product_brand":[],"product_cat":[470,529],"product_tag":[],"class_list":{"0":"post-78983","1":"product","2":"type-product","3":"status-publish","4":"has-post-thumbnail","6":"product_cat-paul-john-es","7":"product_cat-india-es","9":"first","10":"instock","11":"taxable","12":"shipping-taxable","13":"purchasable","14":"product-type-simple"},"acf":[],"aioseo_notices":[],"jetpack_sharing_enabled":true,"_links":{"self":[{"href":"https:\/\/whisky.ad\/es\/wp-json\/wp\/v2\/product\/78983","targetHints":{"allow":["GET"]}}],"collection":[{"href":"https:\/\/whisky.ad\/es\/wp-json\/wp\/v2\/product"}],"about":[{"href":"https:\/\/whisky.ad\/es\/wp-json\/wp\/v2\/types\/product"}],"replies":[{"embeddable":true,"href":"https:\/\/whisky.ad\/es\/wp-json\/wp\/v2\/comments?post=78983"}],"wp:featuredmedia":[{"embeddable":true,"href":"https:\/\/whisky.ad\/es\/wp-json\/wp\/v2\/media\/77315"}],"wp:attachment":[{"href":"https:\/\/whisky.ad\/es\/wp-json\/wp\/v2\/media?parent=78983"}],"wp:term":[{"taxonomy":"product_brand","embeddable":true,"href":"https:\/\/whisky.ad\/es\/wp-json\/wp\/v2\/product_brand?post=78983"},{"taxonomy":"product_cat","embeddable":true,"href":"https:\/\/whisky.ad\/es\/wp-json\/wp\/v2\/product_cat?post=78983"},{"taxonomy":"product_tag","embeddable":true,"href":"https:\/\/whisky.ad\/es\/wp-json\/wp\/v2\/product_tag?post=78983"}],"curies":[{"name":"wp","href":"https:\/\/api.w.org\/{rel}","templated":true}]}}