{"id":78979,"date":"2023-08-28T15:11:42","date_gmt":"2023-08-28T14:11:42","guid":{"rendered":"https:\/\/whisky.ad\/product\/paul-john-classic-select-cask-55-2-0-7l\/"},"modified":"2023-08-28T15:11:42","modified_gmt":"2023-08-28T14:11:42","slug":"paul-john-classic-select-cask-55-2-0-7l","status":"publish","type":"product","link":"https:\/\/whisky.ad\/es\/producto\/paul-john-classic-select-cask-55-2-0-7l\/","title":{"rendered":"Paul John Classic Select Cask 55.2% 0.7l"},"content":{"rendered":"","protected":false},"excerpt":{"rendered":"<p>PAUL JOHN CLASSIC SELECT CASK INDIAN SINGLE MALT WHISKY #PaulJohnClassicSelectCask Alcohol por volumen: 55,2% Emb\u00e1rquese en un viaje por la Goa tropical con cada sorbo del Classic Select Cask. La abundante vitalidad de este Single Malt acaricia sus sentidos desde el primer momento. Elaborado mediante una meticulosa maduraci\u00f3n en barricas cuidadosamente seleccionadas y embotellado con su graduaci\u00f3n natural sin filtrado en fr\u00edo. Sum\u00e9rjase en la exuberante esencia tropical, presentada al aut\u00e9ntico estilo de Goa. Aroma: Notas de fruta y malta entrelazadas con toques de miel. Una sutil sugerencia de bourbon a\u00f1ade un atractivo encanto. Sabor: Al primer sorbo, los sabores a cebada malteada saludan al paladar. Una cautivadora fusi\u00f3n de bourbon, miel de manuka y regaliz, forma un n\u00facleo cautivador. En medio de este delicioso viaje, surge una inesperada nota a panal tostado, sorprendiendo gratamente a los sentidos. Final: La culminaci\u00f3n de este Single Malt es un final elegantemente suave, con deliciosos matices de Demerara que aseguran una conclusi\u00f3n suave y acogedora. Color: Color \u00e1mbar intenso. Maridaje: Las especias aromatizadas con roble y el refinado comportamiento de este cl\u00e1sico indio complementan a la perfecci\u00f3n platos como el salm\u00f3n ahumado, el jam\u00f3n o incluso un indulgente souffl\u00e9 de chocolate.<\/p>\n","protected":false},"featured_media":77333,"comment_status":"open","ping_status":"closed","template":"","meta":{"_acf_changed":false},"product_brand":[],"product_cat":[470,529],"product_tag":[],"class_list":{"0":"post-78979","1":"product","2":"type-product","3":"status-publish","4":"has-post-thumbnail","6":"product_cat-paul-john-es","7":"product_cat-india-es","9":"first","10":"outofstock","11":"taxable","12":"shipping-taxable","13":"product-type-simple"},"acf":[],"aioseo_notices":[],"jetpack_sharing_enabled":true,"_links":{"self":[{"href":"https:\/\/whisky.ad\/es\/wp-json\/wp\/v2\/product\/78979","targetHints":{"allow":["GET"]}}],"collection":[{"href":"https:\/\/whisky.ad\/es\/wp-json\/wp\/v2\/product"}],"about":[{"href":"https:\/\/whisky.ad\/es\/wp-json\/wp\/v2\/types\/product"}],"replies":[{"embeddable":true,"href":"https:\/\/whisky.ad\/es\/wp-json\/wp\/v2\/comments?post=78979"}],"wp:featuredmedia":[{"embeddable":true,"href":"https:\/\/whisky.ad\/es\/wp-json\/wp\/v2\/media\/77333"}],"wp:attachment":[{"href":"https:\/\/whisky.ad\/es\/wp-json\/wp\/v2\/media?parent=78979"}],"wp:term":[{"taxonomy":"product_brand","embeddable":true,"href":"https:\/\/whisky.ad\/es\/wp-json\/wp\/v2\/product_brand?post=78979"},{"taxonomy":"product_cat","embeddable":true,"href":"https:\/\/whisky.ad\/es\/wp-json\/wp\/v2\/product_cat?post=78979"},{"taxonomy":"product_tag","embeddable":true,"href":"https:\/\/whisky.ad\/es\/wp-json\/wp\/v2\/product_tag?post=78979"}],"curies":[{"name":"wp","href":"https:\/\/api.w.org\/{rel}","templated":true}]}}