{"id":78976,"date":"2023-08-28T15:04:34","date_gmt":"2023-08-28T14:04:34","guid":{"rendered":"https:\/\/whisky.ad\/product\/paul-john-brilliance-single-malt-46-0-7l\/"},"modified":"2023-08-28T15:04:34","modified_gmt":"2023-08-28T14:04:34","slug":"paul-john-brilliance-single-malt-46-0-7l","status":"publish","type":"product","link":"https:\/\/whisky.ad\/es\/producto\/paul-john-brilliance-single-malt-46-0-7l\/","title":{"rendered":"Paul John Brilliance Single Malt 46% 0.7l"},"content":{"rendered":"","protected":false},"excerpt":{"rendered":"<p>Presentaci\u00f3n de Brilliance Indian Single Malt Whisky #PaulJohnBrilliance Alcohol por volumen (ABV): 46% Procedente de las soleadas costas de Goa, India, este Single Malt Whisky indio sin madurar, adornado con un radiante tono cobrizo, invita a saborear su delicada dulzura complementada por una suave brisa de especias. Su suavidad aterciopelada acaricia el paladar, revelando un crujiente sabor \u00fanico a cacao, que conduce a un profundo final de roble americano entrelazado con deliciosos toques de cremosidad de vainilla. Sum\u00e9rjase en el arte de esta obra maestra meticulosamente elaborada y no filtrada en fr\u00edo. Aroma: Los az\u00facares Demerara desprenden un aroma de delicada dulzura, subrayado por susurros de canela, un toque de miel y sutiles especias. Sabor: Una sinfon\u00eda de dulzura y especias baila dentro de este Single Malt. La suavidad melosa encuentra la armon\u00eda con un delicioso crujiente que recuerda a una tableta de chocolate. Incluso queda un sutil rastro de cacao en el fondo. Final: La brillantez se despide con un final elegantemente suave y sin prisas, adornado con toques de suaves especias y una rica y profunda vainilla. Color: Cobre radiante, que recuerda a las facetas centelleantes. Maridaje: Con sus opulentas capas de vainilla y discretos acentos de especias, este Single Malt es el compa\u00f1ero perfecto de indulgentes tartas de frutas y platos indios de carne a la parrilla exquisitamente preparados.<\/p>\n","protected":false},"featured_media":77309,"comment_status":"open","ping_status":"closed","template":"","meta":{"_acf_changed":false},"product_brand":[],"product_cat":[470,529],"product_tag":[],"class_list":{"0":"post-78976","1":"product","2":"type-product","3":"status-publish","4":"has-post-thumbnail","6":"product_cat-paul-john-es","7":"product_cat-india-es","9":"first","10":"instock","11":"taxable","12":"shipping-taxable","13":"purchasable","14":"product-type-simple"},"acf":[],"aioseo_notices":[],"jetpack_sharing_enabled":true,"_links":{"self":[{"href":"https:\/\/whisky.ad\/es\/wp-json\/wp\/v2\/product\/78976","targetHints":{"allow":["GET"]}}],"collection":[{"href":"https:\/\/whisky.ad\/es\/wp-json\/wp\/v2\/product"}],"about":[{"href":"https:\/\/whisky.ad\/es\/wp-json\/wp\/v2\/types\/product"}],"replies":[{"embeddable":true,"href":"https:\/\/whisky.ad\/es\/wp-json\/wp\/v2\/comments?post=78976"}],"wp:featuredmedia":[{"embeddable":true,"href":"https:\/\/whisky.ad\/es\/wp-json\/wp\/v2\/media\/77309"}],"wp:attachment":[{"href":"https:\/\/whisky.ad\/es\/wp-json\/wp\/v2\/media?parent=78976"}],"wp:term":[{"taxonomy":"product_brand","embeddable":true,"href":"https:\/\/whisky.ad\/es\/wp-json\/wp\/v2\/product_brand?post=78976"},{"taxonomy":"product_cat","embeddable":true,"href":"https:\/\/whisky.ad\/es\/wp-json\/wp\/v2\/product_cat?post=78976"},{"taxonomy":"product_tag","embeddable":true,"href":"https:\/\/whisky.ad\/es\/wp-json\/wp\/v2\/product_tag?post=78976"}],"curies":[{"name":"wp","href":"https:\/\/api.w.org\/{rel}","templated":true}]}}