{"id":78973,"date":"2023-08-28T15:07:33","date_gmt":"2023-08-28T14:07:33","guid":{"rendered":"https:\/\/whisky.ad\/product\/paul-john-bold-single-malt-46-0-7l\/"},"modified":"2023-08-28T15:07:33","modified_gmt":"2023-08-28T14:07:33","slug":"paul-john-bold-single-malt-46-0-7l","status":"publish","type":"product","link":"https:\/\/whisky.ad\/es\/producto\/paul-john-bold-single-malt-46-0-7l\/","title":{"rendered":"Paul John Bold Single Malt 46% 0.7l"},"content":{"rendered":"","protected":false},"excerpt":{"rendered":"<p>Presentamos Bold Indian Single Malt Whisky #PaulJohnBold Alcohol por volumen (ABV): 46% Emb\u00e1rquese en una audaz odisea que le guiar\u00e1 a trav\u00e9s de los paisajes inexplorados de Goa. Desvelando sus enigmas m\u00e1s preciados, Bold le invita a salirse de los caminos trillados, sumergi\u00e9ndose en la cautivadora esencia de este para\u00edso costero. Aroma: Emergiendo de una delicada brizna de humo, un torbellino de miel de Manuka, especias picantes y un toque de regaliz rojo parecido al bourbon envuelve los sentidos. Sabor: Esta malta, que se funde perfectamente en el paladar, introduce una sinfon\u00eda de sabores que chocan como olas tumultuosas. La entrega inicial ofrece una experiencia sublimemente aterciopelada, adornada con notas melosas inspiradas en el roble. Y justo cuando crees haber desentra\u00f1ado su totalidad, una robusta segunda oleada de especias te sorprende. Le sucede una sensaci\u00f3n brumosa y ahumada que cubre el paladar, dejando tras de s\u00ed una oleada de melaza seca, ceniza de turba y un toque de cobre. Final: Bold se despide con un final suave y persistente, acompa\u00f1ado de un susurro de cobre que poco a poco afirma su presencia. Una espl\u00e9ndida mezcla matizada de moca ahumada, acariciada por intrincadas especias, agracia los sentidos. Color: Una encarnaci\u00f3n de oro l\u00edquido, resplandeciente de encanto.<\/p>\n","protected":false},"featured_media":77321,"comment_status":"open","ping_status":"closed","template":"","meta":{"_acf_changed":false},"product_brand":[],"product_cat":[529,470],"product_tag":[],"class_list":{"0":"post-78973","1":"product","2":"type-product","3":"status-publish","4":"has-post-thumbnail","6":"product_cat-india-es","7":"product_cat-paul-john-es","9":"first","10":"instock","11":"taxable","12":"shipping-taxable","13":"purchasable","14":"product-type-simple"},"acf":[],"aioseo_notices":[],"jetpack_sharing_enabled":true,"_links":{"self":[{"href":"https:\/\/whisky.ad\/es\/wp-json\/wp\/v2\/product\/78973","targetHints":{"allow":["GET"]}}],"collection":[{"href":"https:\/\/whisky.ad\/es\/wp-json\/wp\/v2\/product"}],"about":[{"href":"https:\/\/whisky.ad\/es\/wp-json\/wp\/v2\/types\/product"}],"replies":[{"embeddable":true,"href":"https:\/\/whisky.ad\/es\/wp-json\/wp\/v2\/comments?post=78973"}],"wp:featuredmedia":[{"embeddable":true,"href":"https:\/\/whisky.ad\/es\/wp-json\/wp\/v2\/media\/77321"}],"wp:attachment":[{"href":"https:\/\/whisky.ad\/es\/wp-json\/wp\/v2\/media?parent=78973"}],"wp:term":[{"taxonomy":"product_brand","embeddable":true,"href":"https:\/\/whisky.ad\/es\/wp-json\/wp\/v2\/product_brand?post=78973"},{"taxonomy":"product_cat","embeddable":true,"href":"https:\/\/whisky.ad\/es\/wp-json\/wp\/v2\/product_cat?post=78973"},{"taxonomy":"product_tag","embeddable":true,"href":"https:\/\/whisky.ad\/es\/wp-json\/wp\/v2\/product_tag?post=78973"}],"curies":[{"name":"wp","href":"https:\/\/api.w.org\/{rel}","templated":true}]}}