{"id":78969,"date":"2023-08-03T10:57:00","date_gmt":"2023-08-03T09:57:00","guid":{"rendered":"https:\/\/whisky.ad\/product\/patridom-seleccion-exclusiva-12-yo-0-7l-40\/"},"modified":"2024-01-08T12:14:47","modified_gmt":"2024-01-08T11:14:47","slug":"patridom-seleccion-exclusiva-12-yo-0-7l-40","status":"publish","type":"product","link":"https:\/\/whisky.ad\/es\/producto\/patridom-seleccion-exclusiva-12-yo-0-7l-40\/","title":{"rendered":"Patridom Selecci\u00f3n Exclusiva Dominican Rum12 YO 0.7L 40%"},"content":{"rendered":"","protected":false},"excerpt":{"rendered":"<div class=\"flex flex-grow flex-col gap-3\">\n<div class=\"min-h-[20px] flex flex-col items-start gap-3 overflow-x-auto whitespace-pre-wrap break-words\">\n<div class=\"markdown prose w-full break-words dark:prose-invert light\">\n<p>Patridom 12, una deliciosa fusi\u00f3n de rones puros de zumo de ca\u00f1a y rones de melaza originarios de la Rep\u00fablica Dominicana. Estos finos rones se envejecen cuidadosamente en barricas de roble franc\u00e9s y americano dentro del sistema de solera, lo que les permite desarrollar sus ricos sabores a lo largo de 6 a 12 a\u00f1os. Anteriormente conocido como Ron Esclavo 12 a\u00f1os, Patridom 12 conserva su excepcional calidad y su esencia inalterada. Es s\u00f3lo uno de los miembros de la gama principal de Patridom, que cuenta con cuatro expresiones distintas, cada una con su propio y cautivador perfil de sabor. Producido por Alcoholes Finos Dominicanos, Patridom garantiza la autenticidad de sus rones abasteci\u00e9ndose exclusivamente de ca\u00f1a de az\u00facar procedente de los abundantes campos de la Rep\u00fablica Dominicana. Entre estas expresiones se encuentra Patridom Selecci\u00f3n Exclusiva, un ron premium elaborado a partir de melaza de ca\u00f1a de az\u00facar y madurado art\u00edsticamente en el clima tropical de la Rep\u00fablica Dominicana. Envejecido pacientemente entre seis y doce a\u00f1os en una armoniosa mezcla de barricas de roble americano y franc\u00e9s, este exquisito ron promete una experiencia gustativa realmente excepcional. <\/p>\n<\/div>\n<\/div>\n<\/div>\n","protected":false},"featured_media":76982,"comment_status":"open","ping_status":"closed","template":"","meta":{"_acf_changed":false},"product_brand":[],"product_cat":[366,401],"product_tag":[],"class_list":{"0":"post-78969","1":"product","2":"type-product","3":"status-publish","4":"has-post-thumbnail","6":"product_cat-ron","7":"product_cat-republica-dominicana","9":"first","10":"instock","11":"taxable","12":"shipping-taxable","13":"purchasable","14":"product-type-simple"},"acf":[],"aioseo_notices":[],"jetpack_sharing_enabled":true,"_links":{"self":[{"href":"https:\/\/whisky.ad\/es\/wp-json\/wp\/v2\/product\/78969","targetHints":{"allow":["GET"]}}],"collection":[{"href":"https:\/\/whisky.ad\/es\/wp-json\/wp\/v2\/product"}],"about":[{"href":"https:\/\/whisky.ad\/es\/wp-json\/wp\/v2\/types\/product"}],"replies":[{"embeddable":true,"href":"https:\/\/whisky.ad\/es\/wp-json\/wp\/v2\/comments?post=78969"}],"wp:featuredmedia":[{"embeddable":true,"href":"https:\/\/whisky.ad\/es\/wp-json\/wp\/v2\/media\/76982"}],"wp:attachment":[{"href":"https:\/\/whisky.ad\/es\/wp-json\/wp\/v2\/media?parent=78969"}],"wp:term":[{"taxonomy":"product_brand","embeddable":true,"href":"https:\/\/whisky.ad\/es\/wp-json\/wp\/v2\/product_brand?post=78969"},{"taxonomy":"product_cat","embeddable":true,"href":"https:\/\/whisky.ad\/es\/wp-json\/wp\/v2\/product_cat?post=78969"},{"taxonomy":"product_tag","embeddable":true,"href":"https:\/\/whisky.ad\/es\/wp-json\/wp\/v2\/product_tag?post=78969"}],"curies":[{"name":"wp","href":"https:\/\/api.w.org\/{rel}","templated":true}]}}