{"id":78966,"date":"2023-08-27T18:44:41","date_gmt":"2023-08-27T17:44:41","guid":{"rendered":"https:\/\/whisky.ad\/product\/paddy-irish-whiskey-0-7l-40\/"},"modified":"2023-08-27T18:44:41","modified_gmt":"2023-08-27T17:44:41","slug":"paddy-irish-whiskey-0-7l-40","status":"publish","type":"product","link":"https:\/\/whisky.ad\/es\/producto\/paddy-irish-whiskey-0-7l-40\/","title":{"rendered":"Paddy Irish Whiskey 0.7L 40%"},"content":{"rendered":"","protected":false},"excerpt":{"rendered":"<div class=\"flex flex-grow flex-col gap-3 max-w-full\">\n<div class=\"min-h-[20px] flex flex-col items-start gap-3 overflow-x-auto whitespace-pre-wrap break-words\">\n<div class=\"markdown prose w-full break-words dark:prose-invert light\">\n<p>El whisky irland\u00e9s m\u00e1s vendido y reconocido en todo el mundo El caballero en persona Desde 1913, la esencia de Paddy ha seguido prosperando en Paddy Irish Whiskey, que lleva con orgullo su nombre. Un vendedor ic\u00f3nico Patrick J. O&#8217;Flaherty, conocido como Paddy, pas\u00f3 cuatro asombrosas d\u00e9cadas vendiendo el mismo whisky que ahora lleva su nombre por los pubs de Irlanda durante el extraordinario cambio de siglo XX. Con un carisma magn\u00e9tico, un encanto sociable y un car\u00e1cter abierto, Paddy invitaba constantemente a los clientes a rondas de copas, forjando amistades por donde pasaba y asegur\u00e1ndose de que todos disfrutaran de los buenos momentos. Dotado de bondad y sabidur\u00eda, junto con un comportamiento ingenioso y de buen humor, la presencia de Paddy siempre era bien recibida, lo que le granje\u00f3 la adoraci\u00f3n universal. Tras cuatro d\u00e9cadas de dedicado servicio, el whisky que vend\u00eda con tanta pasi\u00f3n lleg\u00f3 a ser sin\u00f3nimo de su propio nombre. Aroma: Maltas, frescor, amaderado, acompa\u00f1ado de delicadas notas de especias, miel y vainilla. Sabor: Delicadamente ligero y refrescante, con sutiles notas de frutos secos, malta y madera carbonizada. Final: Un dulzor que disminuye con elegancia, dejando tras de s\u00ed un rastro persistente de malta suave y amaderada.<\/p>\n<\/div>\n<\/div>\n<\/div>\n","protected":false},"featured_media":77189,"comment_status":"open","ping_status":"closed","template":"","meta":{"_acf_changed":false},"product_brand":[],"product_cat":[354,466,501],"product_tag":[],"class_list":{"0":"post-78966","1":"product","2":"type-product","3":"status-publish","4":"has-post-thumbnail","6":"product_cat-whisky-by-brand","7":"product_cat-paddy-es","8":"product_cat-ireland-es","10":"first","11":"instock","12":"taxable","13":"shipping-taxable","14":"purchasable","15":"product-type-simple"},"acf":[],"aioseo_notices":[],"jetpack_sharing_enabled":true,"_links":{"self":[{"href":"https:\/\/whisky.ad\/es\/wp-json\/wp\/v2\/product\/78966","targetHints":{"allow":["GET"]}}],"collection":[{"href":"https:\/\/whisky.ad\/es\/wp-json\/wp\/v2\/product"}],"about":[{"href":"https:\/\/whisky.ad\/es\/wp-json\/wp\/v2\/types\/product"}],"replies":[{"embeddable":true,"href":"https:\/\/whisky.ad\/es\/wp-json\/wp\/v2\/comments?post=78966"}],"wp:featuredmedia":[{"embeddable":true,"href":"https:\/\/whisky.ad\/es\/wp-json\/wp\/v2\/media\/77189"}],"wp:attachment":[{"href":"https:\/\/whisky.ad\/es\/wp-json\/wp\/v2\/media?parent=78966"}],"wp:term":[{"taxonomy":"product_brand","embeddable":true,"href":"https:\/\/whisky.ad\/es\/wp-json\/wp\/v2\/product_brand?post=78966"},{"taxonomy":"product_cat","embeddable":true,"href":"https:\/\/whisky.ad\/es\/wp-json\/wp\/v2\/product_cat?post=78966"},{"taxonomy":"product_tag","embeddable":true,"href":"https:\/\/whisky.ad\/es\/wp-json\/wp\/v2\/product_tag?post=78966"}],"curies":[{"name":"wp","href":"https:\/\/api.w.org\/{rel}","templated":true}]}}