{"id":78963,"date":"2023-07-23T14:08:40","date_gmt":"2023-07-23T13:08:40","guid":{"rendered":"https:\/\/whisky.ad\/product\/mortlach-33-yo\/"},"modified":"2023-07-23T14:08:40","modified_gmt":"2023-07-23T13:08:40","slug":"mortlach-33-yo","status":"publish","type":"product","link":"https:\/\/whisky.ad\/es\/producto\/mortlach-33-yo\/","title":{"rendered":"Mortlach 33 YO"},"content":{"rendered":"","protected":false},"excerpt":{"rendered":"<p><strong>Speyside Single Malt Scotch Whisky, Hunter Laing, 70cl \/ 52.9%<\/strong><\/p>\n<p>Presentando un Mortlach robusto y exquisitamente madurado, este extraordinario whisky de malta ocupa el lugar que le corresponde en la prestigiosa selecci\u00f3n Old &amp; Rare Platinum del embotellador independiente Hunter Laing. Destilado en 1989, este whisky escoc\u00e9s se embarc\u00f3 en un viaje de maduraci\u00f3n de 33 a\u00f1os, anidado con gracia en los confines de una \u00fanica bota de relleno. En 2022, s\u00f3lo 311 botellas fueron expertamente extra\u00eddas a su fuerza natural de barrica, sin ser adulteradas por color a\u00f1adido o filtraci\u00f3n en fr\u00edo, asegurando una experiencia de degustaci\u00f3n aut\u00e9ntica e incomparable.  <\/p>\n","protected":false},"featured_media":76889,"comment_status":"open","ping_status":"closed","template":"","meta":{"_acf_changed":false},"product_brand":[],"product_cat":[319,339,354,462],"product_tag":[],"class_list":{"0":"post-78963","1":"product","2":"type-product","3":"status-publish","4":"has-post-thumbnail","6":"product_cat-escocia-es","7":"product_cat-raro-y-coleccionable","8":"product_cat-whisky-by-brand","9":"product_cat-mortlach-es","11":"first","12":"instock","13":"taxable","14":"shipping-taxable","15":"product-type-simple"},"acf":[],"aioseo_notices":[],"jetpack_sharing_enabled":true,"_links":{"self":[{"href":"https:\/\/whisky.ad\/es\/wp-json\/wp\/v2\/product\/78963","targetHints":{"allow":["GET"]}}],"collection":[{"href":"https:\/\/whisky.ad\/es\/wp-json\/wp\/v2\/product"}],"about":[{"href":"https:\/\/whisky.ad\/es\/wp-json\/wp\/v2\/types\/product"}],"replies":[{"embeddable":true,"href":"https:\/\/whisky.ad\/es\/wp-json\/wp\/v2\/comments?post=78963"}],"wp:featuredmedia":[{"embeddable":true,"href":"https:\/\/whisky.ad\/es\/wp-json\/wp\/v2\/media\/76889"}],"wp:attachment":[{"href":"https:\/\/whisky.ad\/es\/wp-json\/wp\/v2\/media?parent=78963"}],"wp:term":[{"taxonomy":"product_brand","embeddable":true,"href":"https:\/\/whisky.ad\/es\/wp-json\/wp\/v2\/product_brand?post=78963"},{"taxonomy":"product_cat","embeddable":true,"href":"https:\/\/whisky.ad\/es\/wp-json\/wp\/v2\/product_cat?post=78963"},{"taxonomy":"product_tag","embeddable":true,"href":"https:\/\/whisky.ad\/es\/wp-json\/wp\/v2\/product_tag?post=78963"}],"curies":[{"name":"wp","href":"https:\/\/api.w.org\/{rel}","templated":true}]}}