{"id":78957,"date":"2023-08-28T16:17:48","date_gmt":"2023-08-28T15:17:48","guid":{"rendered":"https:\/\/whisky.ad\/product\/milk-and-honey-apex-small-bach-sherry-cask-53-6-07l\/"},"modified":"2023-08-28T16:17:48","modified_gmt":"2023-08-28T15:17:48","slug":"milk-and-honey-apex-small-bach-sherry-cask-53-6-07l","status":"publish","type":"product","link":"https:\/\/whisky.ad\/es\/producto\/milk-and-honey-apex-small-bach-sherry-cask-53-6-07l\/","title":{"rendered":"Milk And Honey Apex Small Bach Sherry cask 53.6% 07l"},"content":{"rendered":"","protected":false},"excerpt":{"rendered":"<p>Presentaci\u00f3n del Exquisite Single Malt Whisky Descubra el mundo del sabor con cada sorbo de este extraordinario Single Malt Whisky, donde cada faceta cuenta una historia de meticulosa artesan\u00eda y excepcional maduraci\u00f3n. El viaje comienza con el aroma a roble tostado, preludio de la indulgencia del chocolate negro que le sigue con gracia. A medida que los sentidos profundizan, surgen delicadas notas de frutos rojos secos, que ofrecen un toque de dulzura, mientras que una sutil esencia de bergamota a\u00f1ade una dimensi\u00f3n seductora. Al degustarlo, el paladar es recibido por la reconfortante nostalgia de la masa quebrada, un reconfortante recuerdo de lo bueno hecho en casa, entrelazado con el sutil encanto de los frutos secos. La sinfon\u00eda de sabores da un giro delicioso cuando aparecen los granos de pimienta negra triturados, que le confieren un suave sabor picante, en perfecta armon\u00eda con la vigorizante ralladura de lim\u00f3n reci\u00e9n pelado. El final de este extraordinario viaje es elegante y distinguido. Se despliega con gracia y persiste en el paladar, evocando una sensaci\u00f3n de exploraci\u00f3n sin fin. Notas de az\u00facar caramelizado aportan un toque de dulzura, mientras que la profunda esencia de regaliz negro a\u00f1ade una intrigante complejidad. La pimienta de Jamaica emerge entonces, aportando un c\u00e1lido abrazo que resuena, dejando un recuerdo perdurable. En el coraz\u00f3n de este whisky excepcional se encuentra un ingenioso proceso de maduraci\u00f3n. El sol mediterr\u00e1neo ba\u00f1a cada barrica, infundiendo al l\u00edquido un car\u00e1cter \u00fanico, guiado por la cuidadosa selecci\u00f3n de barricas de PX y Oloroso ex-sherry. Esta legendaria combinaci\u00f3n aporta un dulzor con cuerpo y un intrincado picante, creando un tapiz de aromas complejos que bailan sobre los sentidos. Intransigente en su integridad, este whisky es un testimonio de autenticidad. Embotellado en su forma m\u00e1s pura, no ha sido sometido a filtraci\u00f3n en fr\u00edo, preservando su naturaleza no adulterada. Adem\u00e1s, no se le ha a\u00f1adido ning\u00fan colorante artificial, lo que permite que brillen sus matices naturales. Con una graduaci\u00f3n alcoh\u00f3lica de 53,6% vol., encarna una bebida espirituosa robusta e intensa, lista para cautivar el paladar con cada sorbo lleno de matices. La serie Apex de la estimada destiler\u00eda M&amp;H de Tel Aviv representa una colecci\u00f3n excepcional de whiskies de malta, cada uno de ellos testimonio de la uni\u00f3n de una artesan\u00eda distintiva y una meticulosa selecci\u00f3n de barricas. Como resultado, cada expresi\u00f3n dentro de esta serie encarna una narrativa \u00fanica, presentando una variedad de aromas y sabores cautivadores que le invitan a embarcarse en un viaje extraordinario a trav\u00e9s del mundo del whisky.<\/p>\n","protected":false},"featured_media":78478,"comment_status":"open","ping_status":"closed","template":"","meta":{"_acf_changed":false},"product_brand":[],"product_cat":[461,525],"product_tag":[],"class_list":{"0":"post-78957","1":"product","2":"type-product","3":"status-publish","4":"has-post-thumbnail","6":"product_cat-milk-honey-es","7":"product_cat-israel-es","9":"first","10":"instock","11":"taxable","12":"shipping-taxable","13":"purchasable","14":"product-type-simple"},"acf":[],"aioseo_notices":[],"jetpack_sharing_enabled":true,"_links":{"self":[{"href":"https:\/\/whisky.ad\/es\/wp-json\/wp\/v2\/product\/78957","targetHints":{"allow":["GET"]}}],"collection":[{"href":"https:\/\/whisky.ad\/es\/wp-json\/wp\/v2\/product"}],"about":[{"href":"https:\/\/whisky.ad\/es\/wp-json\/wp\/v2\/types\/product"}],"replies":[{"embeddable":true,"href":"https:\/\/whisky.ad\/es\/wp-json\/wp\/v2\/comments?post=78957"}],"wp:featuredmedia":[{"embeddable":true,"href":"https:\/\/whisky.ad\/es\/wp-json\/wp\/v2\/media\/78478"}],"wp:attachment":[{"href":"https:\/\/whisky.ad\/es\/wp-json\/wp\/v2\/media?parent=78957"}],"wp:term":[{"taxonomy":"product_brand","embeddable":true,"href":"https:\/\/whisky.ad\/es\/wp-json\/wp\/v2\/product_brand?post=78957"},{"taxonomy":"product_cat","embeddable":true,"href":"https:\/\/whisky.ad\/es\/wp-json\/wp\/v2\/product_cat?post=78957"},{"taxonomy":"product_tag","embeddable":true,"href":"https:\/\/whisky.ad\/es\/wp-json\/wp\/v2\/product_tag?post=78957"}],"curies":[{"name":"wp","href":"https:\/\/api.w.org\/{rel}","templated":true}]}}