{"id":78955,"date":"2023-08-28T16:00:03","date_gmt":"2023-08-28T15:00:03","guid":{"rendered":"https:\/\/whisky.ad\/product\/milk-honey-elements-sherry-cask-single-malt-46-0-7l\/"},"modified":"2023-08-28T16:00:03","modified_gmt":"2023-08-28T15:00:03","slug":"milk-honey-elements-sherry-cask-single-malt-46-0-7l","status":"publish","type":"product","link":"https:\/\/whisky.ad\/es\/producto\/milk-honey-elements-sherry-cask-single-malt-46-0-7l\/","title":{"rendered":"Milk &amp; Honey Elements Sherry Cask Single Malt 46% 0.7l"},"content":{"rendered":"","protected":false},"excerpt":{"rendered":"<p>ELEMENTS SHERRY CASK Premiado como el Mejor Whisky de Malta del Mundo Votado como el Mejor Whisky de Malta del Mundo, nuestro viaje nos llev\u00f3 al coraz\u00f3n de Espa\u00f1a, donde elaboramos meticulosamente barricas de Oloroso y Pedro Ximenez exclusivamente para esta creaci\u00f3n. Estas barricas, que han contenido un excepcional jerez y se han sometido a un a\u00f1o de a\u00f1ejamiento en Espa\u00f1a, llegaron a nuestra destiler\u00eda para nutrir nuestro esp\u00edritu New-Make y convertirlo en un whisky exquisitamente complejo. AROMA Eminentes notas de ricos frutos rojos toman el protagonismo, entrelazadas con un sutil roble, el aroma del caramelo y un refrescante toque de lim\u00f3n. PALADAR De cuerpo medio y elegante. La delicada dulzura del jerez da paso a una orquesta de ligeros matices frutales, acompa\u00f1ados de deliciosas frutas negras y la indulgencia del chocolate negro, seguidos de un suave abrazo de roble. FINALIZAR Se despliega largamente. Ecos de chocolate negro perduran en el paladar, acompa\u00f1ados por la evocadora presencia del tabaco y el reconfortante toque de las notas de roble.<\/p>\n","protected":false},"featured_media":78501,"comment_status":"open","ping_status":"closed","template":"","meta":{"_acf_changed":false},"product_brand":[],"product_cat":[461,525],"product_tag":[],"class_list":{"0":"post-78955","1":"product","2":"type-product","3":"status-publish","4":"has-post-thumbnail","6":"product_cat-milk-honey-es","7":"product_cat-israel-es","9":"first","10":"instock","11":"taxable","12":"shipping-taxable","13":"purchasable","14":"product-type-simple"},"acf":[],"aioseo_notices":[],"jetpack_sharing_enabled":true,"_links":{"self":[{"href":"https:\/\/whisky.ad\/es\/wp-json\/wp\/v2\/product\/78955","targetHints":{"allow":["GET"]}}],"collection":[{"href":"https:\/\/whisky.ad\/es\/wp-json\/wp\/v2\/product"}],"about":[{"href":"https:\/\/whisky.ad\/es\/wp-json\/wp\/v2\/types\/product"}],"replies":[{"embeddable":true,"href":"https:\/\/whisky.ad\/es\/wp-json\/wp\/v2\/comments?post=78955"}],"wp:featuredmedia":[{"embeddable":true,"href":"https:\/\/whisky.ad\/es\/wp-json\/wp\/v2\/media\/78501"}],"wp:attachment":[{"href":"https:\/\/whisky.ad\/es\/wp-json\/wp\/v2\/media?parent=78955"}],"wp:term":[{"taxonomy":"product_brand","embeddable":true,"href":"https:\/\/whisky.ad\/es\/wp-json\/wp\/v2\/product_brand?post=78955"},{"taxonomy":"product_cat","embeddable":true,"href":"https:\/\/whisky.ad\/es\/wp-json\/wp\/v2\/product_cat?post=78955"},{"taxonomy":"product_tag","embeddable":true,"href":"https:\/\/whisky.ad\/es\/wp-json\/wp\/v2\/product_tag?post=78955"}],"curies":[{"name":"wp","href":"https:\/\/api.w.org\/{rel}","templated":true}]}}