{"id":78952,"date":"2023-08-28T16:01:20","date_gmt":"2023-08-28T15:01:20","guid":{"rendered":"https:\/\/whisky.ad\/product\/milk-honey-elements-red-wine-cask-single-malt-46-0-7l\/"},"modified":"2023-08-28T16:01:20","modified_gmt":"2023-08-28T15:01:20","slug":"milk-honey-elements-red-wine-cask-single-malt-46-0-7l","status":"publish","type":"product","link":"https:\/\/whisky.ad\/es\/producto\/milk-honey-elements-red-wine-cask-single-malt-46-0-7l\/","title":{"rendered":"Milk &amp; Honey ELEMENTS RED WINE CASK Single Malt 46% 0.7l"},"content":{"rendered":"","protected":false},"excerpt":{"rendered":"<p>La selecci\u00f3n de barricas de vino tinto para este cap\u00edtulo de la serie Elements ha requerido un meticuloso proceso de selecci\u00f3n entre las bodegas m\u00e1s distinguidas de Israel. Inspir\u00e1ndose en los matices clim\u00e1ticos del Mediterr\u00e1neo, las diversas composiciones del suelo, los d\u00edas soleados y las noches frescas, estas barricas infunden de forma \u00fanica un car\u00e1cter especiado al vino israel\u00ed, un car\u00e1cter que se transfiere a la perfecci\u00f3n a nuestro whisky. Las barricas elegidas para la edici\u00f3n Elements Red Wine rinden homenaje al terru\u00f1o de la regi\u00f3n, dando como resultado un single malt floral armonizado con la esencia del chocolate negro. AROMA Elevados aromas de frutos rojos secos se complementan con notas de jengibre, roble y un discreto bouquet de coco que se entremezclan con gracia, dando lugar a un tenue rastro de perfume mineral. BOCA Cuerpo ligero y elegante. Los sabores del vino envuelven el paladar con elegancia, acompa\u00f1ados de un roble matizado y susurros de vainilla, seguidos de un delicado florecimiento de notas florales. FINAL De duraci\u00f3n moderada. El encanto de los frutos secos y el vino persiste, culminando con un abrazo final de pasas oscuras, dejando una persistente sensaci\u00f3n de satisfacci\u00f3n.<\/p>\n","protected":false},"featured_media":78496,"comment_status":"open","ping_status":"closed","template":"","meta":{"_acf_changed":false},"product_brand":[],"product_cat":[461,525],"product_tag":[],"class_list":{"0":"post-78952","1":"product","2":"type-product","3":"status-publish","4":"has-post-thumbnail","6":"product_cat-milk-honey-es","7":"product_cat-israel-es","9":"first","10":"instock","11":"taxable","12":"shipping-taxable","13":"purchasable","14":"product-type-simple"},"acf":[],"aioseo_notices":[],"jetpack_sharing_enabled":true,"_links":{"self":[{"href":"https:\/\/whisky.ad\/es\/wp-json\/wp\/v2\/product\/78952","targetHints":{"allow":["GET"]}}],"collection":[{"href":"https:\/\/whisky.ad\/es\/wp-json\/wp\/v2\/product"}],"about":[{"href":"https:\/\/whisky.ad\/es\/wp-json\/wp\/v2\/types\/product"}],"replies":[{"embeddable":true,"href":"https:\/\/whisky.ad\/es\/wp-json\/wp\/v2\/comments?post=78952"}],"wp:featuredmedia":[{"embeddable":true,"href":"https:\/\/whisky.ad\/es\/wp-json\/wp\/v2\/media\/78496"}],"wp:attachment":[{"href":"https:\/\/whisky.ad\/es\/wp-json\/wp\/v2\/media?parent=78952"}],"wp:term":[{"taxonomy":"product_brand","embeddable":true,"href":"https:\/\/whisky.ad\/es\/wp-json\/wp\/v2\/product_brand?post=78952"},{"taxonomy":"product_cat","embeddable":true,"href":"https:\/\/whisky.ad\/es\/wp-json\/wp\/v2\/product_cat?post=78952"},{"taxonomy":"product_tag","embeddable":true,"href":"https:\/\/whisky.ad\/es\/wp-json\/wp\/v2\/product_tag?post=78952"}],"curies":[{"name":"wp","href":"https:\/\/api.w.org\/{rel}","templated":true}]}}