{"id":78949,"date":"2023-08-28T16:02:22","date_gmt":"2023-08-28T15:02:22","guid":{"rendered":"https:\/\/whisky.ad\/product\/milk-honey-elements-peated-single-malt-46-0-7l\/"},"modified":"2023-08-28T16:02:22","modified_gmt":"2023-08-28T15:02:22","slug":"milk-honey-elements-peated-single-malt-46-0-7l","status":"publish","type":"product","link":"https:\/\/whisky.ad\/es\/producto\/milk-honey-elements-peated-single-malt-46-0-7l\/","title":{"rendered":"Milk &amp; Honey Elements Peated Single Malt 46% 0.7l"},"content":{"rendered":"","protected":false},"excerpt":{"rendered":"<p>ELEMENTS PEATED Una fusi\u00f3n de influencias atl\u00e1nticas y mediterr\u00e1neas. Este whisky se somete a maduraci\u00f3n en barricas de Islay, absorbiendo aromas ahumados y sabores salados. A continuaci\u00f3n, se combina armoniosamente con single malt envejecido en barrica de ex-bourbon, que se deja madurar bajo el cielo soleado de Tel Aviv. The Elements Peated entrelaza a la perfecci\u00f3n la esencia afrutada de la nueva a\u00f1ada con la turba por excelencia de Islay, dando como resultado un whisky suave, sutilmente meloso y ligeramente turbado. AROMA Vigorizantemente fresco. El aroma comienza con un distintivo ahumado y notas terrosas, evolucionando hacia una armoniosa interacci\u00f3n de matices de vainilla y roble, culminando finalmente con un delicado rastro de lim\u00f3n. PALADAR De cuerpo medio y elegantemente compuesto. El toque inicial es de dulzura de vainilla, que se transforma en un delicado abrazo de turba. Un sutil fondo picante acompa\u00f1a las capas de jengibre y lim\u00f3n. FIN Duradero en longitud. La turba envuelve con elegancia el paladar, mientras las tiernas notas de roble y lim\u00f3n contin\u00faan persistiendo en las papilas gustativas, creando un final memorable y satisfactorio.<\/p>\n","protected":false},"featured_media":78490,"comment_status":"open","ping_status":"closed","template":"","meta":{"_acf_changed":false},"product_brand":[],"product_cat":[461,525],"product_tag":[],"class_list":{"0":"post-78949","1":"product","2":"type-product","3":"status-publish","4":"has-post-thumbnail","6":"product_cat-milk-honey-es","7":"product_cat-israel-es","9":"first","10":"instock","11":"taxable","12":"shipping-taxable","13":"purchasable","14":"product-type-simple"},"acf":[],"aioseo_notices":[],"jetpack_sharing_enabled":true,"_links":{"self":[{"href":"https:\/\/whisky.ad\/es\/wp-json\/wp\/v2\/product\/78949","targetHints":{"allow":["GET"]}}],"collection":[{"href":"https:\/\/whisky.ad\/es\/wp-json\/wp\/v2\/product"}],"about":[{"href":"https:\/\/whisky.ad\/es\/wp-json\/wp\/v2\/types\/product"}],"replies":[{"embeddable":true,"href":"https:\/\/whisky.ad\/es\/wp-json\/wp\/v2\/comments?post=78949"}],"wp:featuredmedia":[{"embeddable":true,"href":"https:\/\/whisky.ad\/es\/wp-json\/wp\/v2\/media\/78490"}],"wp:attachment":[{"href":"https:\/\/whisky.ad\/es\/wp-json\/wp\/v2\/media?parent=78949"}],"wp:term":[{"taxonomy":"product_brand","embeddable":true,"href":"https:\/\/whisky.ad\/es\/wp-json\/wp\/v2\/product_brand?post=78949"},{"taxonomy":"product_cat","embeddable":true,"href":"https:\/\/whisky.ad\/es\/wp-json\/wp\/v2\/product_cat?post=78949"},{"taxonomy":"product_tag","embeddable":true,"href":"https:\/\/whisky.ad\/es\/wp-json\/wp\/v2\/product_tag?post=78949"}],"curies":[{"name":"wp","href":"https:\/\/api.w.org\/{rel}","templated":true}]}}