{"id":78941,"date":"2023-08-28T16:08:49","date_gmt":"2023-08-28T15:08:49","guid":{"rendered":"https:\/\/whisky.ad\/product\/milk-honey-apex-small-batch-pomegranate-wine-cask-57-2-07l\/"},"modified":"2023-08-28T16:08:49","modified_gmt":"2023-08-28T15:08:49","slug":"milk-honey-apex-small-batch-pomegranate-wine-cask-57-2-07l","status":"publish","type":"product","link":"https:\/\/whisky.ad\/es\/producto\/milk-honey-apex-small-batch-pomegranate-wine-cask-57-2-07l\/","title":{"rendered":"Milk &amp; Honey Apex Small Batch Pomegranate Wine Cask 57.2% 07l"},"content":{"rendered":"","protected":false},"excerpt":{"rendered":"<p>APEX SMALL BATCH POMEGRANATE WINE CASK Elaborado en un lote limitado, este whisky de malta se embarc\u00f3 en un viaje a trav\u00e9s de barricas ex-Bourbon, culminando con un refinamiento de seis meses en barricas fortificadas de vino de granada. El car\u00e1cter distintivo del fruto de la granada confiere a este whisky un tapiz de sabores incomparables. AROMA El aroma se despliega con la suculencia de la granada madura, seguida de una encantadora mezcla de rica vainilla, caf\u00e9 tostado y aterciopelado caramelo. Una robusta terrosidad se entrelaza con la esencia de la ra\u00edz de lirio, la frescura de la menta verde y el seductor aroma de la manzana \u00e1cida reci\u00e9n horneada. PALADAR Un perfil exquisito cobra vida con el estallido de jugosos granos de granada triturados, complementado por la presencia de higos secos y un conjunto de hierbas agridulces. FINAL Duradero y seco, el final introduce un suave fondo de roble tostado, seguido armoniosamente por el delicioso contraste de pretzels de masa fermentada combinados con la vivacidad de los frutos rojos.<\/p>\n","protected":false},"featured_media":78482,"comment_status":"open","ping_status":"closed","template":"","meta":{"_acf_changed":false},"product_brand":[],"product_cat":[461,525],"product_tag":[],"class_list":{"0":"post-78941","1":"product","2":"type-product","3":"status-publish","4":"has-post-thumbnail","6":"product_cat-milk-honey-es","7":"product_cat-israel-es","9":"first","10":"instock","11":"taxable","12":"shipping-taxable","13":"purchasable","14":"product-type-simple"},"acf":[],"aioseo_notices":[],"jetpack_sharing_enabled":true,"_links":{"self":[{"href":"https:\/\/whisky.ad\/es\/wp-json\/wp\/v2\/product\/78941","targetHints":{"allow":["GET"]}}],"collection":[{"href":"https:\/\/whisky.ad\/es\/wp-json\/wp\/v2\/product"}],"about":[{"href":"https:\/\/whisky.ad\/es\/wp-json\/wp\/v2\/types\/product"}],"replies":[{"embeddable":true,"href":"https:\/\/whisky.ad\/es\/wp-json\/wp\/v2\/comments?post=78941"}],"wp:featuredmedia":[{"embeddable":true,"href":"https:\/\/whisky.ad\/es\/wp-json\/wp\/v2\/media\/78482"}],"wp:attachment":[{"href":"https:\/\/whisky.ad\/es\/wp-json\/wp\/v2\/media?parent=78941"}],"wp:term":[{"taxonomy":"product_brand","embeddable":true,"href":"https:\/\/whisky.ad\/es\/wp-json\/wp\/v2\/product_brand?post=78941"},{"taxonomy":"product_cat","embeddable":true,"href":"https:\/\/whisky.ad\/es\/wp-json\/wp\/v2\/product_cat?post=78941"},{"taxonomy":"product_tag","embeddable":true,"href":"https:\/\/whisky.ad\/es\/wp-json\/wp\/v2\/product_tag?post=78941"}],"curies":[{"name":"wp","href":"https:\/\/api.w.org\/{rel}","templated":true}]}}