{"id":78938,"date":"2023-08-28T16:07:06","date_gmt":"2023-08-28T15:07:06","guid":{"rendered":"https:\/\/whisky.ad\/product\/milk-honey-apex-small-batch-dead-sea-56-5-07l\/"},"modified":"2023-08-28T16:07:06","modified_gmt":"2023-08-28T15:07:06","slug":"milk-honey-apex-small-batch-dead-sea-56-5-07l","status":"publish","type":"product","link":"https:\/\/whisky.ad\/es\/producto\/milk-honey-apex-small-batch-dead-sea-56-5-07l\/","title":{"rendered":"Milk &amp; Honey Apex Small Batch Dead Sea 56.5% 07l"},"content":{"rendered":"","protected":false},"excerpt":{"rendered":"<p>APEX SMALL BATCH DEAD SEA Honrado con el Trofeo del Presidente en el Ultimate Spirits Challenge 2023 Reconocido con el Trofeo del Presidente en el Ultimate Spirits Challenge 2023 Pionero en un camino \u00fanico, nuestro Apex Small Batch Single Malt Whisky es la creaci\u00f3n inaugural y exclusiva que ha madurado en las profundidades del punto m\u00e1s bajo del mundo: el Mar Muerto, donde las temperaturas alcanzan los 50 grados cent\u00edgrados. Este extraordinario entorno confiere al whisky sabores potentes y profundos. AROMA Embarc\u00e1ndose con notas de dulzura, se despliegan la vainilla francesa y la moca, acompa\u00f1adas por ecos de una caja de puros y un rastro revitalizante de menta verde, todo ello mientras una agradable esencia de roble perdura con gracia en el fondo. PALADAR Una suave introducci\u00f3n adorna el paladar, seguida de una din\u00e1mica oleada de calidez transportada por especias como la canela y las semillas de cilantro. A este maremoto de sabor se une el abrazo del cacao negro en polvo y un toque de pimienta blanca molida. FINAL Duradero y gratificante, el final presenta jengibre confitado y clavo, acompa\u00f1ados de un conjunto de hierbas tostadas y la esencia de la sal marina gruesa, dejando una huella indeleble en los sentidos.<\/p>\n","protected":false},"featured_media":78505,"comment_status":"open","ping_status":"closed","template":"","meta":{"_acf_changed":false},"product_brand":[],"product_cat":[461,525],"product_tag":[],"class_list":{"0":"post-78938","1":"product","2":"type-product","3":"status-publish","4":"has-post-thumbnail","6":"product_cat-milk-honey-es","7":"product_cat-israel-es","9":"first","10":"outofstock","11":"taxable","12":"shipping-taxable","13":"product-type-simple"},"acf":[],"aioseo_notices":[],"jetpack_sharing_enabled":true,"_links":{"self":[{"href":"https:\/\/whisky.ad\/es\/wp-json\/wp\/v2\/product\/78938","targetHints":{"allow":["GET"]}}],"collection":[{"href":"https:\/\/whisky.ad\/es\/wp-json\/wp\/v2\/product"}],"about":[{"href":"https:\/\/whisky.ad\/es\/wp-json\/wp\/v2\/types\/product"}],"replies":[{"embeddable":true,"href":"https:\/\/whisky.ad\/es\/wp-json\/wp\/v2\/comments?post=78938"}],"wp:featuredmedia":[{"embeddable":true,"href":"https:\/\/whisky.ad\/es\/wp-json\/wp\/v2\/media\/78505"}],"wp:attachment":[{"href":"https:\/\/whisky.ad\/es\/wp-json\/wp\/v2\/media?parent=78938"}],"wp:term":[{"taxonomy":"product_brand","embeddable":true,"href":"https:\/\/whisky.ad\/es\/wp-json\/wp\/v2\/product_brand?post=78938"},{"taxonomy":"product_cat","embeddable":true,"href":"https:\/\/whisky.ad\/es\/wp-json\/wp\/v2\/product_cat?post=78938"},{"taxonomy":"product_tag","embeddable":true,"href":"https:\/\/whisky.ad\/es\/wp-json\/wp\/v2\/product_tag?post=78938"}],"curies":[{"name":"wp","href":"https:\/\/api.w.org\/{rel}","templated":true}]}}