{"id":78934,"date":"2023-08-28T11:01:17","date_gmt":"2023-08-28T10:01:17","guid":{"rendered":"https:\/\/whisky.ad\/product\/malteser-aquavit-bitter-0-7l-40\/"},"modified":"2023-08-28T11:01:17","modified_gmt":"2023-08-28T10:01:17","slug":"malteser-aquavit-bitter-0-7l-40","status":"publish","type":"product","link":"https:\/\/whisky.ad\/es\/producto\/malteser-aquavit-bitter-0-7l-40\/","title":{"rendered":"Malteser Aquavit-Bitter 0.7l 40%"},"content":{"rendered":"","protected":false},"excerpt":{"rendered":"<p>El delicioso licor de hierbas Malteser emana de la renombrada marca Malteser, conocida por elaborar aquavit de calidad superior durante casi un siglo. Arraigado en una receta que se remonta a su creaci\u00f3n en 1924, este licor de hierbas complementa el legado de la marca. Aunque hist\u00f3ricamente conocida por el aquavit, la l\u00ednea Malteser se ampli\u00f3 en 2018 para incluir este licor de hierbas, disponible exclusivamente en Alemania. La botella del licor de hierbas Malteser es tan visualmente cautivadora como su hom\u00f3logo aquavit. La etiqueta luce una llamativa cruz de Malta blanca sobre un fondo rojo vivo, un motivo que se repite en el cuello de la botella. La propia botella, de elegantes tonos oscuros, desprende un aire de sofisticaci\u00f3n. M\u00e1s all\u00e1 de su est\u00e9tica, el licor de hierbas Malteser brilla por su excepcional perfil de sabor, resultado de una meticulosa selecci\u00f3n de hierbas y especias, unas 20 en total. Esta variada mezcla bot\u00e1nica se hace evidente desde el momento en que se descorcha el licor, revelando una nariz arom\u00e1tica que conduce perfectamente al paladar. Destaca su pronunciado sabor picante, con notas claras de pimienta y an\u00eds. El licor de hierbas Malteser se presta impecablemente a ser disfrutado como un trago fr\u00edo, mostrando sus complejidades. Tambi\u00e9n puede combinarse armoniosamente con una cerveza fr\u00eda para disfrutar de una experiencia gustativa memorable.  <\/p>\n","protected":false},"featured_media":77285,"comment_status":"open","ping_status":"closed","template":"","meta":{"_acf_changed":false},"product_brand":[],"product_cat":[345,346,413],"product_tag":[],"class_list":{"0":"post-78934","1":"product","2":"type-product","3":"status-publish","4":"has-post-thumbnail","6":"product_cat-bebidas-acoholicas-es","7":"product_cat-aquavit-es","8":"product_cat-bitter-es","10":"first","11":"instock","12":"taxable","13":"shipping-taxable","14":"purchasable","15":"product-type-simple"},"acf":[],"aioseo_notices":[],"jetpack_sharing_enabled":true,"_links":{"self":[{"href":"https:\/\/whisky.ad\/es\/wp-json\/wp\/v2\/product\/78934","targetHints":{"allow":["GET"]}}],"collection":[{"href":"https:\/\/whisky.ad\/es\/wp-json\/wp\/v2\/product"}],"about":[{"href":"https:\/\/whisky.ad\/es\/wp-json\/wp\/v2\/types\/product"}],"replies":[{"embeddable":true,"href":"https:\/\/whisky.ad\/es\/wp-json\/wp\/v2\/comments?post=78934"}],"wp:featuredmedia":[{"embeddable":true,"href":"https:\/\/whisky.ad\/es\/wp-json\/wp\/v2\/media\/77285"}],"wp:attachment":[{"href":"https:\/\/whisky.ad\/es\/wp-json\/wp\/v2\/media?parent=78934"}],"wp:term":[{"taxonomy":"product_brand","embeddable":true,"href":"https:\/\/whisky.ad\/es\/wp-json\/wp\/v2\/product_brand?post=78934"},{"taxonomy":"product_cat","embeddable":true,"href":"https:\/\/whisky.ad\/es\/wp-json\/wp\/v2\/product_cat?post=78934"},{"taxonomy":"product_tag","embeddable":true,"href":"https:\/\/whisky.ad\/es\/wp-json\/wp\/v2\/product_tag?post=78934"}],"curies":[{"name":"wp","href":"https:\/\/api.w.org\/{rel}","templated":true}]}}