{"id":78931,"date":"2020-01-12T18:15:36","date_gmt":"2020-01-12T17:15:36","guid":{"rendered":"https:\/\/whisky.ad\/product\/mackmyra-vintersol-swedish-single-malt\/"},"modified":"2020-01-12T18:15:36","modified_gmt":"2020-01-12T17:15:36","slug":"mackmyra-vintersol-swedish-single-malt","status":"publish","type":"product","link":"https:\/\/whisky.ad\/es\/producto\/mackmyra-vintersol-swedish-single-malt\/","title":{"rendered":"Mackmyra Vintersol Swedish Single Malt"},"content":{"rendered":"<p>Volumen: 70 cl, Alc:\/vol: 46,1 % Master Blender:Angela D&#8217;Orazio PERFIL AROMATICO: &#8211; 1er llenado Ex-Portwinecasks, 500-700 L &#8211; Roble Amerikansk nuevo y 1er llenado, 200-128 L &#8211; 1er llenado Ex-Bourbon, 100 L &#8211; 1er llenado Oloroso y roble sueco, 100-128 L Mackmyra Vintersol (Sol de invierno) es un whisky sueco de malta \u00fanica creado en colaboraci\u00f3n con el productor de vino de Oporto Quinta Do Vallado, una de las Quintas m\u00e1s antiguas y famosas del valle del Duero. El sol del invierno sueco rara vez nos visita tan a menudo como nos gustar\u00eda, por lo que quer\u00edamos que el sabor de las uvas empapadas de sol hiciera compa\u00f1\u00eda a este whisky. El perfil arom\u00e1tico del whisky procede del acabado en barricas que anteriormente contuvieron vino de Oporto, con notas de vainilla, chocolate y pimienta. El whisky resultante es elegante Con un ligero picante y notas de pasas calientes, frutas maduras al sol, bayas tropicales, dulce de pera mantecoso, vainilla y roble tostado. NARIZ Especiado y herb\u00e1ceo, con tonos afrutados y c\u00e1lidos de uva y mineralidad. Suave roble avainillado, con aromas de an\u00eds, jengibre, pasas, caramelo de pera y vainilla. SABOR Suave, afrutado pero especiado, con frutos secos, peras y pasas, jengibre y vainilla. Con una textura cremosa y medianamente rica. RETROGUSTO Afrutado, especiado y roble con pasas calientes.<\/p>\n<p>&nbsp;<\/p>\n<p>&nbsp;<\/p>\n","protected":false},"excerpt":{"rendered":"<p>Volumen: 70 cl, Alc:\/vol: 46,1 % Master Blender:Angela D&#8217;Orazio PERFIL AROMATICO: &#8211; 1er llenado Ex-Portwinecasks, 500-700 L &#8211; Roble Amerikansk nuevo y 1er llenado, 200-128 L &#8211; 1er llenado Ex-Bourbon, 100 L &#8211; 1er llenado Oloroso y roble sueco, 100-128 L Mackmyra Vintersol (Sol de invierno) es un whisky sueco de malta \u00fanica creado en [&hellip;]<\/p>\n","protected":false},"featured_media":72159,"comment_status":"open","ping_status":"closed","template":"","meta":{"_acf_changed":false},"product_brand":[],"product_cat":[354,458,522],"product_tag":[],"class_list":{"0":"post-78931","1":"product","2":"type-product","3":"status-publish","4":"has-post-thumbnail","6":"product_cat-whisky-by-brand","7":"product_cat-mackmyra-es","8":"product_cat-sweden-es","10":"first","11":"outofstock","12":"taxable","13":"shipping-taxable","14":"purchasable","15":"product-type-simple"},"acf":[],"aioseo_notices":[],"jetpack_sharing_enabled":true,"_links":{"self":[{"href":"https:\/\/whisky.ad\/es\/wp-json\/wp\/v2\/product\/78931","targetHints":{"allow":["GET"]}}],"collection":[{"href":"https:\/\/whisky.ad\/es\/wp-json\/wp\/v2\/product"}],"about":[{"href":"https:\/\/whisky.ad\/es\/wp-json\/wp\/v2\/types\/product"}],"replies":[{"embeddable":true,"href":"https:\/\/whisky.ad\/es\/wp-json\/wp\/v2\/comments?post=78931"}],"wp:featuredmedia":[{"embeddable":true,"href":"https:\/\/whisky.ad\/es\/wp-json\/wp\/v2\/media\/72159"}],"wp:attachment":[{"href":"https:\/\/whisky.ad\/es\/wp-json\/wp\/v2\/media?parent=78931"}],"wp:term":[{"taxonomy":"product_brand","embeddable":true,"href":"https:\/\/whisky.ad\/es\/wp-json\/wp\/v2\/product_brand?post=78931"},{"taxonomy":"product_cat","embeddable":true,"href":"https:\/\/whisky.ad\/es\/wp-json\/wp\/v2\/product_cat?post=78931"},{"taxonomy":"product_tag","embeddable":true,"href":"https:\/\/whisky.ad\/es\/wp-json\/wp\/v2\/product_tag?post=78931"}],"curies":[{"name":"wp","href":"https:\/\/api.w.org\/{rel}","templated":true}]}}