{"id":78928,"date":"2020-01-12T17:43:09","date_gmt":"2020-01-12T16:43:09","guid":{"rendered":"https:\/\/whisky.ad\/product\/mackmyra-svensk-rok-amerikansk-ek-single-malt\/"},"modified":"2020-01-12T17:43:09","modified_gmt":"2020-01-12T16:43:09","slug":"mackmyra-svensk-rok-amerikansk-ek-single-malt","status":"publish","type":"product","link":"https:\/\/whisky.ad\/es\/producto\/mackmyra-svensk-rok-amerikansk-ek-single-malt\/","title":{"rendered":"MACKMYRA SVENSK ROK\/AMERIKANSK EK SINGLE MALT"},"content":{"rendered":"<p>Volumen: 70 cl, Alkohol: 46,1 % vol. Master Blender:Angela D&#8217;Orazio Barricas principales:Roble americano nuevo El sabor del ahumado de Svensk R\u00f6k (humo sueco) se inspira en la antigua tradici\u00f3n de condimentar y conservar los alimentos infusion\u00e1ndolos con humo de enebro. En esta segunda y limitada edici\u00f3n de Svensk R\u00f6k, hemos envejecido nuestra receta ahumada exclusivamente en barricas nuevas de roble americano. Esto aporta al whisky notas prominentes de vainilla y hierbas &#8211; Un bienvenido contraste con las atrevidas notas de turba, enebro y alquitr\u00e1n. NARIZ Humo, especias, roble, frutas y hierbas. Notas de turba, enebro, roble tostado y vainilla, seguidas de un aroma ahumado y especiado con salinidad, minerales, hojas de tabaco, ligero sabor a alquitr\u00e1n. Golosinas de arrak, dulce de pera, jengibre y vainilla. SABOR Turba, enebro, sal, definitivamente m\u00e1s ahumado de lo que sugiere la nariz, un agradable roble especiado con vainilla, roble tostado, higos encurtidos y dulce de pera. La textura es de grosor medio con notas de roble. RETROGUSTO Picante, ahumado y roble con notas de alquitr\u00e1n, hojas de tabaco, notas brillantes de higos encurtidos y dulce de pera.<\/p>\n","protected":false},"excerpt":{"rendered":"<p>Volumen: 70 cl, Alkohol: 46,1 % vol. Master Blender:Angela D&#8217;Orazio Barricas principales:Roble americano nuevo El sabor del ahumado de Svensk R\u00f6k (humo sueco) se inspira en la antigua tradici\u00f3n de condimentar y conservar los alimentos infusion\u00e1ndolos con humo de enebro. En esta segunda y limitada edici\u00f3n de Svensk R\u00f6k, hemos envejecido nuestra receta ahumada exclusivamente [&hellip;]<\/p>\n","protected":false},"featured_media":75293,"comment_status":"open","ping_status":"closed","template":"","meta":{"_acf_changed":false},"product_brand":[],"product_cat":[354,458,522],"product_tag":[],"class_list":{"0":"post-78928","1":"product","2":"type-product","3":"status-publish","4":"has-post-thumbnail","6":"product_cat-whisky-by-brand","7":"product_cat-mackmyra-es","8":"product_cat-sweden-es","10":"first","11":"instock","12":"taxable","13":"shipping-taxable","14":"purchasable","15":"product-type-simple"},"acf":[],"aioseo_notices":[],"jetpack_sharing_enabled":true,"_links":{"self":[{"href":"https:\/\/whisky.ad\/es\/wp-json\/wp\/v2\/product\/78928","targetHints":{"allow":["GET"]}}],"collection":[{"href":"https:\/\/whisky.ad\/es\/wp-json\/wp\/v2\/product"}],"about":[{"href":"https:\/\/whisky.ad\/es\/wp-json\/wp\/v2\/types\/product"}],"replies":[{"embeddable":true,"href":"https:\/\/whisky.ad\/es\/wp-json\/wp\/v2\/comments?post=78928"}],"wp:featuredmedia":[{"embeddable":true,"href":"https:\/\/whisky.ad\/es\/wp-json\/wp\/v2\/media\/75293"}],"wp:attachment":[{"href":"https:\/\/whisky.ad\/es\/wp-json\/wp\/v2\/media?parent=78928"}],"wp:term":[{"taxonomy":"product_brand","embeddable":true,"href":"https:\/\/whisky.ad\/es\/wp-json\/wp\/v2\/product_brand?post=78928"},{"taxonomy":"product_cat","embeddable":true,"href":"https:\/\/whisky.ad\/es\/wp-json\/wp\/v2\/product_cat?post=78928"},{"taxonomy":"product_tag","embeddable":true,"href":"https:\/\/whisky.ad\/es\/wp-json\/wp\/v2\/product_tag?post=78928"}],"curies":[{"name":"wp","href":"https:\/\/api.w.org\/{rel}","templated":true}]}}