{"id":78925,"date":"2020-01-12T19:03:36","date_gmt":"2020-01-12T18:03:36","guid":{"rendered":"https:\/\/whisky.ad\/product\/mackmyra-organic-gin-0-7l-40\/"},"modified":"2020-01-12T19:03:36","modified_gmt":"2020-01-12T18:03:36","slug":"mackmyra-organic-gin-0-7l-40","status":"publish","type":"product","link":"https:\/\/whisky.ad\/es\/producto\/mackmyra-organic-gin-0-7l-40\/","title":{"rendered":"Mackmyra Organic Gin 0.7L. 40%"},"content":{"rendered":"<h5>700 ml, Alc 40% vol.<\/h5>\n<h5>Lab Distillery Organic Gin es una ginebra moderna, producida artesanalmente, con un sabor cl\u00e1sico que incorpora sabores suecos e ingredientes ecol\u00f3gicos cuidadosamente seleccionados, destilada en el tradicional alambique de cobre de Mackmyra Bruk.<\/h5>\n<h5>Bot\u00e1nicos: Enebro, cilantro, lim\u00f3n, flor de sa\u00faco, ar\u00e1ndano rojo y mango. La ginebra ecol\u00f3gica se ha desarrollado para su uso en c\u00f3cteles cl\u00e1sicos de ginebra o Dry Martinis. <\/h5>\n<p>Bot\u00e1nicos: Enebro, cilantro, lim\u00f3n, flor de sa\u00faco, ar\u00e1ndano rojo y mango<\/p>\n","protected":false},"excerpt":{"rendered":"<p>700 ml, Alc 40% vol. Lab Distillery Organic Gin es una ginebra moderna, producida artesanalmente, con un sabor cl\u00e1sico que incorpora sabores suecos e ingredientes ecol\u00f3gicos cuidadosamente seleccionados, destilada en el tradicional alambique de cobre de Mackmyra Bruk. Bot\u00e1nicos: Enebro, cilantro, lim\u00f3n, flor de sa\u00faco, ar\u00e1ndano rojo y mango. La ginebra ecol\u00f3gica se ha desarrollado [&hellip;]<\/p>\n","protected":false},"featured_media":77450,"comment_status":"open","ping_status":"closed","template":"","meta":{"_acf_changed":false},"product_brand":[],"product_cat":[345,414],"product_tag":[],"class_list":{"0":"post-78925","1":"product","2":"type-product","3":"status-publish","4":"has-post-thumbnail","6":"product_cat-bebidas-acoholicas-es","7":"product_cat-ginebra","9":"first","10":"instock","11":"taxable","12":"shipping-taxable","13":"purchasable","14":"product-type-simple"},"acf":[],"aioseo_notices":[],"jetpack_sharing_enabled":true,"_links":{"self":[{"href":"https:\/\/whisky.ad\/es\/wp-json\/wp\/v2\/product\/78925","targetHints":{"allow":["GET"]}}],"collection":[{"href":"https:\/\/whisky.ad\/es\/wp-json\/wp\/v2\/product"}],"about":[{"href":"https:\/\/whisky.ad\/es\/wp-json\/wp\/v2\/types\/product"}],"replies":[{"embeddable":true,"href":"https:\/\/whisky.ad\/es\/wp-json\/wp\/v2\/comments?post=78925"}],"wp:featuredmedia":[{"embeddable":true,"href":"https:\/\/whisky.ad\/es\/wp-json\/wp\/v2\/media\/77450"}],"wp:attachment":[{"href":"https:\/\/whisky.ad\/es\/wp-json\/wp\/v2\/media?parent=78925"}],"wp:term":[{"taxonomy":"product_brand","embeddable":true,"href":"https:\/\/whisky.ad\/es\/wp-json\/wp\/v2\/product_brand?post=78925"},{"taxonomy":"product_cat","embeddable":true,"href":"https:\/\/whisky.ad\/es\/wp-json\/wp\/v2\/product_cat?post=78925"},{"taxonomy":"product_tag","embeddable":true,"href":"https:\/\/whisky.ad\/es\/wp-json\/wp\/v2\/product_tag?post=78925"}],"curies":[{"name":"wp","href":"https:\/\/api.w.org\/{rel}","templated":true}]}}