{"id":78922,"date":"2020-01-12T18:39:36","date_gmt":"2020-01-12T17:39:36","guid":{"rendered":"https:\/\/whisky.ad\/product\/mackmyra-moment-prestige-swedish-single-malt\/"},"modified":"2020-01-12T18:39:36","modified_gmt":"2020-01-12T17:39:36","slug":"mackmyra-moment-prestige-swedish-single-malt","status":"publish","type":"product","link":"https:\/\/whisky.ad\/es\/producto\/mackmyra-moment-prestige-swedish-single-malt\/","title":{"rendered":"Mackmyra Moment Prestige Swedish Single Malt"},"content":{"rendered":"<p>0,7l 46,1% Barricas primarias: &#8211; 1er llenado ex-Champagne, 225 L. &#8211; 2\u00ba llenado ex-Champagne, 250 L &#8211; 3er llenado ex-Champagne, 250 L Momento Prestige es un whisky de once a\u00f1os envejecido en barricas de roble franc\u00e9s que anteriormente contuvieron vino del productor artesanal de Champagne Philipponnat. En la elaboraci\u00f3n del champ\u00e1n, Philipponnat s\u00f3lo utiliza las mejores uvas, principalmente de vi\u00f1edos Premier y Grand Cru, y deja envejecer parte del vino en barricas de roble, que aportan al whisky notas crujientes de vino blanco, pomelo, pan y roble tostado.<\/p>\n<p><img loading=\"lazy\" decoding=\"async\" class=\"alignnone size-medium wp-image-7064\" src=\"https:\/\/mackmyra.com\/wp-content\/uploads\/prestigeprestige-750x333.jpg\" sizes=\"auto, (max-width: 750px) 100vw, 750px\" srcset=\"https:\/\/mackmyra.com\/wp-content\/uploads\/prestigeprestige-750x333.jpg 750w, https:\/\/mackmyra.com\/wp-content\/uploads\/prestigeprestige-768x341.jpg 768w, https:\/\/mackmyra.com\/wp-content\/uploads\/prestigeprestige-1140x507.jpg 1140w, https:\/\/mackmyra.com\/wp-content\/uploads\/prestigeprestige.jpg 1350w\" alt=\"\" width=\"750\" height=\"333\"><\/p>\n<p>NARIZ Notas afrutadas, vinosas y un picante herb\u00e1ceo junto con vainilla, roble tostado, dulce de pera, uvas calientes, pimienta blanca, an\u00eds, jengibre y cardamomo. SABOR Roble y notas destacadas de uva blanca y pomelo. Notas especiadas y herb\u00e1ceas de eucaplyptus, an\u00eds y vainilla. La textura es de espesor medio. RETROGUSTO El retrogusto es largo con notas vinosas tangibles de champ\u00e1n que avanzan hacia notas secas de roble.<\/p>\n","protected":false},"excerpt":{"rendered":"<p>0,7l 46,1% Barricas primarias: &#8211; 1er llenado ex-Champagne, 225 L. &#8211; 2\u00ba llenado ex-Champagne, 250 L &#8211; 3er llenado ex-Champagne, 250 L Momento Prestige es un whisky de once a\u00f1os envejecido en barricas de roble franc\u00e9s que anteriormente contuvieron vino del productor artesanal de Champagne Philipponnat. En la elaboraci\u00f3n del champ\u00e1n, Philipponnat s\u00f3lo utiliza las [&hellip;]<\/p>\n","protected":false},"featured_media":75851,"comment_status":"open","ping_status":"closed","template":"","meta":{"_acf_changed":false},"product_brand":[],"product_cat":[354,458,522],"product_tag":[],"class_list":{"0":"post-78922","1":"product","2":"type-product","3":"status-publish","4":"has-post-thumbnail","6":"product_cat-whisky-by-brand","7":"product_cat-mackmyra-es","8":"product_cat-sweden-es","10":"first","11":"instock","12":"taxable","13":"shipping-taxable","14":"purchasable","15":"product-type-simple"},"acf":[],"aioseo_notices":[],"jetpack_sharing_enabled":true,"_links":{"self":[{"href":"https:\/\/whisky.ad\/es\/wp-json\/wp\/v2\/product\/78922","targetHints":{"allow":["GET"]}}],"collection":[{"href":"https:\/\/whisky.ad\/es\/wp-json\/wp\/v2\/product"}],"about":[{"href":"https:\/\/whisky.ad\/es\/wp-json\/wp\/v2\/types\/product"}],"replies":[{"embeddable":true,"href":"https:\/\/whisky.ad\/es\/wp-json\/wp\/v2\/comments?post=78922"}],"wp:featuredmedia":[{"embeddable":true,"href":"https:\/\/whisky.ad\/es\/wp-json\/wp\/v2\/media\/75851"}],"wp:attachment":[{"href":"https:\/\/whisky.ad\/es\/wp-json\/wp\/v2\/media?parent=78922"}],"wp:term":[{"taxonomy":"product_brand","embeddable":true,"href":"https:\/\/whisky.ad\/es\/wp-json\/wp\/v2\/product_brand?post=78922"},{"taxonomy":"product_cat","embeddable":true,"href":"https:\/\/whisky.ad\/es\/wp-json\/wp\/v2\/product_cat?post=78922"},{"taxonomy":"product_tag","embeddable":true,"href":"https:\/\/whisky.ad\/es\/wp-json\/wp\/v2\/product_tag?post=78922"}],"curies":[{"name":"wp","href":"https:\/\/api.w.org\/{rel}","templated":true}]}}