{"id":78919,"date":"2020-01-12T18:45:05","date_gmt":"2020-01-12T17:45:05","guid":{"rendered":"https:\/\/whisky.ad\/product\/mackmyra-moment-karibien-swedish-single-malt\/"},"modified":"2020-01-12T18:45:05","modified_gmt":"2020-01-12T17:45:05","slug":"mackmyra-moment-karibien-swedish-single-malt","status":"publish","type":"product","link":"https:\/\/whisky.ad\/es\/producto\/mackmyra-moment-karibien-swedish-single-malt\/","title":{"rendered":"Mackmyra Moment Karibien Swedish Single Malt"},"content":{"rendered":"<p>Volumen: 70 cl, Alc:\/vol: 44,4 % PERFIL AROM\u00c1TICO: Barricas de ron, 350 L Ex-bourbon, 200 L Oloroso, 128 L Cherrycask, 200L Ya ha llegado Moment Karibien, la esperada continuaci\u00f3n de Mackmyra Vinterdr\u00f6m. Moment Karibien es un elegante whisky de malta, parcialmente madurado en barricas que han contenido ron Plantation Barbados &amp; Jamaica, pero tambi\u00e9n aromatizado con whisky de barricas ex-Oloroso y ex-Cerezo. Alrededor del 75% del whisky se ha acabado en barricas de ron. El resultado es un whisky especiado y afrutado con c\u00e1lidas notas de ron y vainilla de roble. El whisky de las distintas barricas que componen Moment Karibien tiene como m\u00ednimo 8 a\u00f1os y como m\u00e1ximo 12. Madurado a 50 metros bajo tierra en la mina de Bod\u00e5s. El whisky se ha fabricado en una edici\u00f3n limitada de s\u00f3lo 4.137 botellas. NARIZ Afrutado, especiado y mantecoso, con notas de vainilla, toffee y roble tostado. Evocando bayas, hay aromas de ron, frutos secos y pera. SABOR Especiado y afrutado con notas c\u00e1lidas de ron, Oloroso y vainilla de roble. La textura es ligeramente untuosa. RETROGUSTO Afrutado y de roble con un toque de vainilla.<\/p>\n","protected":false},"excerpt":{"rendered":"<p>Volumen: 70 cl, Alc:\/vol: 44,4 % PERFIL AROM\u00c1TICO: Barricas de ron, 350 L Ex-bourbon, 200 L Oloroso, 128 L Cherrycask, 200L Ya ha llegado Moment Karibien, la esperada continuaci\u00f3n de Mackmyra Vinterdr\u00f6m. Moment Karibien es un elegante whisky de malta, parcialmente madurado en barricas que han contenido ron Plantation Barbados &amp; Jamaica, pero tambi\u00e9n aromatizado [&hellip;]<\/p>\n","protected":false},"featured_media":79186,"comment_status":"open","ping_status":"closed","template":"","meta":{"_acf_changed":false},"product_brand":[],"product_cat":[354,458,522],"product_tag":[],"class_list":{"0":"post-78919","1":"product","2":"type-product","3":"status-publish","4":"has-post-thumbnail","6":"product_cat-whisky-by-brand","7":"product_cat-mackmyra-es","8":"product_cat-sweden-es","10":"first","11":"instock","12":"taxable","13":"shipping-taxable","14":"purchasable","15":"product-type-simple"},"acf":[],"aioseo_notices":[],"jetpack_sharing_enabled":true,"_links":{"self":[{"href":"https:\/\/whisky.ad\/es\/wp-json\/wp\/v2\/product\/78919","targetHints":{"allow":["GET"]}}],"collection":[{"href":"https:\/\/whisky.ad\/es\/wp-json\/wp\/v2\/product"}],"about":[{"href":"https:\/\/whisky.ad\/es\/wp-json\/wp\/v2\/types\/product"}],"replies":[{"embeddable":true,"href":"https:\/\/whisky.ad\/es\/wp-json\/wp\/v2\/comments?post=78919"}],"wp:featuredmedia":[{"embeddable":true,"href":"https:\/\/whisky.ad\/es\/wp-json\/wp\/v2\/media\/79186"}],"wp:attachment":[{"href":"https:\/\/whisky.ad\/es\/wp-json\/wp\/v2\/media?parent=78919"}],"wp:term":[{"taxonomy":"product_brand","embeddable":true,"href":"https:\/\/whisky.ad\/es\/wp-json\/wp\/v2\/product_brand?post=78919"},{"taxonomy":"product_cat","embeddable":true,"href":"https:\/\/whisky.ad\/es\/wp-json\/wp\/v2\/product_cat?post=78919"},{"taxonomy":"product_tag","embeddable":true,"href":"https:\/\/whisky.ad\/es\/wp-json\/wp\/v2\/product_tag?post=78919"}],"curies":[{"name":"wp","href":"https:\/\/api.w.org\/{rel}","templated":true}]}}