{"id":78915,"date":"2020-01-12T17:57:45","date_gmt":"2020-01-12T16:57:45","guid":{"rendered":"https:\/\/whisky.ad\/product\/mackmyra-gruvguld-swedish-single-malt\/"},"modified":"2020-01-12T17:57:45","modified_gmt":"2020-01-12T16:57:45","slug":"mackmyra-gruvguld-swedish-single-malt","status":"publish","type":"product","link":"https:\/\/whisky.ad\/es\/producto\/mackmyra-gruvguld-swedish-single-malt\/","title":{"rendered":"Mackmyra Gruvguld Swedish Single Malt"},"content":{"rendered":"<p>Volumen: 70 cl, Alc:\/vol: 46,1 %. Maestro mezclador:Angela D&#8217;Orazio. CONTIENE: BOURBON: 30 L &#8211; 100 L1st fill \/ 2nd fill ROBLE SUECO: 30 L &#8211; 100 LVirgin \/ 1st fill \/ 2nd fill OLOROSO 30 LVirgin \/ 1st fill ROBLE SUECO + BOURBON: 30 L Virgen \/ 2nd fill \/ saturado c. PX NUEVO ROBLE AMERICANO: 128 L. Virgen \/ 1st fill \/ saturado c. Oloroso Mackmyra ha perseguido sus sue\u00f1os y ha creado el whisky sueco. Mackmyra lo elabora a su manera, utilizando ingredientes locales y sin aditivos. Mackmyra se esfuerza constantemente por evolucionar. El resultado ha situado a Suecia en el mapa internacional del whisky. Mackmyra Gruvguld (Oro de la mina) ha envejecido en peque\u00f1as barricas de 30, 100 y 128 litros, en la mina de Bod\u00e5s, a 50 metros bajo tierra. Este whisky es un homenaje a nuestras potentes barricas de 30 litros que nos han acompa\u00f1ado desde los inicios de Mackmyra, y m\u00e1s de la mitad del resultado final se envejeci\u00f3 en estas barricas de diferentes tipos de roble y acabados. La nueva marca que se envejeci\u00f3, es principalmente de la receta sin madurar, con la excepci\u00f3n de unas pocas barricas ahumadas para una peque\u00f1a adici\u00f3n de picante. Entre la gran variedad de barricas utilizadas, tambi\u00e9n hay algunas que anteriormente almacenaron oloroso y Pedro Xim\u00e9nez. NARIZ Especiado con bayas, frutas y ligeras notas aceitosas. Notas tostadas de vainilla, roble y caramelo. Ligero picante c\u00e1lido y de roble con un toque de alquitr\u00e1n y mineralidades. Notas dulces de pasas, mazap\u00e1n, c\u00edtricos y gota de pera. Se encuentran notas de grosella negra de whisky m\u00e1s a\u00f1ejo junto con notas especiadas y herb\u00e1ceas de an\u00eds, jengibre y hojas de tabaco. SABOR Especiado con un agradable equilibrio entre frutas, bayas, aceites y roble. Grosella negra, dulce de pera y pomelo. Agradable roble especiado con toques de alquitr\u00e1n y hojas de tabaco. Textura ligeramente aceitosa. RETROGUSTO Untuoso y especiado con bayas y una ligera sequedad al final.<\/p>\n","protected":false},"excerpt":{"rendered":"<p>Volumen: 70 cl, Alc:\/vol: 46,1 %. Maestro mezclador:Angela D&#8217;Orazio. CONTIENE: BOURBON: 30 L &#8211; 100 L1st fill \/ 2nd fill ROBLE SUECO: 30 L &#8211; 100 LVirgin \/ 1st fill \/ 2nd fill OLOROSO 30 LVirgin \/ 1st fill ROBLE SUECO + BOURBON: 30 L Virgen \/ 2nd fill \/ saturado c. PX NUEVO ROBLE [&hellip;]<\/p>\n","protected":false},"featured_media":72156,"comment_status":"open","ping_status":"closed","template":"","meta":{"_acf_changed":false},"product_brand":[],"product_cat":[458,522,354],"product_tag":[],"class_list":{"0":"post-78915","1":"product","2":"type-product","3":"status-publish","4":"has-post-thumbnail","6":"product_cat-mackmyra-es","7":"product_cat-sweden-es","8":"product_cat-whisky-by-brand","10":"first","11":"outofstock","12":"taxable","13":"shipping-taxable","14":"purchasable","15":"product-type-simple"},"acf":[],"aioseo_notices":[],"jetpack_sharing_enabled":true,"_links":{"self":[{"href":"https:\/\/whisky.ad\/es\/wp-json\/wp\/v2\/product\/78915","targetHints":{"allow":["GET"]}}],"collection":[{"href":"https:\/\/whisky.ad\/es\/wp-json\/wp\/v2\/product"}],"about":[{"href":"https:\/\/whisky.ad\/es\/wp-json\/wp\/v2\/types\/product"}],"replies":[{"embeddable":true,"href":"https:\/\/whisky.ad\/es\/wp-json\/wp\/v2\/comments?post=78915"}],"wp:featuredmedia":[{"embeddable":true,"href":"https:\/\/whisky.ad\/es\/wp-json\/wp\/v2\/media\/72156"}],"wp:attachment":[{"href":"https:\/\/whisky.ad\/es\/wp-json\/wp\/v2\/media?parent=78915"}],"wp:term":[{"taxonomy":"product_brand","embeddable":true,"href":"https:\/\/whisky.ad\/es\/wp-json\/wp\/v2\/product_brand?post=78915"},{"taxonomy":"product_cat","embeddable":true,"href":"https:\/\/whisky.ad\/es\/wp-json\/wp\/v2\/product_cat?post=78915"},{"taxonomy":"product_tag","embeddable":true,"href":"https:\/\/whisky.ad\/es\/wp-json\/wp\/v2\/product_tag?post=78915"}],"curies":[{"name":"wp","href":"https:\/\/api.w.org\/{rel}","templated":true}]}}