{"id":78912,"date":"2020-01-12T18:55:18","date_gmt":"2020-01-12T17:55:18","guid":{"rendered":"https:\/\/whisky.ad\/product\/mackmyra-bee-honey-whisky\/"},"modified":"2020-01-12T18:55:18","modified_gmt":"2020-01-12T17:55:18","slug":"mackmyra-bee-honey-whisky","status":"publish","type":"product","link":"https:\/\/whisky.ad\/es\/producto\/mackmyra-bee-honey-whisky\/","title":{"rendered":"Mackmyra Bee Honey Whisky"},"content":{"rendered":"<p>0,5L 22% Licor de whisky y miel elaborado con ingredientes suecos puros Bee es un licor sueco con whisky y miel, elaborado con whisky sueco, vodka de malta y miel ecol\u00f3gica. La miel se produce en los alrededores de G\u00e4vle y Valbo, principalmente a partir de flores de diente de le\u00f3n, tilo y flores del bosque, con toques de frambuesa. El color es amarillo \u00e1mbar y la nariz es afrutada, de bayas y compleja, con notas de miel, madera de barrica, vainilla y caf\u00e9. En boca es delicioso y dulce como la miel, con aromas de az\u00facar demerara, vainilla y caramelo de mantequilla, con ligeras notas de barrica de fondo. El retrogusto es ligeramente dulce a miel con notas de almendra, caf\u00e9 y c\u00edtricos. La graduaci\u00f3n alcoh\u00f3lica es de un sabroso 22%, para equilibrar perfectamente las suaves notas de miel. Disfrute de Bee como un avec bien fr\u00edo o como un dulce final para una buena cena. NARIZ La nariz es afrutada, de bayas y compleja, con notas de miel, madera de barrica, vainilla y caf\u00e9. SABOR En boca es delicioso y dulce como la miel, con aromas de az\u00facar demerara, vainilla y caramelo con ligeras notas de barrica en el fondo. El retrogusto es ligeramente dulce a miel con notas de almendra, caf\u00e9 y c\u00edtricos.<\/p>\n<p>&nbsp;<\/p>\n","protected":false},"excerpt":{"rendered":"<p>0,5L 22% Licor de whisky y miel elaborado con ingredientes suecos puros Bee es un licor sueco con whisky y miel, elaborado con whisky sueco, vodka de malta y miel ecol\u00f3gica. La miel se produce en los alrededores de G\u00e4vle y Valbo, principalmente a partir de flores de diente de le\u00f3n, tilo y flores del [&hellip;]<\/p>\n","protected":false},"featured_media":75860,"comment_status":"open","ping_status":"closed","template":"","meta":{"_acf_changed":false},"product_brand":[],"product_cat":[425,345],"product_tag":[],"class_list":{"0":"post-78912","1":"product","2":"type-product","3":"status-publish","4":"has-post-thumbnail","6":"product_cat-licor-es","7":"product_cat-bebidas-acoholicas-es","9":"first","10":"instock","11":"taxable","12":"shipping-taxable","13":"purchasable","14":"product-type-simple"},"acf":[],"aioseo_notices":[],"jetpack_sharing_enabled":true,"_links":{"self":[{"href":"https:\/\/whisky.ad\/es\/wp-json\/wp\/v2\/product\/78912","targetHints":{"allow":["GET"]}}],"collection":[{"href":"https:\/\/whisky.ad\/es\/wp-json\/wp\/v2\/product"}],"about":[{"href":"https:\/\/whisky.ad\/es\/wp-json\/wp\/v2\/types\/product"}],"replies":[{"embeddable":true,"href":"https:\/\/whisky.ad\/es\/wp-json\/wp\/v2\/comments?post=78912"}],"wp:featuredmedia":[{"embeddable":true,"href":"https:\/\/whisky.ad\/es\/wp-json\/wp\/v2\/media\/75860"}],"wp:attachment":[{"href":"https:\/\/whisky.ad\/es\/wp-json\/wp\/v2\/media?parent=78912"}],"wp:term":[{"taxonomy":"product_brand","embeddable":true,"href":"https:\/\/whisky.ad\/es\/wp-json\/wp\/v2\/product_brand?post=78912"},{"taxonomy":"product_cat","embeddable":true,"href":"https:\/\/whisky.ad\/es\/wp-json\/wp\/v2\/product_cat?post=78912"},{"taxonomy":"product_tag","embeddable":true,"href":"https:\/\/whisky.ad\/es\/wp-json\/wp\/v2\/product_tag?post=78912"}],"curies":[{"name":"wp","href":"https:\/\/api.w.org\/{rel}","templated":true}]}}