{"id":78907,"date":"2019-12-30T14:31:42","date_gmt":"2019-12-30T13:31:42","guid":{"rendered":"https:\/\/whisky.ad\/product\/luigi-righetti-amarone-della-valpolicella-classico-2015\/"},"modified":"2024-01-12T11:24:35","modified_gmt":"2024-01-12T10:24:35","slug":"luigi-righetti-amarone-della-valpolicella-classico-2015","status":"publish","type":"product","link":"https:\/\/whisky.ad\/es\/producto\/luigi-righetti-amarone-della-valpolicella-classico-2015\/","title":{"rendered":"Luigi Righetti \u2013 Amarone della Valpolicella Classico 2015"},"content":{"rendered":"<p><strong>Entre el 5% m\u00e9s important de tots els vins del m\u00f3n (Vivino)<\/strong><\/p>\n<p><strong>Puntuaci\u00f3 88\/100 al cercador agregat de vi<\/strong><\/p>\n<p>Categor\u00edas: Corvina, It\u00e0lia, Luigi Righetti, Vi negre, vins del V\u00e8neto. -Pa\u00eds \/ Regi\u00f3: It\u00e0lia \/ V\u00e8neto -Tipus: Vi negre -Varietat: corvina -Vintage: 2015 -Dol\u00e7 percebut: sec -Cos: de cos sencer -Tancament: suro -Quan beure: beure ara i durant els propers 4 anys <strong>Nota de tast<\/strong>: de color vermell rub\u00ed, amb cos, un nas molt complex que destaca la fruita seca, la cirera negra, les esp\u00e8cies dolces i un toc d&#8217;an\u00eds. Esto presenta sabores extremadamente ricos, con un final largo y suave y postgusto. Ben equilibrat, amb bona acidesa, roure dol\u00e7 i alcohol. El resultado es asegurar el sue\u00f1o durante 3-5 meses despu\u00e9s de la premeditaci\u00f3n. Lo que queda es un vi de fruita altament extret que presenta un 15% d&#8217;alc. <strong>Mariscos<\/strong>: filete, formato y pasta<\/p>\n","protected":false},"excerpt":{"rendered":"<p>Entre el 5% superior de todos los vinos del mundo (Vivino) Puntuaci\u00f3n 88\/100 en el buscador de vinos agregado -Categor\u00edas: Corvina, Italia, Luigi Righetti, vino tinto, vinos del V\u00e9neto. -Pa\u00eds \/ Regi\u00f3n: Italia \/ V\u00e9neto -Tipo: Vino tinto -Variedad: corvina &#8211; A\u00f1ada: 2015 -Dulzo percibido: seco -Cuerpo: pleno &#8211; Cierre: corcho -Cu\u00e1ndo beber: beber ahora y durante los pr\u00f3ximos 4 a\u00f1os Nota de cata : rojo rub\u00ed, con mucho cuerpo, nariz muy compleja donde destacan frutos secos, cereza negra, especias dulces y un toque de an\u00eds. Este vino tiene sabores extremadamente ricos, con un final y retrogusto largo y suave. Bien equilibrado, con buena acidez, roble dulce y alcohol. Resultado del secado de la uva durante 3-5 meses antes del prensado. Lo que queda es un vino de frutas muy extra\u00eddo con un 15% de alcohol. Maridajes: bistec, queso y pasta<\/p>\n","protected":false},"featured_media":75611,"comment_status":"open","ping_status":"closed","template":"","meta":{"_acf_changed":false},"product_brand":[],"product_cat":[516,387],"product_tag":[],"class_list":{"0":"post-78907","1":"product","2":"type-product","3":"status-publish","4":"has-post-thumbnail","6":"product_cat-veneto-es","7":"product_cat-vino-es","9":"first","10":"outofstock","11":"taxable","12":"shipping-taxable","13":"purchasable","14":"product-type-simple"},"acf":[],"aioseo_notices":[],"jetpack_sharing_enabled":true,"_links":{"self":[{"href":"https:\/\/whisky.ad\/es\/wp-json\/wp\/v2\/product\/78907","targetHints":{"allow":["GET"]}}],"collection":[{"href":"https:\/\/whisky.ad\/es\/wp-json\/wp\/v2\/product"}],"about":[{"href":"https:\/\/whisky.ad\/es\/wp-json\/wp\/v2\/types\/product"}],"replies":[{"embeddable":true,"href":"https:\/\/whisky.ad\/es\/wp-json\/wp\/v2\/comments?post=78907"}],"wp:featuredmedia":[{"embeddable":true,"href":"https:\/\/whisky.ad\/es\/wp-json\/wp\/v2\/media\/75611"}],"wp:attachment":[{"href":"https:\/\/whisky.ad\/es\/wp-json\/wp\/v2\/media?parent=78907"}],"wp:term":[{"taxonomy":"product_brand","embeddable":true,"href":"https:\/\/whisky.ad\/es\/wp-json\/wp\/v2\/product_brand?post=78907"},{"taxonomy":"product_cat","embeddable":true,"href":"https:\/\/whisky.ad\/es\/wp-json\/wp\/v2\/product_cat?post=78907"},{"taxonomy":"product_tag","embeddable":true,"href":"https:\/\/whisky.ad\/es\/wp-json\/wp\/v2\/product_tag?post=78907"}],"curies":[{"name":"wp","href":"https:\/\/api.w.org\/{rel}","templated":true}]}}