{"id":78904,"date":"2023-08-28T13:57:46","date_gmt":"2023-08-28T12:57:46","guid":{"rendered":"https:\/\/whisky.ad\/product\/loiten-aquavit-0-7l-40\/"},"modified":"2023-08-28T13:57:46","modified_gmt":"2023-08-28T12:57:46","slug":"loiten-aquavit-0-7l-40","status":"publish","type":"product","link":"https:\/\/whisky.ad\/es\/producto\/loiten-aquavit-0-7l-40\/","title":{"rendered":"Loiten Aquavit 0.7l 40%"},"content":{"rendered":"","protected":false},"excerpt":{"rendered":"<p>L\u00f8iten Aquavit es la quintaesencia del aquavit noruego para el almuerzo, famoso por su distintiva interacci\u00f3n de c\u00edtricos y especias, magistralmente equilibrada. A medida que se desarrolla el viaje, una suave corriente subterr\u00e1nea de an\u00eds baila en el paladar, acompa\u00f1ada de un sutil toque dulce, resultado de los seis meses de maduraci\u00f3n en barricas de roble antes del embotellado. Aspecto: Irradia un delicado tono dorado claro. Aroma: La fragancia presenta un elegante conjunto, ofreciendo una compleja sinfon\u00eda de lim\u00f3n y piel de naranja. Perfil gustativo: El paladar acoge una armoniosa suavidad y equilibrio, donde las notas c\u00edtricas cobran protagonismo, complementadas por un delicado toque de an\u00eds. Recomendaciones de consumo: Acompa\u00f1ante natural de los almuerzos daneses o noruegos, se disfruta mejor ligeramente fr\u00edo, pero no hasta el punto de estar helado. Los or\u00edgenes de L\u00f8ken Burneri se remontan a 1855, cuando se estableci\u00f3 como cooperativa para atender las necesidades de destilaci\u00f3n de los campesinos del municipio noruego de L\u00f8ten. Posteriormente, surgi\u00f3 la destiler\u00eda L\u00f8iten Burneri en Oslo, que entretej\u00eda las materias primas con un conjunto de especias y hierbas para dar forma a su sabor caracter\u00edstico. Sorprendentemente, las recetas elaboradas durante esa \u00e9poca siguen siendo fundamentales para sus ofertas incluso hoy en d\u00eda. <\/p>\n","protected":false},"featured_media":77288,"comment_status":"open","ping_status":"closed","template":"","meta":{"_acf_changed":false},"product_brand":[],"product_cat":[345,346],"product_tag":[],"class_list":{"0":"post-78904","1":"product","2":"type-product","3":"status-publish","4":"has-post-thumbnail","6":"product_cat-bebidas-acoholicas-es","7":"product_cat-aquavit-es","9":"first","10":"instock","11":"taxable","12":"shipping-taxable","13":"purchasable","14":"product-type-simple"},"acf":[],"aioseo_notices":[],"jetpack_sharing_enabled":true,"_links":{"self":[{"href":"https:\/\/whisky.ad\/es\/wp-json\/wp\/v2\/product\/78904","targetHints":{"allow":["GET"]}}],"collection":[{"href":"https:\/\/whisky.ad\/es\/wp-json\/wp\/v2\/product"}],"about":[{"href":"https:\/\/whisky.ad\/es\/wp-json\/wp\/v2\/types\/product"}],"replies":[{"embeddable":true,"href":"https:\/\/whisky.ad\/es\/wp-json\/wp\/v2\/comments?post=78904"}],"wp:featuredmedia":[{"embeddable":true,"href":"https:\/\/whisky.ad\/es\/wp-json\/wp\/v2\/media\/77288"}],"wp:attachment":[{"href":"https:\/\/whisky.ad\/es\/wp-json\/wp\/v2\/media?parent=78904"}],"wp:term":[{"taxonomy":"product_brand","embeddable":true,"href":"https:\/\/whisky.ad\/es\/wp-json\/wp\/v2\/product_brand?post=78904"},{"taxonomy":"product_cat","embeddable":true,"href":"https:\/\/whisky.ad\/es\/wp-json\/wp\/v2\/product_cat?post=78904"},{"taxonomy":"product_tag","embeddable":true,"href":"https:\/\/whisky.ad\/es\/wp-json\/wp\/v2\/product_tag?post=78904"}],"curies":[{"name":"wp","href":"https:\/\/api.w.org\/{rel}","templated":true}]}}