{"id":78901,"date":"2023-08-30T18:33:19","date_gmt":"2023-08-30T17:33:19","guid":{"rendered":"https:\/\/whisky.ad\/product\/loch-lomond-unpeated-single-grain-whisky-0-7l-46\/"},"modified":"2023-08-30T18:33:19","modified_gmt":"2023-08-30T17:33:19","slug":"loch-lomond-unpeated-single-grain-whisky-0-7l-46","status":"publish","type":"product","link":"https:\/\/whisky.ad\/es\/producto\/loch-lomond-unpeated-single-grain-whisky-0-7l-46\/","title":{"rendered":"Loch Lomond Unpeated Single Grain Whisky 0.7l 46%"},"content":{"rendered":"","protected":false},"excerpt":{"rendered":"<p>En Loch Lomond, destilan el single grain utilizando un alambique continuo y 100% cebada malteada, una elecci\u00f3n poco com\u00fan para el whisky single grain, que normalmente utiliza otros granos como centeno o ma\u00edz. Este proceso \u00fanico produce un espirituoso aterciopelado y dulce, dotado de una complejidad poco com\u00fan en el whisky de grano \u00fanico. Anticipe una sutil paleta de sabores con notas de refrescante manzana verde, aterciopelada vainilla y suaves frutas del huerto.  <\/p>\n<div class=\"flex flex-grow flex-col gap-3 max-w-full\">\n<div class=\"min-h-[20px] flex flex-col items-start gap-3 overflow-x-auto whitespace-pre-wrap break-words\">\n<div class=\"markdown prose w-full break-words dark:prose-invert light\">\n<p>Perfil de cata AROMA El aroma de los campos de cebada reci\u00e9n cosechados, acompa\u00f1ado de un matiz maltoso, que combina notas de galleta con manzanas asadas, complementado con un sutil toque de piel de lim\u00f3n. PALADAR Invitadoramente crujiente y fr\u00e1gil. Notas de zumo de pi\u00f1a y c\u00e1scara de lim\u00f3n se entremezclan, culminando en una deliciosa dulzura de vainilla hacia el final. RETROGUSTO Una tierna experiencia, donde los suaves tonos frutales convergen con un suculento dulzor, dejando una jugosa y satisfactoria impresi\u00f3n.<\/p>\n<\/div>\n<\/div>\n<\/div>\n","protected":false},"featured_media":77522,"comment_status":"open","ping_status":"closed","template":"","meta":{"_acf_changed":false},"product_brand":[],"product_cat":[319,354,455,489],"product_tag":[],"class_list":{"0":"post-78901","1":"product","2":"type-product","3":"status-publish","4":"has-post-thumbnail","6":"product_cat-escocia-es","7":"product_cat-whisky-by-brand","8":"product_cat-loch-lomond-es","9":"product_cat-whisky-por-pais-region","11":"first","12":"instock","13":"taxable","14":"shipping-taxable","15":"purchasable","16":"product-type-simple"},"acf":[],"aioseo_notices":[],"jetpack_sharing_enabled":true,"_links":{"self":[{"href":"https:\/\/whisky.ad\/es\/wp-json\/wp\/v2\/product\/78901","targetHints":{"allow":["GET"]}}],"collection":[{"href":"https:\/\/whisky.ad\/es\/wp-json\/wp\/v2\/product"}],"about":[{"href":"https:\/\/whisky.ad\/es\/wp-json\/wp\/v2\/types\/product"}],"replies":[{"embeddable":true,"href":"https:\/\/whisky.ad\/es\/wp-json\/wp\/v2\/comments?post=78901"}],"wp:featuredmedia":[{"embeddable":true,"href":"https:\/\/whisky.ad\/es\/wp-json\/wp\/v2\/media\/77522"}],"wp:attachment":[{"href":"https:\/\/whisky.ad\/es\/wp-json\/wp\/v2\/media?parent=78901"}],"wp:term":[{"taxonomy":"product_brand","embeddable":true,"href":"https:\/\/whisky.ad\/es\/wp-json\/wp\/v2\/product_brand?post=78901"},{"taxonomy":"product_cat","embeddable":true,"href":"https:\/\/whisky.ad\/es\/wp-json\/wp\/v2\/product_cat?post=78901"},{"taxonomy":"product_tag","embeddable":true,"href":"https:\/\/whisky.ad\/es\/wp-json\/wp\/v2\/product_tag?post=78901"}],"curies":[{"name":"wp","href":"https:\/\/api.w.org\/{rel}","templated":true}]}}