{"id":78898,"date":"2023-08-30T18:58:40","date_gmt":"2023-08-30T17:58:40","guid":{"rendered":"https:\/\/whisky.ad\/product\/loch-lomond-steam-fire-single-malt-whisky-0-7l-46\/"},"modified":"2024-01-05T17:27:44","modified_gmt":"2024-01-05T16:27:44","slug":"loch-lomond-steam-fire-single-malt-whisky-0-7l-46","status":"publish","type":"product","link":"https:\/\/whisky.ad\/es\/producto\/loch-lomond-steam-fire-single-malt-whisky-0-7l-46\/","title":{"rendered":"Loch Lomond Steam &amp; Fire Single Malt Whisky 0.7l 46%"},"content":{"rendered":"","protected":false},"excerpt":{"rendered":"<div class=\"flex flex-grow flex-col gap-3 max-w-full\">\n<div class=\"min-h-[20px] flex flex-col items-start gap-3 overflow-x-auto whitespace-pre-wrap break-words\">\n<div class=\"markdown prose w-full break-words dark:prose-invert light\">\n<p>Elaborado con fervor e inventiva, este excepcional Single Malt Whisky se somete a un proceso de acabado en barricas de roble americano fuertemente carbonizadas, un tratamiento que acent\u00faa abundantes matices de esencia de az\u00facar moreno fundido, junto con una suntuosa textura aterciopelada aderezada con toques de naranja y chocolate negro. El whisky de malta Steam &amp; Fire se embarca en un viaje de maduraci\u00f3n que abarca tres variedades distintas de barricas de roble americano y culmina con un final de 10 meses en barricas muy carbonizadas, meticulosamente cocidas en nuestra famosa toneler\u00eda, que se ha ganado sus propios elogios. Esta expresi\u00f3n encarna la destreza de nuestra destiler\u00eda en alquimia e ingenier\u00eda, una manifestaci\u00f3n de nuestra incesante exploraci\u00f3n, experimentaci\u00f3n y maestr\u00eda como artesanos, destiladores y toneleros. Loch Lomond Steam &amp; Fire no s\u00f3lo muestra nuestro polifac\u00e9tico proceso de destilaci\u00f3n, sino tambi\u00e9n las barricas hechas a medida y carbonizadas a mano que salen de nuestra toneler\u00eda tradicional, dando como resultado un whisky inequ\u00edvocamente distintivo e imaginativo. Elaborado a partir de aguardiente destilado tanto en nuestro extraordinario alambique de cuello recto como en el m\u00e1s convencional de cuello de cisne, el aguardiente resultante se cr\u00eda en barricas de roble americano, culminando con un final en barricas fuertemente carbonizadas, sometidas a las llamas por cortes\u00eda de nuestra toneler\u00eda interna. Este proceso de carbonizaci\u00f3n le confiere una complejidad sin igual, amplificando la presencia de las caracter\u00edsticas del az\u00facar moreno fundido, al tiempo que le confiere una sensaci\u00f3n en boca lujosamente mantecosa acompa\u00f1ada de toques de naranja y chocolate negro. Notas de cata AROMA Toffee, manzana, dulce de az\u00facar, vainilla y canela. PALADAR Sensaci\u00f3n sedosa en boca, con notas de naranja, melocot\u00f3n, mermelada, caf\u00e9, az\u00facar moreno fundido y malvavisco tostado. FINAL<\/p>\n<p>El final es de medio a largo, caracterizado por un perfil seco con notas de rico chocolate negro y suaves volutas de humo<\/p>\n<p>REF: <a href=\"https:\/\/www.whiskybase.com\/whiskies\/whisky\/236920\/loch-lomond-steam-fire\">WHISKYBASE<\/a><\/p>\n<\/div>\n<\/div>\n<\/div>\n","protected":false},"featured_media":77525,"comment_status":"open","ping_status":"closed","template":"","meta":{"_acf_changed":false},"product_brand":[],"product_cat":[319,354,455,489],"product_tag":[],"class_list":{"0":"post-78898","1":"product","2":"type-product","3":"status-publish","4":"has-post-thumbnail","6":"product_cat-escocia-es","7":"product_cat-whisky-by-brand","8":"product_cat-loch-lomond-es","9":"product_cat-whisky-por-pais-region","11":"first","12":"instock","13":"taxable","14":"shipping-taxable","15":"purchasable","16":"product-type-simple"},"acf":[],"aioseo_notices":[],"jetpack_sharing_enabled":true,"_links":{"self":[{"href":"https:\/\/whisky.ad\/es\/wp-json\/wp\/v2\/product\/78898","targetHints":{"allow":["GET"]}}],"collection":[{"href":"https:\/\/whisky.ad\/es\/wp-json\/wp\/v2\/product"}],"about":[{"href":"https:\/\/whisky.ad\/es\/wp-json\/wp\/v2\/types\/product"}],"replies":[{"embeddable":true,"href":"https:\/\/whisky.ad\/es\/wp-json\/wp\/v2\/comments?post=78898"}],"wp:featuredmedia":[{"embeddable":true,"href":"https:\/\/whisky.ad\/es\/wp-json\/wp\/v2\/media\/77525"}],"wp:attachment":[{"href":"https:\/\/whisky.ad\/es\/wp-json\/wp\/v2\/media?parent=78898"}],"wp:term":[{"taxonomy":"product_brand","embeddable":true,"href":"https:\/\/whisky.ad\/es\/wp-json\/wp\/v2\/product_brand?post=78898"},{"taxonomy":"product_cat","embeddable":true,"href":"https:\/\/whisky.ad\/es\/wp-json\/wp\/v2\/product_cat?post=78898"},{"taxonomy":"product_tag","embeddable":true,"href":"https:\/\/whisky.ad\/es\/wp-json\/wp\/v2\/product_tag?post=78898"}],"curies":[{"name":"wp","href":"https:\/\/api.w.org\/{rel}","templated":true}]}}