{"id":78895,"date":"2023-11-15T12:35:43","date_gmt":"2023-11-15T11:35:43","guid":{"rendered":"https:\/\/whisky.ad\/product\/loch-lomond-peated-single-grain-whisky-0-7l-46\/"},"modified":"2024-01-05T16:32:26","modified_gmt":"2024-01-05T15:32:26","slug":"loch-lomond-peated-single-grain-whisky-0-7l-46","status":"publish","type":"product","link":"https:\/\/whisky.ad\/es\/producto\/loch-lomond-peated-single-grain-whisky-0-7l-46\/","title":{"rendered":"Loch Lomond Peated Single Grain Whisky 0.7l 46%"},"content":{"rendered":"","protected":false},"excerpt":{"rendered":"<p>El whisky escoc\u00e9s Loch Lomond <a title=\"Single Grain Scotch Whisky\" href=\"https:\/\/www.lochlomondwhiskies.com\/collections\/single-grain-whisky\">Peated Single Grain<\/a> se elabora exclusivamente a partir de cebada malteada muy macerada en la sala de malta de la destiler\u00eda Loch Lomond. A continuaci\u00f3n, se madura en una combinaci\u00f3n de barricas de bourbon de primer uso y de relleno, lo que le confiere un car\u00e1cter afrutado suave con vainilla cremosa y toques de humo.<\/p>\n","protected":false},"featured_media":77642,"comment_status":"open","ping_status":"closed","template":"","meta":{"_acf_changed":false},"product_brand":[],"product_cat":[319,354,455],"product_tag":[],"class_list":{"0":"post-78895","1":"product","2":"type-product","3":"status-publish","4":"has-post-thumbnail","6":"product_cat-escocia-es","7":"product_cat-whisky-by-brand","8":"product_cat-loch-lomond-es","10":"first","11":"instock","12":"taxable","13":"shipping-taxable","14":"purchasable","15":"product-type-simple"},"acf":[],"aioseo_notices":[],"jetpack_sharing_enabled":true,"_links":{"self":[{"href":"https:\/\/whisky.ad\/es\/wp-json\/wp\/v2\/product\/78895","targetHints":{"allow":["GET"]}}],"collection":[{"href":"https:\/\/whisky.ad\/es\/wp-json\/wp\/v2\/product"}],"about":[{"href":"https:\/\/whisky.ad\/es\/wp-json\/wp\/v2\/types\/product"}],"replies":[{"embeddable":true,"href":"https:\/\/whisky.ad\/es\/wp-json\/wp\/v2\/comments?post=78895"}],"wp:featuredmedia":[{"embeddable":true,"href":"https:\/\/whisky.ad\/es\/wp-json\/wp\/v2\/media\/77642"}],"wp:attachment":[{"href":"https:\/\/whisky.ad\/es\/wp-json\/wp\/v2\/media?parent=78895"}],"wp:term":[{"taxonomy":"product_brand","embeddable":true,"href":"https:\/\/whisky.ad\/es\/wp-json\/wp\/v2\/product_brand?post=78895"},{"taxonomy":"product_cat","embeddable":true,"href":"https:\/\/whisky.ad\/es\/wp-json\/wp\/v2\/product_cat?post=78895"},{"taxonomy":"product_tag","embeddable":true,"href":"https:\/\/whisky.ad\/es\/wp-json\/wp\/v2\/product_tag?post=78895"}],"curies":[{"name":"wp","href":"https:\/\/api.w.org\/{rel}","templated":true}]}}