{"id":78892,"date":"2023-07-18T13:00:15","date_gmt":"2023-07-18T12:00:15","guid":{"rendered":"https:\/\/whisky.ad\/product\/loch-lomond-54-year-old-single-malt\/"},"modified":"2023-07-18T13:00:15","modified_gmt":"2023-07-18T12:00:15","slug":"loch-lomond-54-year-old-single-malt","status":"publish","type":"product","link":"https:\/\/whisky.ad\/es\/producto\/loch-lomond-54-year-old-single-malt\/","title":{"rendered":"Loch Lomond 54 YEAR OLD SINGLE MALT"},"content":{"rendered":"<p>Loch Lomond 54 a\u00f1os <strong>es el single malt m\u00e1s antiguo<\/strong> y uno de los m\u00e1s raros. S\u00f3lo se han producido 55 botellas de esta edici\u00f3n limitada. Originalmente madurado en barricas de roble americano antes de ser reenvasado en barricas de roble europeo en 1994. La suave maduraci\u00f3n durante 54 a\u00f1os ha creado un whisky de refinada riqueza y car\u00e1cter excepcional. Destilado en 1967, s\u00f3lo un a\u00f1o despu\u00e9s de que los ic\u00f3nicos alambiques de cuello recto de la destiler\u00eda iniciaran su producci\u00f3n en 1966, el whisky Loch Lomond de 54 a\u00f1os ha sido elaborado por expertos a partir de cebada malteada sin mondar y recogido en barricas de alta graduaci\u00f3n. Originalmente madurado en barricas de roble americano antes de ser recasificado en barricas de roble europeo en 1994. La suave maduraci\u00f3n durante 54 a\u00f1os ha creado un whisky de refinada riqueza y car\u00e1cter excepcional que ha permitido que la elegancia y la calidad del estilo Loch Lomond salgan a la luz. S\u00f3lo 55 botellas disponibles en todo el mundo. <\/p>\n<p><a href=\"https:\/\/whisky.ad\/wp-content\/uploads\/2023\/07\/Loch-Lomond-Single-Malt-54YO-Presenter.pdf\">https:\/\/whisky.ad\/wp-content\/uploads\/2023\/07\/Loch-Lomond-Single-Malt-54YO-Presenter.pdf<\/a><\/p>\n","protected":false},"excerpt":{"rendered":"<h3>Precio a petici\u00f3n<\/h3>\n","protected":false},"featured_media":76841,"comment_status":"open","ping_status":"closed","template":"","meta":{"_acf_changed":false},"product_brand":[],"product_cat":[319,339,354],"product_tag":[],"class_list":{"0":"post-78892","1":"product","2":"type-product","3":"status-publish","4":"has-post-thumbnail","6":"product_cat-escocia-es","7":"product_cat-raro-y-coleccionable","8":"product_cat-whisky-by-brand","10":"first","11":"instock","12":"taxable","13":"shipping-taxable","14":"product-type-simple"},"acf":[],"aioseo_notices":[],"jetpack_sharing_enabled":true,"_links":{"self":[{"href":"https:\/\/whisky.ad\/es\/wp-json\/wp\/v2\/product\/78892","targetHints":{"allow":["GET"]}}],"collection":[{"href":"https:\/\/whisky.ad\/es\/wp-json\/wp\/v2\/product"}],"about":[{"href":"https:\/\/whisky.ad\/es\/wp-json\/wp\/v2\/types\/product"}],"replies":[{"embeddable":true,"href":"https:\/\/whisky.ad\/es\/wp-json\/wp\/v2\/comments?post=78892"}],"wp:featuredmedia":[{"embeddable":true,"href":"https:\/\/whisky.ad\/es\/wp-json\/wp\/v2\/media\/76841"}],"wp:attachment":[{"href":"https:\/\/whisky.ad\/es\/wp-json\/wp\/v2\/media?parent=78892"}],"wp:term":[{"taxonomy":"product_brand","embeddable":true,"href":"https:\/\/whisky.ad\/es\/wp-json\/wp\/v2\/product_brand?post=78892"},{"taxonomy":"product_cat","embeddable":true,"href":"https:\/\/whisky.ad\/es\/wp-json\/wp\/v2\/product_cat?post=78892"},{"taxonomy":"product_tag","embeddable":true,"href":"https:\/\/whisky.ad\/es\/wp-json\/wp\/v2\/product_tag?post=78892"}],"curies":[{"name":"wp","href":"https:\/\/api.w.org\/{rel}","templated":true}]}}