{"id":78889,"date":"2023-06-15T12:40:17","date_gmt":"2023-06-15T11:40:17","guid":{"rendered":"https:\/\/whisky.ad\/product\/loch-lomond-47-yo-remarkable-stills-series\/"},"modified":"2023-12-11T12:42:43","modified_gmt":"2023-12-11T11:42:43","slug":"loch-lomond-47-yo-remarkable-stills-series","status":"publish","type":"product","link":"https:\/\/whisky.ad\/es\/producto\/loch-lomond-47-yo-remarkable-stills-series\/","title":{"rendered":"Loch Lomond 47 YO Remarkable Stills Series"},"content":{"rendered":"","protected":false},"excerpt":{"rendered":"<h2>Precio a petici\u00f3n<\/h2>\n<p>Presentamos la Remarkable Stills Series Release No. 3, una oferta verdaderamente excepcional de un whisky de malta de 47 a\u00f1os. Limitado a s\u00f3lo 200 botellas disponibles en todo el mundo, este extraordinario espirituoso muestra la maestr\u00eda de nuestros exclusivos alambiques Straight Neck. Destilado en 1974, este l\u00edquido emprendi\u00f3 su extraordinario viaje en barricas de roble americano. Tras madurar durante unos impresionantes 43 a\u00f1os, se trasvas\u00f3 a barricas de Jerez Oloroso de segundo llenado, a\u00f1adiendo una deliciosa complejidad de frutas tropicales secas que complementan a la perfecci\u00f3n las caracter\u00edsticas frutales de la destiler\u00eda creadas por nuestros Alambiques Notables. La serie Remarkable Stills alberga algunos de los destilados m\u00e1s antiguos y raros de la destiler\u00eda, como testimonio de la alquimia y la ingenier\u00eda que hay detr\u00e1s del proceso de elaboraci\u00f3n del whisky Loch Lomond. Este lanzamiento en particular muestra la esencia de nuestra artesan\u00eda. El whisky se elabora con un 100% de malta no madurada, destilada cuidadosamente en nuestros alambiques Straight Neck. Estos alambiques nos otorgan un control inigualable durante la destilaci\u00f3n, lo que nos permite recoger el aguardiente con una graduaci\u00f3n m\u00e1s alta. Este enfoque distintivo se traduce en un car\u00e1cter afrutado que se ha convertido en sin\u00f3nimo de la destiler\u00eda Loch Lomond y toma protagonismo en esta notable expresi\u00f3n. Notas de cata: Nariz: Del\u00e9itese con los aromas de toffee, naranja y manzana verde, acompa\u00f1ados de delicadas notas florales de rosa. Descubre toques de pasas sultanas, canela y nuez moscada, que a\u00f1aden profundidad y riqueza. Sabor: Experimenta una sensaci\u00f3n aterciopelada en boca que se abre a notas de caramelo y vainilla. Manzana verde crujiente, mel\u00f3n y kiwi bailan en el paladar, entrelazados con tonos florales de flor de sa\u00faco, creando un perfil de sabor armonioso y elegante. Final: Del\u00e9itese con el final largo y satisfactorio, donde el az\u00facar moreno derretido inicialmente dulce da paso a una tentadora explosi\u00f3n de c\u00edtricos de lima. El final deja una sensaci\u00f3n suavemente c\u00e1lida de canela picante, incitando a saborear cada momento. <\/p>\n","protected":false},"featured_media":76832,"comment_status":"open","ping_status":"closed","template":"","meta":{"_acf_changed":false},"product_brand":[],"product_cat":[319,339,354,455],"product_tag":[],"class_list":{"0":"post-78889","1":"product","2":"type-product","3":"status-publish","4":"has-post-thumbnail","6":"product_cat-escocia-es","7":"product_cat-raro-y-coleccionable","8":"product_cat-whisky-by-brand","9":"product_cat-loch-lomond-es","10":"product_shipping_class-free-es","12":"first","13":"instock","14":"purchasable","15":"product-type-simple"},"acf":[],"aioseo_notices":[],"jetpack_sharing_enabled":true,"_links":{"self":[{"href":"https:\/\/whisky.ad\/es\/wp-json\/wp\/v2\/product\/78889","targetHints":{"allow":["GET"]}}],"collection":[{"href":"https:\/\/whisky.ad\/es\/wp-json\/wp\/v2\/product"}],"about":[{"href":"https:\/\/whisky.ad\/es\/wp-json\/wp\/v2\/types\/product"}],"replies":[{"embeddable":true,"href":"https:\/\/whisky.ad\/es\/wp-json\/wp\/v2\/comments?post=78889"}],"wp:featuredmedia":[{"embeddable":true,"href":"https:\/\/whisky.ad\/es\/wp-json\/wp\/v2\/media\/76832"}],"wp:attachment":[{"href":"https:\/\/whisky.ad\/es\/wp-json\/wp\/v2\/media?parent=78889"}],"wp:term":[{"taxonomy":"product_brand","embeddable":true,"href":"https:\/\/whisky.ad\/es\/wp-json\/wp\/v2\/product_brand?post=78889"},{"taxonomy":"product_cat","embeddable":true,"href":"https:\/\/whisky.ad\/es\/wp-json\/wp\/v2\/product_cat?post=78889"},{"taxonomy":"product_tag","embeddable":true,"href":"https:\/\/whisky.ad\/es\/wp-json\/wp\/v2\/product_tag?post=78889"}],"curies":[{"name":"wp","href":"https:\/\/api.w.org\/{rel}","templated":true}]}}