{"id":78883,"date":"2023-07-22T14:25:41","date_gmt":"2023-07-22T13:25:41","guid":{"rendered":"https:\/\/whisky.ad\/product\/loch-lomond-45-yo-remarkable-stills-series\/"},"modified":"2023-12-11T15:47:07","modified_gmt":"2023-12-11T14:47:07","slug":"loch-lomond-45-yo-remarkable-stills-series","status":"publish","type":"product","link":"https:\/\/whisky.ad\/es\/producto\/loch-lomond-45-yo-remarkable-stills-series\/","title":{"rendered":"Loch Lomond 45 YO Remarkable Stills Series"},"content":{"rendered":"","protected":false},"excerpt":{"rendered":"<div class=\"flex flex-grow flex-col gap-3\">\n<div class=\"min-h-[20px] flex items-start overflow-x-auto whitespace-pre-wrap break-words flex-col gap-4\">\n<div class=\"markdown prose w-full break-words dark:prose-invert light\">\n<p><strong>REMARKABLE STILLS SERIES <\/strong><\/p>\n<p>Los alambiques, que son exclusivos de Loch Lomond, confieren a los destiladores un mayor control sobre el tipo de aguardiente producido, lo que permite una separaci\u00f3n m\u00e1s fina de los sabores. Este proceso contribuye a la creaci\u00f3n de los inconfundibles caracteres afrutados que han dado fama a Loch Lomond. Destilado en 1973, el whisky ha madurado en barricas de roble americano antes de ser acabado en una barrica de jerez oloroso de primer llenado, lo que le infunde un sabor dulce inconfundible. Este exquisito whisky exhibe deliciosas notas de manzana roja, pera, frutas tropicales y miel. El aroma revela tentadoras esencias florales, seguidas de toques de azahar y az\u00facar moreno derretido. Su final es maravillosamente prolongado, desplegando oleadas de c\u00e1lidas especias de canela y sabrosas frutas verdes. Embotellada con una graduaci\u00f3n de 42,2% y sin filtrar en fr\u00edo. El l\u00edquido se presenta elegantemente en una botella premium de Loch Lomond, con una placa de cobre grabada, y dentro de una caja de madera de roble meticulosamente elaborada, cuidadosamente dise\u00f1ada para reflejar el aspecto de los alambiques de cuello recto de Loch Lomond. S\u00f3lo se han lanzado 200 botellas numeradas individualmente, lo que la eleva a la categor\u00eda de una de las expresiones m\u00e1s raras hasta la fecha.  <\/p>\n<div class=\"flex flex-grow flex-col gap-3\">\n<div class=\"min-h-[20px] flex items-start overflow-x-auto whitespace-pre-wrap break-words flex-col gap-4\">\n<div class=\"markdown prose w-full break-words dark:prose-invert light\">\n<p>NOTAS DE CATA NARIZ Exquisitamente floral, desvelando notas de azahar y madreselva, complementadas por los atractivos aromas del melocot\u00f3n maduro y el az\u00facar moreno fundido. SABOR Un encantador dulzor meloso da la bienvenida al paladar, seguido de la deliciosa presencia de frutas de huerto como la manzana roja y la pera. La intensidad aumenta entonces, revelando sabores de frutas tropicales como el mel\u00f3n y el kiwi, bellamente entrelazados con un toque refrescante de c\u00edtricos de lima. ACABADO El final es notablemente largo, dejando impresiones de fruta verde \u00e1cida y grosella espinosa, mientras ondas de c\u00e1lida especia de canela persisten con gracia en el paladar.<\/p>\n<h3>Precio a consultar<\/h3>\n<\/div>\n<\/div>\n<\/div>\n<\/div>\n<\/div>\n<\/div>\n","protected":false},"featured_media":76865,"comment_status":"open","ping_status":"closed","template":"","meta":{"_acf_changed":false},"product_brand":[],"product_cat":[319,339,354,455],"product_tag":[],"class_list":{"0":"post-78883","1":"product","2":"type-product","3":"status-publish","4":"has-post-thumbnail","6":"product_cat-escocia-es","7":"product_cat-raro-y-coleccionable","8":"product_cat-whisky-by-brand","9":"product_cat-loch-lomond-es","10":"product_shipping_class-free-es","12":"first","13":"instock","14":"purchasable","15":"product-type-simple"},"acf":[],"aioseo_notices":[],"jetpack_sharing_enabled":true,"_links":{"self":[{"href":"https:\/\/whisky.ad\/es\/wp-json\/wp\/v2\/product\/78883","targetHints":{"allow":["GET"]}}],"collection":[{"href":"https:\/\/whisky.ad\/es\/wp-json\/wp\/v2\/product"}],"about":[{"href":"https:\/\/whisky.ad\/es\/wp-json\/wp\/v2\/types\/product"}],"replies":[{"embeddable":true,"href":"https:\/\/whisky.ad\/es\/wp-json\/wp\/v2\/comments?post=78883"}],"wp:featuredmedia":[{"embeddable":true,"href":"https:\/\/whisky.ad\/es\/wp-json\/wp\/v2\/media\/76865"}],"wp:attachment":[{"href":"https:\/\/whisky.ad\/es\/wp-json\/wp\/v2\/media?parent=78883"}],"wp:term":[{"taxonomy":"product_brand","embeddable":true,"href":"https:\/\/whisky.ad\/es\/wp-json\/wp\/v2\/product_brand?post=78883"},{"taxonomy":"product_cat","embeddable":true,"href":"https:\/\/whisky.ad\/es\/wp-json\/wp\/v2\/product_cat?post=78883"},{"taxonomy":"product_tag","embeddable":true,"href":"https:\/\/whisky.ad\/es\/wp-json\/wp\/v2\/product_tag?post=78883"}],"curies":[{"name":"wp","href":"https:\/\/api.w.org\/{rel}","templated":true}]}}