{"id":78874,"date":"2023-07-25T19:51:53","date_gmt":"2023-07-25T18:51:53","guid":{"rendered":"https:\/\/whisky.ad\/product\/loch-lomond-18-yo-single-malt-0-7l-46\/"},"modified":"2023-07-25T19:51:53","modified_gmt":"2023-07-25T18:51:53","slug":"loch-lomond-18-yo-single-malt-0-7l-46","status":"publish","type":"product","link":"https:\/\/whisky.ad\/es\/producto\/loch-lomond-18-yo-single-malt-0-7l-46\/","title":{"rendered":"Loch Lomond 18 YO Single Malt 0.7l 46%"},"content":{"rendered":"","protected":false},"excerpt":{"rendered":"<div class=\"flex flex-grow flex-col gap-3\">\n<div class=\"min-h-[20px] flex items-start overflow-x-auto whitespace-pre-wrap break-words flex-col gap-4\">\n<div class=\"markdown prose w-full break-words dark:prose-invert light\">\n<p>Loch Lomond 18 a\u00f1os Single Malt es una representaci\u00f3n perfecta del estilo de la firma, con apetitosas notas de manzana asada y rico toffee, que culminan en un suave final de humo de madera que ejemplifica el estilo t\u00edpico de los whiskies Loch Lomond. Envejecido en tres tipos de barricas de roble americano, Loch Lomond 18 a\u00f1os se embotella al 46% y no se filtra en fr\u00edo para preservar la esencia natural del whisky. Esta expresi\u00f3n se elabora meticulosamente bajo la experiencia de Michael Henry, el maestro mezclador, cuya firma en cada botella sirve como garant\u00eda personal de calidad. Notas de cata: Nariz: En nariz se mezclan armoniosamente aromas de manzana verde y pomelo, con la esencia de la madreselva y la riqueza del car\u00e1cter del roble maduro. Sabor: Elegantes notas de madera de roble tostado y caja de puros se transforman con gracia en frutas verdes, con deliciosos sabores de manzana y grosella. Final: El final es notablemente largo, donde la deliciosa interacci\u00f3n de t\u00e9 seco y hojas de tabaco encuentra el equilibrio con la suave turba medicinal y el suave humo de la madera. Este cautivador whisky ofrece una experiencia realmente inolvidable.<\/p>\n<\/div>\n<\/div>\n<\/div>\n","protected":false},"featured_media":76922,"comment_status":"open","ping_status":"closed","template":"","meta":{"_acf_changed":false},"product_brand":[],"product_cat":[319,354,455,489],"product_tag":[],"class_list":{"0":"post-78874","1":"product","2":"type-product","3":"status-publish","4":"has-post-thumbnail","6":"product_cat-escocia-es","7":"product_cat-whisky-by-brand","8":"product_cat-loch-lomond-es","9":"product_cat-whisky-por-pais-region","11":"first","12":"instock","13":"taxable","14":"shipping-taxable","15":"purchasable","16":"product-type-simple"},"acf":[],"aioseo_notices":[],"jetpack_sharing_enabled":true,"_links":{"self":[{"href":"https:\/\/whisky.ad\/es\/wp-json\/wp\/v2\/product\/78874","targetHints":{"allow":["GET"]}}],"collection":[{"href":"https:\/\/whisky.ad\/es\/wp-json\/wp\/v2\/product"}],"about":[{"href":"https:\/\/whisky.ad\/es\/wp-json\/wp\/v2\/types\/product"}],"replies":[{"embeddable":true,"href":"https:\/\/whisky.ad\/es\/wp-json\/wp\/v2\/comments?post=78874"}],"wp:featuredmedia":[{"embeddable":true,"href":"https:\/\/whisky.ad\/es\/wp-json\/wp\/v2\/media\/76922"}],"wp:attachment":[{"href":"https:\/\/whisky.ad\/es\/wp-json\/wp\/v2\/media?parent=78874"}],"wp:term":[{"taxonomy":"product_brand","embeddable":true,"href":"https:\/\/whisky.ad\/es\/wp-json\/wp\/v2\/product_brand?post=78874"},{"taxonomy":"product_cat","embeddable":true,"href":"https:\/\/whisky.ad\/es\/wp-json\/wp\/v2\/product_cat?post=78874"},{"taxonomy":"product_tag","embeddable":true,"href":"https:\/\/whisky.ad\/es\/wp-json\/wp\/v2\/product_tag?post=78874"}],"curies":[{"name":"wp","href":"https:\/\/api.w.org\/{rel}","templated":true}]}}