{"id":78871,"date":"2023-07-25T19:45:35","date_gmt":"2023-07-25T18:45:35","guid":{"rendered":"https:\/\/whisky.ad\/product\/loch-lomond-14-yo-single-malt-0-7l-46\/"},"modified":"2023-07-25T19:45:35","modified_gmt":"2023-07-25T18:45:35","slug":"loch-lomond-14-yo-single-malt-0-7l-46","status":"publish","type":"product","link":"https:\/\/whisky.ad\/es\/producto\/loch-lomond-14-yo-single-malt-0-7l-46\/","title":{"rendered":"Loch Lomond 14 YO Single Malt 0.7l 46%"},"content":{"rendered":"","protected":false},"excerpt":{"rendered":"<div class=\"flex flex-grow flex-col gap-3\">\n<div class=\"min-h-[20px] flex items-start overflow-x-auto whitespace-pre-wrap break-words flex-col gap-4\">\n<div class=\"markdown prose w-full break-words dark:prose-invert light\">\n<p>El whisky Loch Lomond Single Malt de 14 a\u00f1os se elabora meticulosamente, empezando por la destilaci\u00f3n en los exclusivos alambiques Straight Neck, seguida de un proceso de envejecimiento en tres variedades de barricas de roble americano. A continuaci\u00f3n, el whisky se somete a un toque final distintivo en barricas de roble franc\u00e9s de Limousin, infundi\u00e9ndole un cautivador car\u00e1cter especiado. Deliciosas notas de manzanas especiadas y dulce de vainilla adquieren protagonismo, complementadas por un suave toque ahumado al final. Embotellado al 46% y sin filtrar en fr\u00edo para preservar la esencia natural del whisky, esta expresi\u00f3n promete una experiencia de degustaci\u00f3n incomparable. Notas de cata: Nariz: La nariz revela atractivos aromas de coco, manzana verde y pera, bellamente acompa\u00f1ados por toques de canela y especias de clavo, junto con un toque de ralladura de lim\u00f3n. Sabor: Al saborearlo, el paladar se deleita con la riqueza dulce del toffee y el dulce de vainilla, equilibrados por notas de pomelo, c\u00edtricos, pi\u00f1a y roble tostado. Final: El final es notablemente largo, con un suave toque de humo, junto con la c\u00e1lida especia de roble de clavo y an\u00eds. Este exquisito whisky deja una impresi\u00f3n duradera y memorable.<\/p>\n<\/div>\n<\/div>\n<\/div>\n","protected":false},"featured_media":76919,"comment_status":"open","ping_status":"closed","template":"","meta":{"_acf_changed":false},"product_brand":[],"product_cat":[354,455,319],"product_tag":[],"class_list":{"0":"post-78871","1":"product","2":"type-product","3":"status-publish","4":"has-post-thumbnail","6":"product_cat-whisky-by-brand","7":"product_cat-loch-lomond-es","8":"product_cat-escocia-es","10":"first","11":"instock","12":"taxable","13":"shipping-taxable","14":"purchasable","15":"product-type-simple"},"acf":[],"aioseo_notices":[],"jetpack_sharing_enabled":true,"_links":{"self":[{"href":"https:\/\/whisky.ad\/es\/wp-json\/wp\/v2\/product\/78871","targetHints":{"allow":["GET"]}}],"collection":[{"href":"https:\/\/whisky.ad\/es\/wp-json\/wp\/v2\/product"}],"about":[{"href":"https:\/\/whisky.ad\/es\/wp-json\/wp\/v2\/types\/product"}],"replies":[{"embeddable":true,"href":"https:\/\/whisky.ad\/es\/wp-json\/wp\/v2\/comments?post=78871"}],"wp:featuredmedia":[{"embeddable":true,"href":"https:\/\/whisky.ad\/es\/wp-json\/wp\/v2\/media\/76919"}],"wp:attachment":[{"href":"https:\/\/whisky.ad\/es\/wp-json\/wp\/v2\/media?parent=78871"}],"wp:term":[{"taxonomy":"product_brand","embeddable":true,"href":"https:\/\/whisky.ad\/es\/wp-json\/wp\/v2\/product_brand?post=78871"},{"taxonomy":"product_cat","embeddable":true,"href":"https:\/\/whisky.ad\/es\/wp-json\/wp\/v2\/product_cat?post=78871"},{"taxonomy":"product_tag","embeddable":true,"href":"https:\/\/whisky.ad\/es\/wp-json\/wp\/v2\/product_tag?post=78871"}],"curies":[{"name":"wp","href":"https:\/\/api.w.org\/{rel}","templated":true}]}}