{"id":78868,"date":"2023-07-25T17:36:52","date_gmt":"2023-07-25T16:36:52","guid":{"rendered":"https:\/\/whisky.ad\/product\/loch-lomond-12-yo-single-malt-inchmurrin-0-7l-46\/"},"modified":"2023-07-25T17:36:52","modified_gmt":"2023-07-25T16:36:52","slug":"loch-lomond-12-yo-single-malt-inchmurrin-0-7l-46","status":"publish","type":"product","link":"https:\/\/whisky.ad\/es\/producto\/loch-lomond-12-yo-single-malt-inchmurrin-0-7l-46\/","title":{"rendered":"Loch Lomond 12 YO Single Malt Inchmurrin 0.7l 46%"},"content":{"rendered":"","protected":false},"excerpt":{"rendered":"<div class=\"flex flex-grow flex-col gap-3\">\n<div class=\"min-h-[20px] flex items-start overflow-x-auto whitespace-pre-wrap break-words flex-col gap-4\">\n<div class=\"markdown prose w-full break-words dark:prose-invert light\">\n<p>Envejecido en tres tipos de barricas de roble americano, el single malt Loch Lomond Inchmurrin de 12 a\u00f1os muestra los elementos frutales y dulces del estilo caracter\u00edstico de la destiler\u00eda, con deliciosas notas de melocot\u00f3n, albaricoque, toffee y vainilla. Notas de cata: Nariz: La nariz es distintivamente afrutada, con prominente gota de pera y dulzura de toffee. Ligeras notas de heno reci\u00e9n cortado bajo el sol del verano a\u00f1aden encanto. Sabor: Las notas c\u00edtricas de naranja de Sevilla toman la delantera, intensific\u00e1ndose gradualmente antes de pasar con gracia a los sabores de melocot\u00f3n y albaricoque. El car\u00e1cter afrutado da paso a una deliciosa mezcla de cremoso caramelo y vainilla. Final: El final es de longitud media, dejando tras de s\u00ed un toque picante que a\u00f1ade una deliciosa conclusi\u00f3n a este excepcional whisky. <\/p>\n<\/div>\n<\/div>\n<\/div>\n","protected":false},"featured_media":76913,"comment_status":"open","ping_status":"closed","template":"","meta":{"_acf_changed":false},"product_brand":[],"product_cat":[319,354,455],"product_tag":[],"class_list":{"0":"post-78868","1":"product","2":"type-product","3":"status-publish","4":"has-post-thumbnail","6":"product_cat-escocia-es","7":"product_cat-whisky-by-brand","8":"product_cat-loch-lomond-es","10":"first","11":"instock","12":"taxable","13":"shipping-taxable","14":"purchasable","15":"product-type-simple"},"acf":[],"aioseo_notices":[],"jetpack_sharing_enabled":true,"_links":{"self":[{"href":"https:\/\/whisky.ad\/es\/wp-json\/wp\/v2\/product\/78868","targetHints":{"allow":["GET"]}}],"collection":[{"href":"https:\/\/whisky.ad\/es\/wp-json\/wp\/v2\/product"}],"about":[{"href":"https:\/\/whisky.ad\/es\/wp-json\/wp\/v2\/types\/product"}],"replies":[{"embeddable":true,"href":"https:\/\/whisky.ad\/es\/wp-json\/wp\/v2\/comments?post=78868"}],"wp:featuredmedia":[{"embeddable":true,"href":"https:\/\/whisky.ad\/es\/wp-json\/wp\/v2\/media\/76913"}],"wp:attachment":[{"href":"https:\/\/whisky.ad\/es\/wp-json\/wp\/v2\/media?parent=78868"}],"wp:term":[{"taxonomy":"product_brand","embeddable":true,"href":"https:\/\/whisky.ad\/es\/wp-json\/wp\/v2\/product_brand?post=78868"},{"taxonomy":"product_cat","embeddable":true,"href":"https:\/\/whisky.ad\/es\/wp-json\/wp\/v2\/product_cat?post=78868"},{"taxonomy":"product_tag","embeddable":true,"href":"https:\/\/whisky.ad\/es\/wp-json\/wp\/v2\/product_tag?post=78868"}],"curies":[{"name":"wp","href":"https:\/\/api.w.org\/{rel}","templated":true}]}}