{"id":78864,"date":"2023-11-16T12:03:49","date_gmt":"2023-11-16T11:03:49","guid":{"rendered":"https:\/\/whisky.ad\/product\/lismore18yo-single-malt-whiskyglenfarclas-0-7l-43\/"},"modified":"2023-11-16T12:03:49","modified_gmt":"2023-11-16T11:03:49","slug":"lismore18yo-single-malt-whiskyglenfarclas-0-7l-43","status":"publish","type":"product","link":"https:\/\/whisky.ad\/es\/producto\/lismore18yo-single-malt-whiskyglenfarclas-0-7l-43\/","title":{"rendered":"Lismore18yo Single Malt Whisky(Glenfarclas) 0.7l 43%"},"content":{"rendered":"","protected":false},"excerpt":{"rendered":"<p><strong>Lismore Highlands 18yo Single Malt Whisky 0.7l 43%<\/strong><\/p>\n<p>Whisky escoc\u00e9s de malta de 18 a\u00f1os de la destiler\u00eda Glenfarclas, embotellado para la gama Lismore. Notas de cata Nariz: Ligeramente floral al principio, seguido de gruesas notas de chocolate y toffee. Boca: Cacahuetes tostados con miel, roble viejo y caramelos masticables. Final: El dulzor afrutado se desarrolla en el final.<\/p>\n","protected":false},"featured_media":79056,"comment_status":"open","ping_status":"closed","template":"","meta":{"_acf_changed":false},"product_brand":[],"product_cat":[319,448],"product_tag":[],"class_list":{"0":"post-78864","1":"product","2":"type-product","3":"status-publish","4":"has-post-thumbnail","6":"product_cat-escocia-es","7":"product_cat-lismore-es","9":"first","10":"instock","11":"purchasable","12":"product-type-simple"},"acf":[],"aioseo_notices":[],"jetpack_sharing_enabled":true,"_links":{"self":[{"href":"https:\/\/whisky.ad\/es\/wp-json\/wp\/v2\/product\/78864","targetHints":{"allow":["GET"]}}],"collection":[{"href":"https:\/\/whisky.ad\/es\/wp-json\/wp\/v2\/product"}],"about":[{"href":"https:\/\/whisky.ad\/es\/wp-json\/wp\/v2\/types\/product"}],"replies":[{"embeddable":true,"href":"https:\/\/whisky.ad\/es\/wp-json\/wp\/v2\/comments?post=78864"}],"wp:featuredmedia":[{"embeddable":true,"href":"https:\/\/whisky.ad\/es\/wp-json\/wp\/v2\/media\/79056"}],"wp:attachment":[{"href":"https:\/\/whisky.ad\/es\/wp-json\/wp\/v2\/media?parent=78864"}],"wp:term":[{"taxonomy":"product_brand","embeddable":true,"href":"https:\/\/whisky.ad\/es\/wp-json\/wp\/v2\/product_brand?post=78864"},{"taxonomy":"product_cat","embeddable":true,"href":"https:\/\/whisky.ad\/es\/wp-json\/wp\/v2\/product_cat?post=78864"},{"taxonomy":"product_tag","embeddable":true,"href":"https:\/\/whisky.ad\/es\/wp-json\/wp\/v2\/product_tag?post=78864"}],"curies":[{"name":"wp","href":"https:\/\/api.w.org\/{rel}","templated":true}]}}