{"id":78862,"date":"2023-07-25T17:43:37","date_gmt":"2023-07-25T16:43:37","guid":{"rendered":"https:\/\/whisky.ad\/product\/loch-lomond-12-yo-single-malt-inchmoan-0-7l-46\/"},"modified":"2023-07-25T17:43:37","modified_gmt":"2023-07-25T16:43:37","slug":"loch-lomond-12-yo-single-malt-inchmoan-0-7l-46","status":"publish","type":"product","link":"https:\/\/whisky.ad\/es\/producto\/loch-lomond-12-yo-single-malt-inchmoan-0-7l-46\/","title":{"rendered":"Loch Lomond 12 YO Single Malt Inchmoan 0.7l 46%"},"content":{"rendered":"","protected":false},"excerpt":{"rendered":"<div class=\"flex flex-grow flex-col gap-3\">\n<div class=\"min-h-[20px] flex items-start overflow-x-auto whitespace-pre-wrap break-words flex-col gap-4\">\n<div class=\"markdown prose w-full break-words dark:prose-invert light\">\n<p>Elaborado por el maestro mezclador, Michael Henry, Loch Lomond Inchmoan 12 celebra el car\u00e1cter suave del estilo de Loch Lomond, mezclando h\u00e1bilmente whisky procedente de los exclusivos alambiques Straight Neck y de los m\u00e1s tradicionales Swan Neck Stills. Envejecido en tres tipos de barricas de roble americano, Loch Lomond Inchmoan enfatiza y acent\u00faa el suave humo, mostrando los c\u00e1lidos elementos especiados que definen el estilo caracter\u00edstico de la destiler\u00eda. Con cautivadoras notas de madera y humo de turba, el whisky exhibe caf\u00e9 tostado, manzana verde, clavo y especias anisadas en el final. Embotellado al 46% y sin filtrar en fr\u00edo para preservar la esencia natural del whisky. Notas de cata: Nariz: La nariz se deleita con el humo seco de la turba, complementado con notas de jarabe de vainilla y pimienta negra agrietada. Sabor: El paladar ofrece un car\u00e1cter dulce y medicinal de turba, entrelazado con notas de tocino ahumado. Surgen sabores de granos de caf\u00e9 tostados, acompa\u00f1ados de notas especiadas de clavo y an\u00eds estrellado. El c\u00e1lido picante se combina maravillosamente con la esencia de manzana verde y pera. Final: El final es notablemente largo, con notas de turba cerosa, un toque de l\u00fapulo c\u00edtrico y un delicioso toque de grosella. La encantadora combinaci\u00f3n de sabores deja una impresi\u00f3n duradera en el paladar.<\/p>\n<\/div>\n<\/div>\n<\/div>\n","protected":false},"featured_media":76916,"comment_status":"open","ping_status":"closed","template":"","meta":{"_acf_changed":false},"product_brand":[],"product_cat":[354,455,319],"product_tag":[],"class_list":{"0":"post-78862","1":"product","2":"type-product","3":"status-publish","4":"has-post-thumbnail","6":"product_cat-whisky-by-brand","7":"product_cat-loch-lomond-es","8":"product_cat-escocia-es","10":"first","11":"instock","12":"taxable","13":"shipping-taxable","14":"purchasable","15":"product-type-simple"},"acf":[],"aioseo_notices":[],"jetpack_sharing_enabled":true,"_links":{"self":[{"href":"https:\/\/whisky.ad\/es\/wp-json\/wp\/v2\/product\/78862","targetHints":{"allow":["GET"]}}],"collection":[{"href":"https:\/\/whisky.ad\/es\/wp-json\/wp\/v2\/product"}],"about":[{"href":"https:\/\/whisky.ad\/es\/wp-json\/wp\/v2\/types\/product"}],"replies":[{"embeddable":true,"href":"https:\/\/whisky.ad\/es\/wp-json\/wp\/v2\/comments?post=78862"}],"wp:featuredmedia":[{"embeddable":true,"href":"https:\/\/whisky.ad\/es\/wp-json\/wp\/v2\/media\/76916"}],"wp:attachment":[{"href":"https:\/\/whisky.ad\/es\/wp-json\/wp\/v2\/media?parent=78862"}],"wp:term":[{"taxonomy":"product_brand","embeddable":true,"href":"https:\/\/whisky.ad\/es\/wp-json\/wp\/v2\/product_brand?post=78862"},{"taxonomy":"product_cat","embeddable":true,"href":"https:\/\/whisky.ad\/es\/wp-json\/wp\/v2\/product_cat?post=78862"},{"taxonomy":"product_tag","embeddable":true,"href":"https:\/\/whisky.ad\/es\/wp-json\/wp\/v2\/product_tag?post=78862"}],"curies":[{"name":"wp","href":"https:\/\/api.w.org\/{rel}","templated":true}]}}