{"id":78860,"date":"2023-08-30T19:24:57","date_gmt":"2023-08-30T18:24:57","guid":{"rendered":"https:\/\/whisky.ad\/product\/loch-lomond-10-yo-single-malt-whisky-ltd-ed-0-7l-40\/"},"modified":"2023-08-30T19:24:57","modified_gmt":"2023-08-30T18:24:57","slug":"loch-lomond-10-yo-single-malt-whisky-ltd-ed-0-7l-40","status":"publish","type":"product","link":"https:\/\/whisky.ad\/es\/producto\/loch-lomond-10-yo-single-malt-whisky-ltd-ed-0-7l-40\/","title":{"rendered":"Loch Lomond 10 YO Single Malt Whisky Ltd Ed. 0.7l 40%"},"content":{"rendered":"","protected":false},"excerpt":{"rendered":"<div class=\"flex flex-grow flex-col gap-3 max-w-full\">\n<div class=\"min-h-[20px] flex flex-col items-start gap-3 overflow-x-auto whitespace-pre-wrap break-words\">\n<div class=\"markdown prose w-full break-words dark:prose-invert light\">\n<p>Situada en el extremo norte de Loch Lomond, cerca de Tarbet, la destiler\u00eda de Loch Lomond se remonta a 1814. Sin embargo, la iteraci\u00f3n actual de la destiler\u00eda surgi\u00f3 en 1965, por cortes\u00eda de los antiguos propietarios de la destiler\u00eda Littlemill, situada a pocos kil\u00f3metros de Glasgow. La destiler\u00eda est\u00e1 en manos del maestro mezclador Michael Henry. Criado junto a dos destiler\u00edas, el ardor de Michael por el oficio de la destilaci\u00f3n y la elaboraci\u00f3n del whisky se encendi\u00f3 en sus a\u00f1os de formaci\u00f3n. Desde 2014, ocupa el cargo de maestro mezclador en la destiler\u00eda Loch Lomond. En asociaci\u00f3n con &#8220;The Open&#8221;, el preeminente campeonato internacional de golf conocido como &#8220;The One&#8221;, Loch Lomond Distillery ha ocupado su lugar. Este campeonato, que abarca los cinco continentes con pruebas clasificatorias, celebra su 150 aniversario. El ilustre &#8220;Hogar del Golf&#8221;, el Old Course de St. Andrews, sirve de escenario para este homenaje, conmemorado por este embotellado. Madurado en barricas de roble americano durante una d\u00e9cada, este whisky es testigo de una notable transformaci\u00f3n. Notas de cata: Aspecto: \u00c1mbar radiante. Aroma: Afrutado e intrincado, caracterizado por la manzana, la vainilla y el roble. Boca: Una sensaci\u00f3n cremosa y armoniosa, adornada con suculentas manzanas, vainilla y una delicada esencia de roble. Final: Largo y duradero. <\/p>\n<\/div>\n<\/div>\n<\/div>\n","protected":false},"featured_media":77528,"comment_status":"open","ping_status":"closed","template":"","meta":{"_acf_changed":false},"product_brand":[],"product_cat":[319,354,455],"product_tag":[],"class_list":{"0":"post-78860","1":"product","2":"type-product","3":"status-publish","4":"has-post-thumbnail","6":"product_cat-escocia-es","7":"product_cat-whisky-by-brand","8":"product_cat-loch-lomond-es","10":"first","11":"instock","12":"taxable","13":"shipping-taxable","14":"purchasable","15":"product-type-simple"},"acf":[],"aioseo_notices":[],"jetpack_sharing_enabled":true,"_links":{"self":[{"href":"https:\/\/whisky.ad\/es\/wp-json\/wp\/v2\/product\/78860","targetHints":{"allow":["GET"]}}],"collection":[{"href":"https:\/\/whisky.ad\/es\/wp-json\/wp\/v2\/product"}],"about":[{"href":"https:\/\/whisky.ad\/es\/wp-json\/wp\/v2\/types\/product"}],"replies":[{"embeddable":true,"href":"https:\/\/whisky.ad\/es\/wp-json\/wp\/v2\/comments?post=78860"}],"wp:featuredmedia":[{"embeddable":true,"href":"https:\/\/whisky.ad\/es\/wp-json\/wp\/v2\/media\/77528"}],"wp:attachment":[{"href":"https:\/\/whisky.ad\/es\/wp-json\/wp\/v2\/media?parent=78860"}],"wp:term":[{"taxonomy":"product_brand","embeddable":true,"href":"https:\/\/whisky.ad\/es\/wp-json\/wp\/v2\/product_brand?post=78860"},{"taxonomy":"product_cat","embeddable":true,"href":"https:\/\/whisky.ad\/es\/wp-json\/wp\/v2\/product_cat?post=78860"},{"taxonomy":"product_tag","embeddable":true,"href":"https:\/\/whisky.ad\/es\/wp-json\/wp\/v2\/product_tag?post=78860"}],"curies":[{"name":"wp","href":"https:\/\/api.w.org\/{rel}","templated":true}]}}