{"id":78857,"date":"2023-06-14T14:01:26","date_gmt":"2023-06-14T13:01:26","guid":{"rendered":"https:\/\/whisky.ad\/product\/littlemill-testament-1976\/"},"modified":"2023-06-14T14:01:26","modified_gmt":"2023-06-14T13:01:26","slug":"littlemill-testament-1976","status":"publish","type":"product","link":"https:\/\/whisky.ad\/es\/producto\/littlemill-testament-1976\/","title":{"rendered":"Littlemill Testament 1976"},"content":{"rendered":"","protected":false},"excerpt":{"rendered":"<p>Littlemill Testament representa el pin\u00e1culo de los lanzamientos de Littlemill, mostrando el l\u00edquido m\u00e1s antiguo de una \u00fanica fecha de destilaci\u00f3n, el 4 de octubre de 1976. La selecci\u00f3n de barricas para este whisky excepcional recibe una atenci\u00f3n meticulosa de nuestro estimado Maestro Mezclador, Michael Henry, que ha supervisado cuidadosamente el proceso de maduraci\u00f3n de estas barricas. Michael Henry seleccion\u00f3 personalmente tres de estas barricas, que se volvieron a encubar en 1996 en Hogsheads de roble americano. A continuaci\u00f3n, fueron expertamente encubadas en dos barricas de primer llenado de Oloroso para cuatro meses m\u00e1s de maduraci\u00f3n. Por \u00faltimo, el whisky se volvi\u00f3 a encubar durante dos meses m\u00e1s antes de ser embotellado. Notas de cata: Nariz: Del\u00e9itese con el frescor de la manzana verde y la ralladura del pomelo, acompa\u00f1ados por las notas fragantes de la flor de sa\u00faco y el jengibre. Boca: Experimente un estallido de frescura con frutas vibrantes, como la pi\u00f1a \u00e1cida y el melocot\u00f3n jugoso, realzadas por las notas brillantes de los c\u00edtricos de lima. Una deliciosa dulzura de az\u00facar moreno derretido se entrelaza con toques de c\u00e1scara seca y vainilla cremosa. Final: El final persiste, ofreciendo una apetitosa combinaci\u00f3n de frutas, con grosella y sand\u00eda. Las suaves especias c\u00e1lidas de la canela y la nuez moscada a\u00f1aden profundidad y complejidad a la experiencia global. Cada botella de Littlemill Testament est\u00e1 numerada individualmente y se presenta como una edici\u00f3n limitada, con la garant\u00eda de su exclusividad meticulosamente grabada en la botella. Este whisky es un testimonio de la artesan\u00eda y la dedicaci\u00f3n que se han empleado en su creaci\u00f3n, y ofrece a los entusiastas del whisky una experiencia verdaderamente extraordinaria y coleccionable.<\/p>\n","protected":false},"featured_media":76802,"comment_status":"open","ping_status":"closed","template":"","meta":{"_acf_changed":false},"product_brand":[],"product_cat":[339],"product_tag":[],"class_list":{"0":"post-78857","1":"product","2":"type-product","3":"status-publish","4":"has-post-thumbnail","6":"product_cat-raro-y-coleccionable","8":"first","9":"instock","10":"taxable","11":"shipping-taxable","12":"product-type-simple"},"acf":[],"aioseo_notices":[],"jetpack_sharing_enabled":true,"_links":{"self":[{"href":"https:\/\/whisky.ad\/es\/wp-json\/wp\/v2\/product\/78857","targetHints":{"allow":["GET"]}}],"collection":[{"href":"https:\/\/whisky.ad\/es\/wp-json\/wp\/v2\/product"}],"about":[{"href":"https:\/\/whisky.ad\/es\/wp-json\/wp\/v2\/types\/product"}],"replies":[{"embeddable":true,"href":"https:\/\/whisky.ad\/es\/wp-json\/wp\/v2\/comments?post=78857"}],"wp:featuredmedia":[{"embeddable":true,"href":"https:\/\/whisky.ad\/es\/wp-json\/wp\/v2\/media\/76802"}],"wp:attachment":[{"href":"https:\/\/whisky.ad\/es\/wp-json\/wp\/v2\/media?parent=78857"}],"wp:term":[{"taxonomy":"product_brand","embeddable":true,"href":"https:\/\/whisky.ad\/es\/wp-json\/wp\/v2\/product_brand?post=78857"},{"taxonomy":"product_cat","embeddable":true,"href":"https:\/\/whisky.ad\/es\/wp-json\/wp\/v2\/product_cat?post=78857"},{"taxonomy":"product_tag","embeddable":true,"href":"https:\/\/whisky.ad\/es\/wp-json\/wp\/v2\/product_tag?post=78857"}],"curies":[{"name":"wp","href":"https:\/\/api.w.org\/{rel}","templated":true}]}}