{"id":78848,"date":"2023-06-14T14:09:30","date_gmt":"2023-06-14T13:09:30","guid":{"rendered":"https:\/\/whisky.ad\/product\/littlemill-45yo-250th-ann\/"},"modified":"2023-06-14T14:09:30","modified_gmt":"2023-06-14T13:09:30","slug":"littlemill-45yo-250th-ann","status":"publish","type":"product","link":"https:\/\/whisky.ad\/es\/producto\/littlemill-45yo-250th-ann\/","title":{"rendered":"Littlemill 45YO 250th. Ann."},"content":{"rendered":"","protected":false},"excerpt":{"rendered":"<p>Presentamos la edici\u00f3n 250 aniversario de Littlemill, una celebraci\u00f3n trascendental de 250 a\u00f1os de artesan\u00eda. Este lanzamiento conmemora un momento importante de la historia en el que el whisky y la fotograf\u00eda se cruzaron y marcaron el curso del tiempo. Rinde homenaje a los pioneros que comparten la pasi\u00f3n, la paciencia y los conocimientos necesarios para preservar estas formas de arte. Para conmemorar este raro hito, el Maestro Mezclador Michael Henry se embarc\u00f3 en una colaboraci\u00f3n con el renombrado fot\u00f3grafo austriaco Stefan Sappert. Inspir\u00e1ndose en la experiencia de Stefan y en sus tradicionales c\u00e1maras victorianas, la presentaci\u00f3n de este lanzamiento es realmente excepcional. En el marco de esta colaboraci\u00f3n exclusiva, Stefan ha creado 250 fotograf\u00edas de plata sobre placa de vidrio negro, que capturan la vista panor\u00e1mica desde las orillas del r\u00edo Clyde hacia la destiler\u00eda Littlemill original. Cada fotograf\u00eda es una obra de arte \u00fanica, firmada y numerada individualmente. La caja del 250 aniversario de Littlemill rinde homenaje a Stefan y a los procesos fotogr\u00e1ficos tradicionales de finales del siglo XIX. Los delicados cortes en el cristal reflejan el dise\u00f1o de la abertura del objetivo de una c\u00e1mara, capturando la esencia de los 250 a\u00f1os de historia de Littlemill. Cada decantador, expertamente soplado a mano por los artesanos de Glencairn, es exclusivo de la Edici\u00f3n 250 Aniversario de Littlemill. Este excepcional whisky de malta de las Tierras Bajas es testimonio de su car\u00e1cter excepcional. Destilado en 1976, fue seleccionado personalmente por Michael Henry para un acabado final de seis meses en barricas de jerez oloroso de primer llenado. El resultado es un whisky delicadamente floral con una sensaci\u00f3n en boca suave como la seda. En el paladar, disfruta de notas de caramelo cremoso y apetitosas frutas verdes, seguidas de un largo y c\u00e1lido abrazo de especias de jengibre, canela y nuez moscada en el final. El Littlemill 250th Anniversary Release resume el arte, la historia y la artesan\u00eda que han definido a Littlemill durante los \u00faltimos 250 a\u00f1os. Es un whisky verdaderamente extraordinario que invita a los entusiastas del whisky a saborear y celebrar esta ocasi\u00f3n trascendental.  <\/p>\n","protected":false},"featured_media":76811,"comment_status":"open","ping_status":"closed","template":"","meta":{"_acf_changed":false},"product_brand":[],"product_cat":[339],"product_tag":[],"class_list":{"0":"post-78848","1":"product","2":"type-product","3":"status-publish","4":"has-post-thumbnail","6":"product_cat-raro-y-coleccionable","8":"first","9":"instock","10":"taxable","11":"shipping-taxable","12":"product-type-simple"},"acf":[],"aioseo_notices":[],"jetpack_sharing_enabled":true,"_links":{"self":[{"href":"https:\/\/whisky.ad\/es\/wp-json\/wp\/v2\/product\/78848","targetHints":{"allow":["GET"]}}],"collection":[{"href":"https:\/\/whisky.ad\/es\/wp-json\/wp\/v2\/product"}],"about":[{"href":"https:\/\/whisky.ad\/es\/wp-json\/wp\/v2\/types\/product"}],"replies":[{"embeddable":true,"href":"https:\/\/whisky.ad\/es\/wp-json\/wp\/v2\/comments?post=78848"}],"wp:featuredmedia":[{"embeddable":true,"href":"https:\/\/whisky.ad\/es\/wp-json\/wp\/v2\/media\/76811"}],"wp:attachment":[{"href":"https:\/\/whisky.ad\/es\/wp-json\/wp\/v2\/media?parent=78848"}],"wp:term":[{"taxonomy":"product_brand","embeddable":true,"href":"https:\/\/whisky.ad\/es\/wp-json\/wp\/v2\/product_brand?post=78848"},{"taxonomy":"product_cat","embeddable":true,"href":"https:\/\/whisky.ad\/es\/wp-json\/wp\/v2\/product_cat?post=78848"},{"taxonomy":"product_tag","embeddable":true,"href":"https:\/\/whisky.ad\/es\/wp-json\/wp\/v2\/product_tag?post=78848"}],"curies":[{"name":"wp","href":"https:\/\/api.w.org\/{rel}","templated":true}]}}