{"id":78845,"date":"2023-06-14T13:54:09","date_gmt":"2023-06-14T12:54:09","guid":{"rendered":"https:\/\/whisky.ad\/product\/littlemill-40yo-celestial-ed\/"},"modified":"2023-06-14T13:54:09","modified_gmt":"2023-06-14T12:54:09","slug":"littlemill-40yo-celestial-ed","status":"publish","type":"product","link":"https:\/\/whisky.ad\/es\/producto\/littlemill-40yo-celestial-ed\/","title":{"rendered":"Littlemill 40YO Celestial Ed."},"content":{"rendered":"","protected":false},"excerpt":{"rendered":"<p>Littlemill Celestial Edition Aged 40 Years es un whisky escoc\u00e9s de malta verdaderamente extraordinario que encarna la culminaci\u00f3n del conocimiento y la experiencia, capturando la esencia de los pioneros procesos de destilaci\u00f3n de Duncan Thomas. Esta extraordinaria edici\u00f3n, la m\u00e1s antigua de la historia de Littlemill, se destil\u00f3 el 11 de octubre de 1977. Ha madurado meticulosamente en barricas de roble americano y de bourbon de primer llenado, lo que le confiere un perfil de sabor rico y complejo. Para realzar a\u00fan m\u00e1s su profundidad, el whisky se someti\u00f3 a un breve acabado de tres meses en barricas de jerez Oloroso, a\u00f1adiendo un exquisito toque de influencia de jerez al producto final. El resultado es un equilibrio excepcional entre el car\u00e1cter distintivo de la destiler\u00eda y la armoniosa influencia de la madera. La botella que alberga este extraordinario whisky es una obra de arte en s\u00ed misma. Cada decantador de Littlemill 40 Year Old Celestial Edition est\u00e1 meticulosamente elaborado con el mejor cristal de Glencairn soplado a mano, exquisitamente cortado a mano y grabado individualmente con su n\u00famero de botella \u00fanico. El tap\u00f3n de lat\u00f3n macizo, fabricado por expertos en Glasgow, est\u00e1 adornado con un corcho de primera calidad de grado &#8220;fleur&#8221;, que garantiza que el preciado l\u00edquido permanezca bien sellado dentro del decantador, preservando su calidad. La calidad de Littlemill 40 Year Old Celestial Edition ha sido reconocida por el experto en whisky Dave Broom, que le ha otorgado una impresionante puntuaci\u00f3n de 90\/100 en scotchwhisky.com. Una puntuaci\u00f3n de 90+ significa que se trata de un whisky soberbio, que merece la m\u00e1xima recomendaci\u00f3n posible. Esta edici\u00f3n est\u00e1 limitada a s\u00f3lo 250 botellas numeradas individualmente, cada una de ellas meticulosamente grabada para denotar su exclusividad y coleccionabilidad. La rareza y excepcional calidad de Littlemill Celestial Edition Aged 40 Years lo convierten en un tesoro verdaderamente codiciado por los entendidos y coleccionistas de whisky.<\/p>\n","protected":false},"featured_media":76796,"comment_status":"open","ping_status":"closed","template":"","meta":{"_acf_changed":false},"product_brand":[],"product_cat":[339],"product_tag":[],"class_list":{"0":"post-78845","1":"product","2":"type-product","3":"status-publish","4":"has-post-thumbnail","6":"product_cat-raro-y-coleccionable","8":"first","9":"instock","10":"taxable","11":"shipping-taxable","12":"product-type-simple"},"acf":[],"aioseo_notices":[],"jetpack_sharing_enabled":true,"_links":{"self":[{"href":"https:\/\/whisky.ad\/es\/wp-json\/wp\/v2\/product\/78845","targetHints":{"allow":["GET"]}}],"collection":[{"href":"https:\/\/whisky.ad\/es\/wp-json\/wp\/v2\/product"}],"about":[{"href":"https:\/\/whisky.ad\/es\/wp-json\/wp\/v2\/types\/product"}],"replies":[{"embeddable":true,"href":"https:\/\/whisky.ad\/es\/wp-json\/wp\/v2\/comments?post=78845"}],"wp:featuredmedia":[{"embeddable":true,"href":"https:\/\/whisky.ad\/es\/wp-json\/wp\/v2\/media\/76796"}],"wp:attachment":[{"href":"https:\/\/whisky.ad\/es\/wp-json\/wp\/v2\/media?parent=78845"}],"wp:term":[{"taxonomy":"product_brand","embeddable":true,"href":"https:\/\/whisky.ad\/es\/wp-json\/wp\/v2\/product_brand?post=78845"},{"taxonomy":"product_cat","embeddable":true,"href":"https:\/\/whisky.ad\/es\/wp-json\/wp\/v2\/product_cat?post=78845"},{"taxonomy":"product_tag","embeddable":true,"href":"https:\/\/whisky.ad\/es\/wp-json\/wp\/v2\/product_tag?post=78845"}],"curies":[{"name":"wp","href":"https:\/\/api.w.org\/{rel}","templated":true}]}}