{"id":78842,"date":"2023-06-14T13:48:10","date_gmt":"2023-06-14T12:48:10","guid":{"rendered":"https:\/\/whisky.ad\/product\/littlemill-29yo-2019-release\/"},"modified":"2023-06-14T13:48:10","modified_gmt":"2023-06-14T12:48:10","slug":"littlemill-29yo-2019-release","status":"publish","type":"product","link":"https:\/\/whisky.ad\/es\/producto\/littlemill-29yo-2019-release\/","title":{"rendered":"Littlemill 29YO 2019 Release"},"content":{"rendered":"","protected":false},"excerpt":{"rendered":"<p>Littlemill Aged 29 Years &#8211; The 2019 Release es el \u00faltimo lanzamiento de la codiciada colecci\u00f3n Private Cellar de Littlemill. Este exquisito whisky escoc\u00e9s de malta, que se presentar\u00e1 en septiembre, se elabora meticulosamente a partir de l\u00edquido cuidadosamente seleccionado procedente de las \u00faltimas barricas de la emblem\u00e1tica destiler\u00eda Littlemill. Reconocida como la destiler\u00eda con licencia m\u00e1s antigua de Escocia, Littlemill ces\u00f3 su actividad en 1994 y sucumbi\u00f3 tr\u00e1gicamente a un devastador incendio en 2004. Como resultado, este whisky se ha convertido en un producto excepcionalmente raro y muy codiciado por entusiastas y coleccionistas. The Littlemill Aged 29 Years representa la tercera entrega de la Private Cellar Collection, una gama que muestra el estilo &#8220;floral&#8221; tradicional de las Lowlands por el que Littlemill era famoso. En esta versi\u00f3n en particular, el maestro mezclador Michael Henry ha puesto especial \u00e9nfasis en el desarrollo del car\u00e1cter de la madera, dando como resultado una expresi\u00f3n verdaderamente excepcional. S\u00f3lo se pondr\u00e1n a la venta 600 botellas de este extraordinario whisky en todo el mundo. El whisky se presenta elegantemente en un decantador de cristal Glencairn hecho a medida, con un exquisito grabado del r\u00edo Clyde y una estrella plateada que simboliza la ubicaci\u00f3n hist\u00f3rica de la destiler\u00eda. Situada en Bowling, a orillas del r\u00edo Clyde, la proximidad de Littlemill a grandes ciudades como Glasgow y Edimburgo, facilitada por la finalizaci\u00f3n del canal Forth and Clyde en la d\u00e9cada de 1790, desempe\u00f1\u00f3 un papel fundamental en su \u00e9xito. La preciosa caja de presentaci\u00f3n que acompa\u00f1a al whisky incluye una miniatura de 5 cl del l\u00edquido, un trozo de una barrica original de Littlemill y un folleto que profundiza en la cautivadora historia de la destiler\u00eda. En su interior tambi\u00e9n encontrar\u00e1 notas de cata escritas personalmente por el maestro mezclador Michael Henry. La producci\u00f3n de whisky de Littlemill perdur\u00f3 hasta el cierre de la destiler\u00eda en 1994, seguido de su tr\u00e1gica destrucci\u00f3n en el incendio de 2004, sin dejar esperanzas para la producci\u00f3n futura. La edici\u00f3n est\u00e1 limitada a s\u00f3lo 500 botellas numeradas individualmente, cada una de ellas meticulosamente grabada para denotar su exclusividad y coleccionabilidad. <\/p>\n","protected":false},"featured_media":76790,"comment_status":"open","ping_status":"closed","template":"","meta":{"_acf_changed":false},"product_brand":[],"product_cat":[339],"product_tag":[],"class_list":{"0":"post-78842","1":"product","2":"type-product","3":"status-publish","4":"has-post-thumbnail","6":"product_cat-raro-y-coleccionable","8":"first","9":"instock","10":"taxable","11":"shipping-taxable","12":"product-type-simple"},"acf":[],"aioseo_notices":[],"jetpack_sharing_enabled":true,"_links":{"self":[{"href":"https:\/\/whisky.ad\/es\/wp-json\/wp\/v2\/product\/78842","targetHints":{"allow":["GET"]}}],"collection":[{"href":"https:\/\/whisky.ad\/es\/wp-json\/wp\/v2\/product"}],"about":[{"href":"https:\/\/whisky.ad\/es\/wp-json\/wp\/v2\/types\/product"}],"replies":[{"embeddable":true,"href":"https:\/\/whisky.ad\/es\/wp-json\/wp\/v2\/comments?post=78842"}],"wp:featuredmedia":[{"embeddable":true,"href":"https:\/\/whisky.ad\/es\/wp-json\/wp\/v2\/media\/76790"}],"wp:attachment":[{"href":"https:\/\/whisky.ad\/es\/wp-json\/wp\/v2\/media?parent=78842"}],"wp:term":[{"taxonomy":"product_brand","embeddable":true,"href":"https:\/\/whisky.ad\/es\/wp-json\/wp\/v2\/product_brand?post=78842"},{"taxonomy":"product_cat","embeddable":true,"href":"https:\/\/whisky.ad\/es\/wp-json\/wp\/v2\/product_cat?post=78842"},{"taxonomy":"product_tag","embeddable":true,"href":"https:\/\/whisky.ad\/es\/wp-json\/wp\/v2\/product_tag?post=78842"}],"curies":[{"name":"wp","href":"https:\/\/api.w.org\/{rel}","templated":true}]}}