{"id":78839,"date":"2023-06-14T13:41:09","date_gmt":"2023-06-14T12:41:09","guid":{"rendered":"https:\/\/whisky.ad\/product\/littlemill-27yo-2017-release\/"},"modified":"2023-06-14T13:41:09","modified_gmt":"2023-06-14T12:41:09","slug":"littlemill-27yo-2017-release","status":"publish","type":"product","link":"https:\/\/whisky.ad\/es\/producto\/littlemill-27yo-2017-release\/","title":{"rendered":"Littlemill 27YO 2017 Release"},"content":{"rendered":"","protected":false},"excerpt":{"rendered":"<p>El Littlemill Private Release de 2017 fue un lanzamiento especial de whisky de edici\u00f3n limitada. Fue elaborado por el maestro mezclador Michael Henry como homenaje al car\u00e1cter original de la destiler\u00eda Littlemill. El objetivo era capturar el esp\u00edritu m\u00e1s ligero y floral que recuerda al proceso de triple destilaci\u00f3n utilizado durante la era de Duncan Thomas. Para este lanzamiento, se seleccionaron ocho barricas de las destilaciones de 1990. Estas barricas se eligieron por su fuerte car\u00e1cter floral y sus sutiles notas de madera. Las destilaciones tuvieron lugar entre el 11 y el 29 de mayo de 1990. Las barricas se llenaron a una graduaci\u00f3n del 68,8%, lo que les permiti\u00f3 conservar m\u00e1s del car\u00e1cter original de la destiler\u00eda mientras maduraban en barricas de bourbon de relleno. El uso de barricas de bourbon rellenadas tambi\u00e9n aport\u00f3 al whisky una influencia m\u00e1s suave de la madera. Una vez elegidas las barricas, se mezclaron en barricas nuevas de bourbon durante 12 meses antes de embotellarse. El lanzamiento consisti\u00f3 en 500 botellas de edici\u00f3n limitada numeradas individualmente. Cada botella se grab\u00f3 para indicar su car\u00e1cter \u00fanico y exclusivo.  <\/p>\n","protected":false},"featured_media":76784,"comment_status":"open","ping_status":"closed","template":"","meta":{"_acf_changed":false},"product_brand":[],"product_cat":[339],"product_tag":[],"class_list":{"0":"post-78839","1":"product","2":"type-product","3":"status-publish","4":"has-post-thumbnail","6":"product_cat-raro-y-coleccionable","8":"first","9":"instock","10":"taxable","11":"shipping-taxable","12":"product-type-simple"},"acf":[],"aioseo_notices":[],"jetpack_sharing_enabled":true,"_links":{"self":[{"href":"https:\/\/whisky.ad\/es\/wp-json\/wp\/v2\/product\/78839","targetHints":{"allow":["GET"]}}],"collection":[{"href":"https:\/\/whisky.ad\/es\/wp-json\/wp\/v2\/product"}],"about":[{"href":"https:\/\/whisky.ad\/es\/wp-json\/wp\/v2\/types\/product"}],"replies":[{"embeddable":true,"href":"https:\/\/whisky.ad\/es\/wp-json\/wp\/v2\/comments?post=78839"}],"wp:featuredmedia":[{"embeddable":true,"href":"https:\/\/whisky.ad\/es\/wp-json\/wp\/v2\/media\/76784"}],"wp:attachment":[{"href":"https:\/\/whisky.ad\/es\/wp-json\/wp\/v2\/media?parent=78839"}],"wp:term":[{"taxonomy":"product_brand","embeddable":true,"href":"https:\/\/whisky.ad\/es\/wp-json\/wp\/v2\/product_brand?post=78839"},{"taxonomy":"product_cat","embeddable":true,"href":"https:\/\/whisky.ad\/es\/wp-json\/wp\/v2\/product_cat?post=78839"},{"taxonomy":"product_tag","embeddable":true,"href":"https:\/\/whisky.ad\/es\/wp-json\/wp\/v2\/product_tag?post=78839"}],"curies":[{"name":"wp","href":"https:\/\/api.w.org\/{rel}","templated":true}]}}