{"id":78837,"date":"2023-06-14T10:15:18","date_gmt":"2023-06-14T09:15:18","guid":{"rendered":"https:\/\/whisky.ad\/product\/littlemill-25yo-2015-release\/"},"modified":"2023-06-14T10:15:18","modified_gmt":"2023-06-14T09:15:18","slug":"littlemill-25yo-2015-release","status":"publish","type":"product","link":"https:\/\/whisky.ad\/es\/producto\/littlemill-25yo-2015-release\/","title":{"rendered":"Littlemill 25YO 2015 Release"},"content":{"rendered":"","protected":false},"excerpt":{"rendered":"<p>Presentamos la esperad\u00edsima Edici\u00f3n 2015, una extraordinaria creaci\u00f3n de dos renombrados maestros mezcladores, John Petersen y Michael Henry. Con gran precisi\u00f3n, han evaluado meticulosamente las barricas restantes de 1989 y 1990 en el almac\u00e9n de la destiler\u00eda. Tras un cuidadoso examen, han seleccionado 10 barricas que ejemplifican la calidad superior y el estilo distintivo del whisky sin\u00f3nimo de la destiler\u00eda Littlemill. Estas barricas seleccionadas se han combinado ingeniosamente, lo que ha dado lugar a la creaci\u00f3n de un extraordinario whisky de malta \u00fanica Lowland de 25 a\u00f1os. El l\u00edquido de 1989 se deposit\u00f3 elegantemente en la barrica el 17 de diciembre de 1989, a una temperatura de 68,5 grados, mientras que el l\u00edquido de 1990 se encub\u00f3 cuidadosamente entre el 1 y el 4 de abril de 1990, a temperaturas que oscilaban entre 68,6 y 68,7 grados. Originalmente madurado en una combinaci\u00f3n de las mejores barricas de roble americano y europeo, este embotellado inaugural ha sido sometido a un meticuloso proceso de maridaje. Adem\u00e1s, se ha mejorado con un periodo de acabado en exquisitas barricas europeas de Jerez Oloroso de primer llenado, a\u00f1adiendo una capa extra de complejidad y car\u00e1cter. Esta edici\u00f3n limitada consta de 1.500 botellas exquisitamente grabadas, cada una de ellas numerada individualmente, lo que significa su exclusividad. <\/p>\n","protected":false},"featured_media":76772,"comment_status":"open","ping_status":"closed","template":"","meta":{"_acf_changed":false},"product_brand":[],"product_cat":[339],"product_tag":[],"class_list":{"0":"post-78837","1":"product","2":"type-product","3":"status-publish","4":"has-post-thumbnail","6":"product_cat-raro-y-coleccionable","8":"first","9":"instock","10":"taxable","11":"shipping-taxable","12":"product-type-simple"},"acf":[],"aioseo_notices":[],"jetpack_sharing_enabled":true,"_links":{"self":[{"href":"https:\/\/whisky.ad\/es\/wp-json\/wp\/v2\/product\/78837","targetHints":{"allow":["GET"]}}],"collection":[{"href":"https:\/\/whisky.ad\/es\/wp-json\/wp\/v2\/product"}],"about":[{"href":"https:\/\/whisky.ad\/es\/wp-json\/wp\/v2\/types\/product"}],"replies":[{"embeddable":true,"href":"https:\/\/whisky.ad\/es\/wp-json\/wp\/v2\/comments?post=78837"}],"wp:featuredmedia":[{"embeddable":true,"href":"https:\/\/whisky.ad\/es\/wp-json\/wp\/v2\/media\/76772"}],"wp:attachment":[{"href":"https:\/\/whisky.ad\/es\/wp-json\/wp\/v2\/media?parent=78837"}],"wp:term":[{"taxonomy":"product_brand","embeddable":true,"href":"https:\/\/whisky.ad\/es\/wp-json\/wp\/v2\/product_brand?post=78837"},{"taxonomy":"product_cat","embeddable":true,"href":"https:\/\/whisky.ad\/es\/wp-json\/wp\/v2\/product_cat?post=78837"},{"taxonomy":"product_tag","embeddable":true,"href":"https:\/\/whisky.ad\/es\/wp-json\/wp\/v2\/product_tag?post=78837"}],"curies":[{"name":"wp","href":"https:\/\/api.w.org\/{rel}","templated":true}]}}